{"id":735053,"date":"2025-03-03T16:26:04","date_gmt":"2025-03-03T15:26:04","guid":{"rendered":"https:\/\/stoic-curie.212-227-153-4.plesk.page\/producto\/elektrische-kabelverlaengerung-ip67-weiblich-16-ampere-und-maennlich-32-ampere\/"},"modified":"2026-02-24T23:34:58","modified_gmt":"2026-02-24T23:34:58","slug":"elektrische-kabelverlaengerung-ip67-weiblich-16-ampere-und-maennlich-32-ampere","status":"publish","type":"product","link":"https:\/\/stoic-curie.212-227-153-4.plesk.page\/de\/product\/elektrische-kabelverlaengerung-ip67-weiblich-16-ampere-und-maennlich-32-ampere\/","title":{"rendered":"Elektrische Kabelverl\u00e4ngerung IP67 (Weiblich 16 Ampere und M\u00e4nnlich 32 Ampere)"},"content":{"rendered":"<p>Elektrische Kabelverl\u00e4ngerung IP67 (Weiblich 16 Ampere und M\u00e4nnlich 32 Ampere) &#8211; <\/p>\n<p>50 cm Adapterverl\u00e4ngerungskabel mit IP67 wasserdichten CE-Steckdosen und -steckern. 2106651: passt Landstromkabels\u00e4tze mit 16A Stecker auf 32A Landstromsteckdose an. 2106653: passt Landstromkabels\u00e4tze mit 32A Stecker auf 16A Landstromsteckdose an. Warnung: Die maximal zul\u00e4ssige Leistung f\u00fcr beide Kabel betr\u00e4gt 16A &#8211; 240V &#8211; (3KW)<\/p>\n","protected":false},"excerpt":{"rendered":"<p>Elektrische Kabelverl\u00e4ngerung IP67 (Weiblich 16 Ampere und M\u00e4nnlich 32 Ampere) &#8211; 50 cm Adapterverl\u00e4ngerungskabel mit IP67 wasserdichten CE-Steckdosen und -steckern.<\/p>\n","protected":false},"featured_media":5942579,"comment_status":"open","ping_status":"closed","template":"","meta":[],"product_brand":[2167,2830],"product_cat":[1463],"product_tag":[],"class_list":{"0":"post-735053","1":"product","2":"type-product","3":"status-publish","4":"has-post-thumbnail","6":"product_brand-blue-sea-systems","7":"product_brand-blue-sea-systems-de","8":"product_cat-landstrom","10":"first","11":"instock","12":"shipping-taxable","13":"purchasable","14":"product-type-simple"},"_links":{"self":[{"href":"https:\/\/stoic-curie.212-227-153-4.plesk.page\/de\/wp-json\/wp\/v2\/product\/735053","targetHints":{"allow":["GET"]}}],"collection":[{"href":"https:\/\/stoic-curie.212-227-153-4.plesk.page\/de\/wp-json\/wp\/v2\/product"}],"about":[{"href":"https:\/\/stoic-curie.212-227-153-4.plesk.page\/de\/wp-json\/wp\/v2\/types\/product"}],"replies":[{"embeddable":true,"href":"https:\/\/stoic-curie.212-227-153-4.plesk.page\/de\/wp-json\/wp\/v2\/comments?post=735053"}],"version-history":[{"count":0,"href":"https:\/\/stoic-curie.212-227-153-4.plesk.page\/de\/wp-json\/wp\/v2\/product\/735053\/revisions"}],"wp:featuredmedia":[{"embeddable":true,"href":"https:\/\/stoic-curie.212-227-153-4.plesk.page\/de\/wp-json\/wp\/v2\/media\/5942579"}],"wp:attachment":[{"href":"https:\/\/stoic-curie.212-227-153-4.plesk.page\/de\/wp-json\/wp\/v2\/media?parent=735053"}],"wp:term":[{"taxonomy":"product_brand","embeddable":true,"href":"https:\/\/stoic-curie.212-227-153-4.plesk.page\/de\/wp-json\/wp\/v2\/product_brand?post=735053"},{"taxonomy":"product_cat","embeddable":true,"href":"https:\/\/stoic-curie.212-227-153-4.plesk.page\/de\/wp-json\/wp\/v2\/product_cat?post=735053"},{"taxonomy":"product_tag","embeddable":true,"href":"https:\/\/stoic-curie.212-227-153-4.plesk.page\/de\/wp-json\/wp\/v2\/product_tag?post=735053"}],"curies":[{"name":"wp","href":"https:\/\/api.w.org\/{rel}","templated":true}]}}