{"id":735056,"date":"2025-03-03T16:26:04","date_gmt":"2025-03-03T15:26:04","guid":{"rendered":"https:\/\/stoic-curie.212-227-153-4.plesk.page\/producto\/marinco-stromkabel-15-m-lang-32-a\/"},"modified":"2026-02-24T23:34:58","modified_gmt":"2026-02-24T23:34:58","slug":"marinco-stromkabel-15-m-lang-32-a","status":"publish","type":"product","link":"https:\/\/stoic-curie.212-227-153-4.plesk.page\/de\/product\/marinco-stromkabel-15-m-lang-32-a\/","title":{"rendered":"Marinco Stromkabel 15 m lang, 32 A"},"content":{"rendered":"<p>Marinco Stromkabel 15 m lang, 32 A &#8211; <\/p>\n<p>K\u00fcstenstromkabels\u00e4tze mit Marinco-Steckdose und CE IP67-Stecker. Kommt mit Schutzh\u00fclle.<\/p>\n","protected":false},"excerpt":{"rendered":"<p>Marinco Stromkabel 15 m lang, 32 A &#8211; K\u00fcstenstromkabels\u00e4tze mit Marinco-Steckdose und CE IP67-Stecker. Kommt mit Schutzh\u00fclle.<\/p>\n","protected":false},"featured_media":5942583,"comment_status":"open","ping_status":"closed","template":"","meta":[],"product_brand":[3105],"product_cat":[1463],"product_tag":[],"class_list":{"0":"post-735056","1":"product","2":"type-product","3":"status-publish","4":"has-post-thumbnail","6":"product_brand-marinco-de","7":"product_cat-landstrom","9":"first","10":"instock","11":"shipping-taxable","12":"purchasable","13":"product-type-simple"},"_links":{"self":[{"href":"https:\/\/stoic-curie.212-227-153-4.plesk.page\/de\/wp-json\/wp\/v2\/product\/735056","targetHints":{"allow":["GET"]}}],"collection":[{"href":"https:\/\/stoic-curie.212-227-153-4.plesk.page\/de\/wp-json\/wp\/v2\/product"}],"about":[{"href":"https:\/\/stoic-curie.212-227-153-4.plesk.page\/de\/wp-json\/wp\/v2\/types\/product"}],"replies":[{"embeddable":true,"href":"https:\/\/stoic-curie.212-227-153-4.plesk.page\/de\/wp-json\/wp\/v2\/comments?post=735056"}],"version-history":[{"count":0,"href":"https:\/\/stoic-curie.212-227-153-4.plesk.page\/de\/wp-json\/wp\/v2\/product\/735056\/revisions"}],"wp:featuredmedia":[{"embeddable":true,"href":"https:\/\/stoic-curie.212-227-153-4.plesk.page\/de\/wp-json\/wp\/v2\/media\/5942583"}],"wp:attachment":[{"href":"https:\/\/stoic-curie.212-227-153-4.plesk.page\/de\/wp-json\/wp\/v2\/media?parent=735056"}],"wp:term":[{"taxonomy":"product_brand","embeddable":true,"href":"https:\/\/stoic-curie.212-227-153-4.plesk.page\/de\/wp-json\/wp\/v2\/product_brand?post=735056"},{"taxonomy":"product_cat","embeddable":true,"href":"https:\/\/stoic-curie.212-227-153-4.plesk.page\/de\/wp-json\/wp\/v2\/product_cat?post=735056"},{"taxonomy":"product_tag","embeddable":true,"href":"https:\/\/stoic-curie.212-227-153-4.plesk.page\/de\/wp-json\/wp\/v2\/product_tag?post=735056"}],"curies":[{"name":"wp","href":"https:\/\/api.w.org\/{rel}","templated":true}]}}