{"id":735067,"date":"2025-03-03T16:26:07","date_gmt":"2025-03-03T15:26:07","guid":{"rendered":"https:\/\/stoic-curie.212-227-153-4.plesk.page\/producto\/membranpumpe-ocean-12v-20-liter-abgewinkelt\/"},"modified":"2026-02-24T23:34:58","modified_gmt":"2026-02-24T23:34:58","slug":"membranpumpe-ocean-12v-20-liter-abgewinkelt","status":"publish","type":"product","link":"https:\/\/stoic-curie.212-227-153-4.plesk.page\/de\/product\/membranpumpe-ocean-12v-20-liter-abgewinkelt\/","title":{"rendered":"Membranpumpe Ocean 12V 20 Liter (Abgewinkelt)"},"content":{"rendered":"<p>Membranpumpe Ocean 12V 20 Liter (Abgewinkelt) &#8211; <\/p>\n<p>Selbstansaugende Ocean Membranpumpe mit einer H\u00f6he von bis zu 3 m und Doppelr\u00fcckschlagventil. Dank ihres kompakten Designs und des 360\u00b0 drehbaren Kopfes ist sie perfekt f\u00fcr Dusch- oder Waschbeckenabl\u00e4ufe sowie f\u00fcr allgemeine Grauwassersysteme. Sie arbeitet leise, kann trocken laufen und ben\u00f6tigt keinen Filter. Verf\u00fcgbare Modelle: geradlinig oder gewinkelt f\u00fcr enge R\u00e4ume.<\/p>\n","protected":false},"excerpt":{"rendered":"<p>Membranpumpe Ocean 12V 20 Liter (Abgewinkelt) &#8211; Selbstansaugende Ocean Membranpumpe mit einer H\u00f6he von bis zu 3 m und Doppelr\u00fcckschlagventil.<\/p>\n","protected":false},"featured_media":5942214,"comment_status":"open","ping_status":"closed","template":"","meta":[],"product_brand":[3140],"product_cat":[1385,1369,1384],"product_tag":[],"class_list":{"0":"post-735067","1":"product","2":"type-product","3":"status-publish","4":"has-post-thumbnail","6":"product_brand-matromarine-de","7":"product_cat-abwasserpumpen","8":"product_cat-grauwassersysteme","9":"product_cat-wasserkreislaufpumpen","11":"first","12":"instock","13":"shipping-taxable","14":"purchasable","15":"product-type-simple"},"_links":{"self":[{"href":"https:\/\/stoic-curie.212-227-153-4.plesk.page\/de\/wp-json\/wp\/v2\/product\/735067","targetHints":{"allow":["GET"]}}],"collection":[{"href":"https:\/\/stoic-curie.212-227-153-4.plesk.page\/de\/wp-json\/wp\/v2\/product"}],"about":[{"href":"https:\/\/stoic-curie.212-227-153-4.plesk.page\/de\/wp-json\/wp\/v2\/types\/product"}],"replies":[{"embeddable":true,"href":"https:\/\/stoic-curie.212-227-153-4.plesk.page\/de\/wp-json\/wp\/v2\/comments?post=735067"}],"version-history":[{"count":0,"href":"https:\/\/stoic-curie.212-227-153-4.plesk.page\/de\/wp-json\/wp\/v2\/product\/735067\/revisions"}],"wp:featuredmedia":[{"embeddable":true,"href":"https:\/\/stoic-curie.212-227-153-4.plesk.page\/de\/wp-json\/wp\/v2\/media\/5942214"}],"wp:attachment":[{"href":"https:\/\/stoic-curie.212-227-153-4.plesk.page\/de\/wp-json\/wp\/v2\/media?parent=735067"}],"wp:term":[{"taxonomy":"product_brand","embeddable":true,"href":"https:\/\/stoic-curie.212-227-153-4.plesk.page\/de\/wp-json\/wp\/v2\/product_brand?post=735067"},{"taxonomy":"product_cat","embeddable":true,"href":"https:\/\/stoic-curie.212-227-153-4.plesk.page\/de\/wp-json\/wp\/v2\/product_cat?post=735067"},{"taxonomy":"product_tag","embeddable":true,"href":"https:\/\/stoic-curie.212-227-153-4.plesk.page\/de\/wp-json\/wp\/v2\/product_tag?post=735067"}],"curies":[{"name":"wp","href":"https:\/\/api.w.org\/{rel}","templated":true}]}}