{"id":735068,"date":"2025-03-03T16:26:07","date_gmt":"2025-03-03T15:26:07","guid":{"rendered":"https:\/\/stoic-curie.212-227-153-4.plesk.page\/producto\/membranpumpe-ocean-24v-20-liter\/"},"modified":"2026-02-24T23:34:58","modified_gmt":"2026-02-24T23:34:58","slug":"membranpumpe-ocean-24v-20-liter","status":"publish","type":"product","link":"https:\/\/stoic-curie.212-227-153-4.plesk.page\/de\/product\/membranpumpe-ocean-24v-20-liter\/","title":{"rendered":"Membranpumpe Ocean 24V 20 Liter"},"content":{"rendered":"<p>Membranpumpe Ocean 24V 20 Liter &#8211; <\/p>\n<p>Selbstansaugende Ocean Membranpumpe bis zu 3m H\u00f6he mit doppeltem R\u00fcckschlagventil. Dank ihres kompakten Designs und des 360\u00b0 drehbaren Kopfes ist sie perfekt f\u00fcr Dusch- oder Waschbeckenabl\u00e4ufe sowie f\u00fcr allgemeine Grauwasseranwendungen. Sie l\u00e4uft leise, kann trocken laufen und ben\u00f6tigt keinen Filter. Erh\u00e4ltliche Modelle: inline oder schr\u00e4g f\u00fcr enge R\u00e4ume.<\/p>\n","protected":false},"excerpt":{"rendered":"<p>Membranpumpe Ocean 24V 20 Liter &#8211; Selbstansaugende Ocean Membranpumpe bis zu 3m H\u00f6he mit doppeltem R\u00fcckschlagventil. Dank ihres kompakten Designs<\/p>\n","protected":false},"featured_media":5942212,"comment_status":"open","ping_status":"closed","template":"","meta":[],"product_brand":[3140],"product_cat":[1385,1369,1384],"product_tag":[],"class_list":{"0":"post-735068","1":"product","2":"type-product","3":"status-publish","4":"has-post-thumbnail","6":"product_brand-matromarine-de","7":"product_cat-abwasserpumpen","8":"product_cat-grauwassersysteme","9":"product_cat-wasserkreislaufpumpen","11":"first","12":"instock","13":"shipping-taxable","14":"purchasable","15":"product-type-simple"},"_links":{"self":[{"href":"https:\/\/stoic-curie.212-227-153-4.plesk.page\/de\/wp-json\/wp\/v2\/product\/735068","targetHints":{"allow":["GET"]}}],"collection":[{"href":"https:\/\/stoic-curie.212-227-153-4.plesk.page\/de\/wp-json\/wp\/v2\/product"}],"about":[{"href":"https:\/\/stoic-curie.212-227-153-4.plesk.page\/de\/wp-json\/wp\/v2\/types\/product"}],"replies":[{"embeddable":true,"href":"https:\/\/stoic-curie.212-227-153-4.plesk.page\/de\/wp-json\/wp\/v2\/comments?post=735068"}],"version-history":[{"count":0,"href":"https:\/\/stoic-curie.212-227-153-4.plesk.page\/de\/wp-json\/wp\/v2\/product\/735068\/revisions"}],"wp:featuredmedia":[{"embeddable":true,"href":"https:\/\/stoic-curie.212-227-153-4.plesk.page\/de\/wp-json\/wp\/v2\/media\/5942212"}],"wp:attachment":[{"href":"https:\/\/stoic-curie.212-227-153-4.plesk.page\/de\/wp-json\/wp\/v2\/media?parent=735068"}],"wp:term":[{"taxonomy":"product_brand","embeddable":true,"href":"https:\/\/stoic-curie.212-227-153-4.plesk.page\/de\/wp-json\/wp\/v2\/product_brand?post=735068"},{"taxonomy":"product_cat","embeddable":true,"href":"https:\/\/stoic-curie.212-227-153-4.plesk.page\/de\/wp-json\/wp\/v2\/product_cat?post=735068"},{"taxonomy":"product_tag","embeddable":true,"href":"https:\/\/stoic-curie.212-227-153-4.plesk.page\/de\/wp-json\/wp\/v2\/product_tag?post=735068"}],"curies":[{"name":"wp","href":"https:\/\/api.w.org\/{rel}","templated":true}]}}