{"id":735069,"date":"2025-03-03T16:26:07","date_gmt":"2025-03-03T15:26:07","guid":{"rendered":"https:\/\/stoic-curie.212-227-153-4.plesk.page\/producto\/fiberglas-vhf-antenne-glomex-ra106-0-9m\/"},"modified":"2026-02-24T23:34:58","modified_gmt":"2026-02-24T23:34:58","slug":"fiberglas-vhf-antenne-glomex-ra106-0-9m","status":"publish","type":"product","link":"https:\/\/stoic-curie.212-227-153-4.plesk.page\/de\/product\/fiberglas-vhf-antenne-glomex-ra106-0-9m\/","title":{"rendered":"Fiberglas-VHF-Antenne Glomex RA106 0.9m"},"content":{"rendered":"<p>Fiberglas-VHF-Antenne Glomex RA106 0.9m &#8211; <\/p>\n<p>UV-best\u00e4ndige flexible Fiberglas- oder Edelstahl VHF RA106 FME Antenne f\u00fcr jede Art von Boot. Der FME-Anschluss erm\u00f6glicht eine schnelle und einfache Installation dank der angeschlossenen Kabel und Adapter. 5\/8&#8243; x 24 Gewindebasis. 100W \/ 3db \/ 156\/162 MHz \/ 50 Ohm. H\u00f6he: 0,9 m. Mit dem Adapter kann die Antenne auf 1&#8243; x 14 Gewindebasen montiert werden. Der Anschluss erm\u00f6glicht die Verbindung des FME-Gewindes mit dem PL258 Koaxialanschluss.<\/p>\n","protected":false},"excerpt":{"rendered":"<p>Fiberglas-VHF-Antenne Glomex RA106 0.9m &#8211; UV-best\u00e4ndige flexible Fiberglas- oder Edelstahl VHF RA106 FME Antenne f\u00fcr jede Art von Boot. Der<\/p>\n","protected":false},"featured_media":2986039,"comment_status":"open","ping_status":"closed","template":"","meta":[],"product_brand":[2279,2980],"product_cat":[1466],"product_tag":[],"class_list":{"0":"post-735069","1":"product","2":"type-product","3":"status-publish","4":"has-post-thumbnail","6":"product_brand-glomex","7":"product_brand-glomex-de","8":"product_cat-vhf-antennen","10":"first","11":"instock","12":"shipping-taxable","13":"purchasable","14":"product-type-simple"},"_links":{"self":[{"href":"https:\/\/stoic-curie.212-227-153-4.plesk.page\/de\/wp-json\/wp\/v2\/product\/735069","targetHints":{"allow":["GET"]}}],"collection":[{"href":"https:\/\/stoic-curie.212-227-153-4.plesk.page\/de\/wp-json\/wp\/v2\/product"}],"about":[{"href":"https:\/\/stoic-curie.212-227-153-4.plesk.page\/de\/wp-json\/wp\/v2\/types\/product"}],"replies":[{"embeddable":true,"href":"https:\/\/stoic-curie.212-227-153-4.plesk.page\/de\/wp-json\/wp\/v2\/comments?post=735069"}],"version-history":[{"count":0,"href":"https:\/\/stoic-curie.212-227-153-4.plesk.page\/de\/wp-json\/wp\/v2\/product\/735069\/revisions"}],"wp:featuredmedia":[{"embeddable":true,"href":"https:\/\/stoic-curie.212-227-153-4.plesk.page\/de\/wp-json\/"}],"wp:attachment":[{"href":"https:\/\/stoic-curie.212-227-153-4.plesk.page\/de\/wp-json\/wp\/v2\/media?parent=735069"}],"wp:term":[{"taxonomy":"product_brand","embeddable":true,"href":"https:\/\/stoic-curie.212-227-153-4.plesk.page\/de\/wp-json\/wp\/v2\/product_brand?post=735069"},{"taxonomy":"product_cat","embeddable":true,"href":"https:\/\/stoic-curie.212-227-153-4.plesk.page\/de\/wp-json\/wp\/v2\/product_cat?post=735069"},{"taxonomy":"product_tag","embeddable":true,"href":"https:\/\/stoic-curie.212-227-153-4.plesk.page\/de\/wp-json\/wp\/v2\/product_tag?post=735069"}],"curies":[{"name":"wp","href":"https:\/\/api.w.org\/{rel}","templated":true}]}}