{"id":735075,"date":"2025-03-03T16:26:08","date_gmt":"2025-03-03T15:26:08","guid":{"rendered":"https:\/\/stoic-curie.212-227-153-4.plesk.page\/producto\/tragbare-kuehlschraenke-icey-tek-hd-90-l-925-x-460-x-h475-mm\/"},"modified":"2026-02-24T23:34:58","modified_gmt":"2026-02-24T23:34:58","slug":"tragbare-kuehlschraenke-icey-tek-hd-90-l-925-x-460-x-h475-mm","status":"publish","type":"product","link":"https:\/\/stoic-curie.212-227-153-4.plesk.page\/de\/product\/tragbare-kuehlschraenke-icey-tek-hd-90-l-925-x-460-x-h475-mm\/","title":{"rendered":"Tragbarer K\u00fchlschrank Icey-Tek HD 90 l Wei\u00df"},"content":{"rendered":"<p>Tragbarer K\u00fchlschrank Icey-Tek HD 90 l Wei\u00df &#8211; <\/p>\n<p style=\"color: rgb(34, 34, 34); font-family: Arial, Helvetica, sans-serif; font-size: small;\">Entdecken Sie die in Australien hergestellten Icey-Tek-K\u00fchler, die f\u00fcr Fachleute entwickelt wurden, die zuverl\u00e4ssigen Stauraum f\u00fcr Fische und Lebensmittel ben\u00f6tigen. Mit ihrer dichten Isolierung halten diese K\u00fchler Ihre Waren tagelang k\u00fchl und gew\u00e4hrleisten eine optimale Aufbewahrung Ihres Fangs. Jeder K\u00fchler verf\u00fcgt \u00fcber zwei 1-Zoll-Gewinde\u00f6ffnungen mit Kappen, die sich perfekt als lebendes Wassertank f\u00fcr Fische eignen.<\/p>\n<p style=\"color: rgb(34, 34, 34); font-family: Arial, Helvetica, sans-serif; font-size: small;\">Die Icey-Tek-K\u00fchler sind langlebig und mit robusten spritzgegossenen Scharnieren und thermoplastischen Elastomer-Verschl\u00fcssen ausgestattet, sodass sie auch als Sitzgelegenheit dienen k\u00f6nnen. Die Modelle mit 160 und 260 Litern haben einen praktischen Doppelklappdeckel, w\u00e4hrend das 90-Liter-Modell fast ebenso beliebt ist wie die 70-Liter-Version. Diese gr\u00f6\u00dferen Gr\u00f6\u00dfen sind ideal f\u00fcr Familien leidenschaftlicher Angler und Camper. Obwohl sie m\u00f6glicherweise nicht in den Kofferraum der meisten Autos passen, k\u00f6nnen sie leicht auf dem R\u00fccksitz einer Limousine oder im hinteren Bereich eines Nutzfahrzeugs platziert werden. Sie bieten Platz f\u00fcr mittelgro\u00dfe pelagische und gro\u00dfe Riff-Fische, was sie perfekt f\u00fcr Angeltouren und zur Aufbewahrung von Lebensmitteln und Getr\u00e4nken beim Camping oder bei Wochenendausfl\u00fcgen macht. Sie sind auch eine gro\u00dfartige Erg\u00e4nzung f\u00fcr Ihr Zuhause bei Grillpartys und Zusammenk\u00fcnften, da Sie mehrere Kartons Getr\u00e4nke k\u00fchl halten k\u00f6nnen, ohne Ihren K\u00fchlschrank zu benutzen.<\/p>\n<p style=\"color: rgb(34, 34, 34); font-family: Arial, Helvetica, sans-serif; font-size: small;\">Jeder 90-Liter-K\u00fchler ist mit drei schweren, spritzgegossenen Scharnieren ausgestattet, die \u00fcber 90 Grad \u00f6ffnen und es so \u00fcberfl\u00fcssig machen, Seile zum Halten des Deckels zu verwenden.<\/p>\n<p style=\"color: rgb(34, 34, 34); font-family: Arial, Helvetica, sans-serif; font-size: small;\">Die Wandst\u00e4rke variiert von 80 mm im Deckel, wo Isolierung entscheidend ist, bis zu 40 mm bis 45 mm im Boden und an den Seiten. Dieses Design bietet hervorragende W\u00e4rmeisolierung, ohne \u00fcberm\u00e4\u00dfiges Gewicht hinzuzuf\u00fcgen.<\/p>\n<p style=\"color: rgb(34, 34, 34); font-family: Arial, Helvetica, sans-serif; font-size: small;\"><strong>Au\u00dfenma\u00dfe:<\/strong><\/p>\n<ul style=\"color: rgb(34, 34, 34); font-family: Arial, Helvetica, sans-serif; font-size: small;\">\n<li>L\u00e4nge: 925 mm<\/li>\n<li>H\u00f6he: 480 mm<\/li>\n<li>Breite: 470 mm<\/li>\n<\/ul>\n<p style=\"color: rgb(34, 34, 34); font-family: Arial, Helvetica, sans-serif; font-size: small;\"><strong>Innenma\u00dfe:<\/strong><\/p>\n<ul style=\"color: rgb(34, 34, 34); font-family: Arial, Helvetica, sans-serif; font-size: small;\">\n<li>L\u00e4nge: 770 mm<\/li>\n<li>H\u00f6he: 345 mm<\/li>\n<li>Breite: 340 mm<\/li>\n<\/ul>\n<p style=\"color: rgb(34, 34, 34); font-family: Arial, Helvetica, sans-serif; font-size: small;\"><strong>Gewicht:<\/strong>&nbsp;14 kg<br \/><strong>H\u00f6he des Deckels im ge\u00f6ffneten Zustand:<\/strong>&nbsp;935 mm<br \/><strong>Deckelkante:<\/strong>&nbsp;38 mm<\/p>\n","protected":false},"excerpt":{"rendered":"<p>Tragbarer K\u00fchlschrank Icey-Tek HD 90 l Wei\u00df &#8211; Entdecken Sie die in Australien hergestellten Icey-Tek-K\u00fchler, die f\u00fcr Fachleute entwickelt wurden,<\/p>\n","protected":false},"featured_media":5942640,"comment_status":"open","ping_status":"closed","template":"","meta":[],"product_brand":[3005],"product_cat":[1556,1359],"product_tag":[],"class_list":{"0":"post-735075","1":"product","2":"type-product","3":"status-publish","4":"has-post-thumbnail","6":"product_brand-icey-tek-de","7":"product_cat-angelzubehoer","8":"product_cat-kuehlbox-kuehlgeraete","10":"first","11":"instock","12":"shipping-taxable","13":"purchasable","14":"product-type-simple"},"_links":{"self":[{"href":"https:\/\/stoic-curie.212-227-153-4.plesk.page\/de\/wp-json\/wp\/v2\/product\/735075","targetHints":{"allow":["GET"]}}],"collection":[{"href":"https:\/\/stoic-curie.212-227-153-4.plesk.page\/de\/wp-json\/wp\/v2\/product"}],"about":[{"href":"https:\/\/stoic-curie.212-227-153-4.plesk.page\/de\/wp-json\/wp\/v2\/types\/product"}],"replies":[{"embeddable":true,"href":"https:\/\/stoic-curie.212-227-153-4.plesk.page\/de\/wp-json\/wp\/v2\/comments?post=735075"}],"version-history":[{"count":0,"href":"https:\/\/stoic-curie.212-227-153-4.plesk.page\/de\/wp-json\/wp\/v2\/product\/735075\/revisions"}],"wp:featuredmedia":[{"embeddable":true,"href":"https:\/\/stoic-curie.212-227-153-4.plesk.page\/de\/wp-json\/wp\/v2\/media\/5942640"}],"wp:attachment":[{"href":"https:\/\/stoic-curie.212-227-153-4.plesk.page\/de\/wp-json\/wp\/v2\/media?parent=735075"}],"wp:term":[{"taxonomy":"product_brand","embeddable":true,"href":"https:\/\/stoic-curie.212-227-153-4.plesk.page\/de\/wp-json\/wp\/v2\/product_brand?post=735075"},{"taxonomy":"product_cat","embeddable":true,"href":"https:\/\/stoic-curie.212-227-153-4.plesk.page\/de\/wp-json\/wp\/v2\/product_cat?post=735075"},{"taxonomy":"product_tag","embeddable":true,"href":"https:\/\/stoic-curie.212-227-153-4.plesk.page\/de\/wp-json\/wp\/v2\/product_tag?post=735075"}],"curies":[{"name":"wp","href":"https:\/\/api.w.org\/{rel}","templated":true}]}}