{"id":735076,"date":"2025-03-03T16:26:08","date_gmt":"2025-03-03T15:26:08","guid":{"rendered":"https:\/\/stoic-curie.212-227-153-4.plesk.page\/producto\/tragbare-kuehlschraenke-icey-tek-hd-115-l-1100-x-500-x-h490-mm\/"},"modified":"2026-02-24T23:34:58","modified_gmt":"2026-02-24T23:34:58","slug":"tragbare-kuehlschraenke-icey-tek-hd-115-l-1100-x-500-x-h490-mm","status":"publish","type":"product","link":"https:\/\/stoic-curie.212-227-153-4.plesk.page\/de\/product\/tragbare-kuehlschraenke-icey-tek-hd-115-l-1100-x-500-x-h490-mm\/","title":{"rendered":"Tragbare K\u00fchlschr\u00e4nke Icey-Tek Hd 115 l"},"content":{"rendered":"<p>Tragbare K\u00fchlschr\u00e4nke Icey-Tek Hd 115 l &#8211; <\/p>\n<p>Entdecken Sie die in Australien hergestellten Icey-Tek-K\u00fchler, die f\u00fcr Profi-Anwender konzipiert wurden, die zuverl\u00e4ssigen Stauraum f\u00fcr Fisch und Lebensmittel ben\u00f6tigen. Dank ihrer dichten Isolierung k\u00f6nnen diese K\u00fchler die Inhalte tagelang k\u00fchl halten und gew\u00e4hrleisten die optimale Aufbewahrung Ihrer F\u00e4nge. Jeder K\u00fchler verf\u00fcgt \u00fcber zwei 1-Zoll-Gewindebohrungen mit Verschlusskappen, die sich perfekt als Lebendfutterbeh\u00e4lter f\u00fcr Fische nutzen lassen.<\/p>\n<p>Robust gebaut, kommen diese K\u00fchler mit stabilen spritzgegossenen Scharnieren und Verschl\u00fcssen aus thermoplastischem Elastomer, die gleichzeitig als Sitzgelegenheiten dienen k\u00f6nnen. Die Modelle mit 160 Litern und 260 Litern beinhalten einen praktischen doppelt zu \u00f6ffnenden Deckel. Der 115-Liter-K\u00fchler ist besonders bei Anglern, die auf pelagische Fische angeln, beliebt und bietet ausreichend Platz f\u00fcr mittlere F\u00e4nge wie Makrelen bis zu 10 kg; gr\u00f6\u00dfere Fische k\u00f6nnen durch Biegen verstaut werden. Diese K\u00fchler sind auch ideal f\u00fcr einw\u00f6chige Campingausfl\u00fcge und bieten ausreichend Platz f\u00fcr Lebensmittel und Getr\u00e4nke im Langformat.<\/p>\n<p>Jeder 115-Liter-K\u00fchlschrank ist mit vier schweren spritzgegossenen Scharnieren ausgestattet, die sich \u00fcber 90 Grad \u00f6ffnen, sodass das Festbinden der Deckel mit Seilen \u00fcberfl\u00fcssig wird.<\/p>\n<p>Die Wandst\u00e4rke variiert von 80 mm im Deckel, wo die Isolierung entscheidend ist, bis zu 40-45 mm im Boden und an den Seiten. Dieses Design bietet eine hervorragende thermische Isolation, ohne unn\u00f6tiges Gewicht hinzuzuf\u00fcgen.<\/p>\n<p><strong>\u00c4u\u00dfere Abmessungen:<\/strong><\/p>\n<ul>\n<li>L\u00e4nge: 1100 mm<\/li>\n<li>H\u00f6he: 500 mm<\/li>\n<li>Breite: 490 mm<\/li>\n<\/ul>\n<p><strong>Innere Abmessungen:<\/strong><\/p>\n<ul>\n<li>L\u00e4nge: 940 mm<\/li>\n<li>H\u00f6he: 360 mm<\/li>\n<li>Breite: 365 mm<\/li>\n<\/ul>\n<p><strong>Gewicht:<\/strong> 19,5 kg<br \/><strong>H\u00f6he des Deckels bei ge\u00f6ffnetem Zustand:<\/strong> 990 mm<br \/><strong>Deckelrand:<\/strong> 38 mm<\/p>\n","protected":false},"excerpt":{"rendered":"<p>Tragbare K\u00fchlschr\u00e4nke Icey-Tek Hd 115 l &#8211; Entdecken Sie die in Australien hergestellten Icey-Tek-K\u00fchler, die f\u00fcr Profi-Anwender konzipiert wurden, die<\/p>\n","protected":false},"featured_media":5942661,"comment_status":"open","ping_status":"closed","template":"","meta":[],"product_brand":[3005],"product_cat":[1556,1359],"product_tag":[],"class_list":{"0":"post-735076","1":"product","2":"type-product","3":"status-publish","4":"has-post-thumbnail","6":"product_brand-icey-tek-de","7":"product_cat-angelzubehoer","8":"product_cat-kuehlbox-kuehlgeraete","10":"first","11":"instock","12":"shipping-taxable","13":"purchasable","14":"product-type-simple"},"_links":{"self":[{"href":"https:\/\/stoic-curie.212-227-153-4.plesk.page\/de\/wp-json\/wp\/v2\/product\/735076","targetHints":{"allow":["GET"]}}],"collection":[{"href":"https:\/\/stoic-curie.212-227-153-4.plesk.page\/de\/wp-json\/wp\/v2\/product"}],"about":[{"href":"https:\/\/stoic-curie.212-227-153-4.plesk.page\/de\/wp-json\/wp\/v2\/types\/product"}],"replies":[{"embeddable":true,"href":"https:\/\/stoic-curie.212-227-153-4.plesk.page\/de\/wp-json\/wp\/v2\/comments?post=735076"}],"version-history":[{"count":0,"href":"https:\/\/stoic-curie.212-227-153-4.plesk.page\/de\/wp-json\/wp\/v2\/product\/735076\/revisions"}],"wp:featuredmedia":[{"embeddable":true,"href":"https:\/\/stoic-curie.212-227-153-4.plesk.page\/de\/wp-json\/wp\/v2\/media\/5942661"}],"wp:attachment":[{"href":"https:\/\/stoic-curie.212-227-153-4.plesk.page\/de\/wp-json\/wp\/v2\/media?parent=735076"}],"wp:term":[{"taxonomy":"product_brand","embeddable":true,"href":"https:\/\/stoic-curie.212-227-153-4.plesk.page\/de\/wp-json\/wp\/v2\/product_brand?post=735076"},{"taxonomy":"product_cat","embeddable":true,"href":"https:\/\/stoic-curie.212-227-153-4.plesk.page\/de\/wp-json\/wp\/v2\/product_cat?post=735076"},{"taxonomy":"product_tag","embeddable":true,"href":"https:\/\/stoic-curie.212-227-153-4.plesk.page\/de\/wp-json\/wp\/v2\/product_tag?post=735076"}],"curies":[{"name":"wp","href":"https:\/\/api.w.org\/{rel}","templated":true}]}}