{"id":735077,"date":"2025-03-03T16:26:09","date_gmt":"2025-03-03T15:26:09","guid":{"rendered":"https:\/\/stoic-curie.212-227-153-4.plesk.page\/producto\/tragbare-kuehlschraenke-icey-tek-160-l-1290-x-530-x-h525-mm\/"},"modified":"2026-02-24T23:34:58","modified_gmt":"2026-02-24T23:34:58","slug":"tragbare-kuehlschraenke-icey-tek-160-l-1290-x-530-x-h525-mm","status":"publish","type":"product","link":"https:\/\/stoic-curie.212-227-153-4.plesk.page\/de\/product\/tragbare-kuehlschraenke-icey-tek-160-l-1290-x-530-x-h525-mm\/","title":{"rendered":"Tragbare K\u00fchlschr\u00e4nke Icey-Tek 160 l"},"content":{"rendered":"<p>Tragbare K\u00fchlschr\u00e4nke Icey-Tek 160 l &#8211; <\/p>\n<p style=\"color: rgb(34, 34, 34); font-family: Arial, Helvetica, sans-serif; font-size: small;\">Tragbare K\u00fchlboxen Icey-Tek 160lt 1290 x 530 x H525mm. Die Icey Tek K\u00fchlboxen sind sorgf\u00e4ltig in Australien konstruiert, um unter den herausforderndsten Bedingungen standzuhalten, w\u00e4hrend sie die hohen Standards unserer gesch\u00e4tzten Nutzer einhalten. Wir verwenden hochwertige Materialien in unserem Herstellungsprozess, einschlie\u00dflich thermoplastischer Elastomer-Verschl\u00fcsse, die daf\u00fcr entwickelt wurden, hohen Temperaturen ohne Verformung standzuhalten.<\/p>\n<p style=\"color: rgb(34, 34, 34); font-family: Arial, Helvetica, sans-serif; font-size: small;\">Dieser K\u00fchlbox in Gewerbequalit\u00e4t bietet ausreichend Platz f\u00fcr gro\u00dfe F\u00e4nge und stellt sicher, dass Ihre Beute angemessen gek\u00fchlt bleibt. Sie ist ger\u00e4umig genug, um ein aufgebrochenes Elch oder mehrere Rehe unterzubringen und bietet sowohl Vielseitigkeit als auch Robustheit in einem einzigen Ger\u00e4t.<\/p>\n<p style=\"color: rgb(34, 34, 34); font-family: Arial, Helvetica, sans-serif; font-size: small;\">Ideal f\u00fcr das Angeln in offenen Gew\u00e4ssern oder die Jagd auf Gro\u00dfwild, dient diese K\u00fchlbox auch als gro\u00dfes Eisbecken f\u00fcr gesellige Veranstaltungen und als Eisbad f\u00fcr Sportler.<\/p>\n<p style=\"color: rgb(34, 34, 34); font-family: Arial, Helvetica, sans-serif; font-size: small;\"><strong>Robuste Scharniere<\/strong><br \/>Unsere selbstverriegelnden Scharniere sind aus Kunststoff geschwei\u00dft und mit Edelstahl-Schrauben verst\u00e4rkt, was ihre Festigkeit und Zuverl\u00e4ssigkeit erh\u00f6ht.<\/p>\n<p style=\"color: rgb(34, 34, 34); font-family: Arial, Helvetica, sans-serif; font-size: small;\"><strong>Fortschrittliche thermoplastische Verschl\u00fcsse<\/strong><br \/>Diese modernen Verschl\u00fcsse sind korrosionsbest\u00e4ndig, nicht leitend und UV-stabil, was eine dauerhafte Leistung gew\u00e4hrleistet.<\/p>\n<p style=\"color: rgb(34, 34, 34); font-family: Arial, Helvetica, sans-serif; font-size: small;\"><strong>Duale Ablaufstopfen<\/strong><br \/>Das duale 25mm Stopfensystem erm\u00f6glicht m\u00fcheloses Entleeren unter verschiedenen Bedingungen.<\/p>\n<p style=\"color: rgb(34, 34, 34); font-family: Arial, Helvetica, sans-serif; font-size: small;\"><strong>Lebensmittelsicherer Innenraum<\/strong><br \/>Unsere Innenauskleidungen verhindern effektiv Lebensmittelger\u00fcche und Kontamination, was den Reinigungsprozess erleichtert und den Wartungsaufwand minimiert.<\/p>\n<p style=\"color: rgb(34, 34, 34); font-family: Arial, Helvetica, sans-serif; font-size: small;\">Wir bezeichnen dieses Modell als unsere Mackerel K\u00fchlbox, die bequem einen 15 kg Makrele oder eine Juwelenfisch in liegender Position aufnehmen kann. Ein 20 kg Fisch passt auch mit einer leichten Kr\u00fcmmung, und ich habe erfolgreich einen 38 kg Gelbflossen-Thunfisch in dieser Box gelagert.<\/p>\n<p style=\"color: rgb(34, 34, 34); font-family: Arial, Helvetica, sans-serif; font-size: small;\">Angler, die sowohl pelagische als auch Riff-Fische angeln, werden den gro\u00dfz\u00fcgigen Stauraum zu sch\u00e4tzen wissen. Zus\u00e4tzlich kann ein kleiner Beh\u00e4lter oder eine Wanne f\u00fcr Lebensmittel und Getr\u00e4nke im Inneren platziert werden, um sicherzustellen, dass diese von den Fischen getrennt bleiben.<\/p>\n<p style=\"color: rgb(34, 34, 34); font-family: Arial, Helvetica, sans-serif; font-size: small;\">Jede 160L K\u00fchlbox ist mit vier schweren, spritzgegossenen Scharnieren ausgestattet, die sich \u00fcber 90 Grad \u00f6ffnen, sodass keine Seile ben\u00f6tigt werden, um die Deckel in ge\u00f6ffneter Position zu sichern.<\/p>\n<p style=\"color: rgb(34, 34, 34); font-family: Arial, Helvetica, sans-serif; font-size: small;\">Unsere 160-Liter-Boxen verf\u00fcgen \u00fcber ein geteiltes Deckeldesign f\u00fcr einfachen Zugang. Diese Konfiguration erm\u00f6glicht es, nur die H\u00e4lfte des Deckels bei Bedarf zu \u00f6ffnen, w\u00e4hrend das komplette Deckel weiterhin ge\u00f6ffnet werden kann. Die Teilung umfasst eine zus\u00e4tzliche Gummidichtung, um die innere K\u00e4lte aufrechtzuerhalten.<\/p>\n<p style=\"color: rgb(34, 34, 34); font-family: Arial, Helvetica, sans-serif; font-size: small;\">Die Wandst\u00e4rke variiert von 80mm im Deckel, wo Isolierung von gr\u00f6\u00dfter Bedeutung ist, bis zu 40mm bis 45mm im Boden und an den Seiten. Dieses Design bietet eine au\u00dfergew\u00f6hnliche W\u00e4rmed\u00e4mmung, ohne \u00fcberm\u00e4\u00dfiges Gewicht zu verursachen.<\/p>\n<p style=\"color: rgb(34, 34, 34); font-family: Arial, Helvetica, sans-serif; font-size: small;\"><strong>\u00c4u\u00dfere Abmessungen<\/strong><br \/>L\u00e4nge: 1305mm<br \/>H\u00f6he: 535mm<br \/>Breite: 525mm<\/p>\n<p style=\"color: rgb(34, 34, 34); font-family: Arial, Helvetica, sans-serif; font-size: small;\"><strong>Innere Abmessungen<\/strong><br \/>L\u00e4nge: 1125mm<br \/>H\u00f6he: 380mm<br \/>Breite: 390mm<\/p>\n<p style=\"color: rgb(34, 34, 34); font-family: Arial, Helvetica, sans-serif; font-size: small;\"><strong>Gewicht:<\/strong>&nbsp;22kg<\/p>\n","protected":false},"excerpt":{"rendered":"<p>Tragbare K\u00fchlschr\u00e4nke Icey-Tek 160 l &#8211; Tragbare K\u00fchlboxen Icey-Tek 160lt 1290 x 530 x H525mm. Die Icey Tek K\u00fchlboxen sind<\/p>\n","protected":false},"featured_media":5942672,"comment_status":"open","ping_status":"closed","template":"","meta":[],"product_brand":[3005],"product_cat":[1556,1359],"product_tag":[],"class_list":{"0":"post-735077","1":"product","2":"type-product","3":"status-publish","4":"has-post-thumbnail","6":"product_brand-icey-tek-de","7":"product_cat-angelzubehoer","8":"product_cat-kuehlbox-kuehlgeraete","10":"first","11":"instock","12":"shipping-taxable","13":"purchasable","14":"product-type-simple"},"_links":{"self":[{"href":"https:\/\/stoic-curie.212-227-153-4.plesk.page\/de\/wp-json\/wp\/v2\/product\/735077","targetHints":{"allow":["GET"]}}],"collection":[{"href":"https:\/\/stoic-curie.212-227-153-4.plesk.page\/de\/wp-json\/wp\/v2\/product"}],"about":[{"href":"https:\/\/stoic-curie.212-227-153-4.plesk.page\/de\/wp-json\/wp\/v2\/types\/product"}],"replies":[{"embeddable":true,"href":"https:\/\/stoic-curie.212-227-153-4.plesk.page\/de\/wp-json\/wp\/v2\/comments?post=735077"}],"version-history":[{"count":0,"href":"https:\/\/stoic-curie.212-227-153-4.plesk.page\/de\/wp-json\/wp\/v2\/product\/735077\/revisions"}],"wp:featuredmedia":[{"embeddable":true,"href":"https:\/\/stoic-curie.212-227-153-4.plesk.page\/de\/wp-json\/wp\/v2\/media\/5942672"}],"wp:attachment":[{"href":"https:\/\/stoic-curie.212-227-153-4.plesk.page\/de\/wp-json\/wp\/v2\/media?parent=735077"}],"wp:term":[{"taxonomy":"product_brand","embeddable":true,"href":"https:\/\/stoic-curie.212-227-153-4.plesk.page\/de\/wp-json\/wp\/v2\/product_brand?post=735077"},{"taxonomy":"product_cat","embeddable":true,"href":"https:\/\/stoic-curie.212-227-153-4.plesk.page\/de\/wp-json\/wp\/v2\/product_cat?post=735077"},{"taxonomy":"product_tag","embeddable":true,"href":"https:\/\/stoic-curie.212-227-153-4.plesk.page\/de\/wp-json\/wp\/v2\/product_tag?post=735077"}],"curies":[{"name":"wp","href":"https:\/\/api.w.org\/{rel}","templated":true}]}}