{"id":735078,"date":"2025-03-03T16:26:09","date_gmt":"2025-03-03T15:26:09","guid":{"rendered":"https:\/\/stoic-curie.212-227-153-4.plesk.page\/producto\/tragbare-kuehlschraenke-icey-tek-hd-56-l-790-x-420-x-h395-mm\/"},"modified":"2026-02-24T23:34:58","modified_gmt":"2026-02-24T23:34:58","slug":"tragbare-kuehlschraenke-icey-tek-hd-56-l-790-x-420-x-h395-mm","status":"publish","type":"product","link":"https:\/\/stoic-curie.212-227-153-4.plesk.page\/de\/product\/tragbare-kuehlschraenke-icey-tek-hd-56-l-790-x-420-x-h395-mm\/","title":{"rendered":"Tragbare K\u00fchlschr\u00e4nke Icey-Tek Hd 56"},"content":{"rendered":"<p>Tragbare K\u00fchlschr\u00e4nke Icey-Tek Hd 56 &#8211; <\/p>\n<p style=\"color: rgb(34, 34, 34); font-family: Arial, Helvetica, sans-serif; font-size: small;\">Der 56L Icey-Tek tragbare K\u00fchlschrank ist die kompakteste Wahl in ihrer erweiterten Formattreihe. Er ist besonders beliebt bei Anglern und Outdoor-Enthusiasten, erweist sich aber auch als fantastischer K\u00fchler f\u00fcr Zusammenk\u00fcnfte und Grillabende. Seine schlanke, l\u00e4ngliche Form verbessert die Organisation des Inhalts und erm\u00f6glicht einen einfachen Zugriff auf die Gegenst\u00e4nde, ohne m\u00fchsames Kramen im K\u00fchler. Dieses Design ist perfekt geeignet f\u00fcr kleine bis mittelgro\u00dfe Riff- und Spiel-Fische und passt bequem in den Kofferraum der meisten Fahrzeuge oder auf die R\u00fcckbank.<\/p>\n<p style=\"color: rgb(34, 34, 34); font-family: Arial, Helvetica, sans-serif; font-size: small;\">Jede 56L Icebox ist mit drei robusten, spritzgegossenen Scharnieren ausgestattet, die \u00fcber 90 Grad \u00f6ffnen. Diese stabilen Scharniere eliminieren die Notwendigkeit, Seile zu verwenden, um den Deckel vor dem Zur\u00fcckklappen zu sichern.<\/p>\n<p style=\"color: rgb(34, 34, 34); font-family: Arial, Helvetica, sans-serif; font-size: small;\">Spezifikationen:<\/p>\n<ul style=\"color: rgb(34, 34, 34); font-family: Arial, Helvetica, sans-serif; font-size: small;\">\n<li>\u00c4u\u00dfere Abmessungen (B x T x H): 16,5 x 31,1 x 16,1 Zoll<\/li>\n<li>Innere Abmessungen (B x T x H): 11,8 x 25,8 x 12,0 Zoll<\/li>\n<li>Kapazit\u00e4t: 56 Liter<\/li>\n<li>Ablauf: links\/rechts<\/li>\n<li>Gewicht: 22 lbs<\/li>\n<\/ul>\n","protected":false},"excerpt":{"rendered":"<p>Tragbare K\u00fchlschr\u00e4nke Icey-Tek Hd 56 &#8211; Der 56L Icey-Tek tragbare K\u00fchlschrank ist die kompakteste Wahl in ihrer erweiterten Formattreihe. Er<\/p>\n","protected":false},"featured_media":5942683,"comment_status":"open","ping_status":"closed","template":"","meta":[],"product_brand":[3005],"product_cat":[1556,1359],"product_tag":[],"class_list":{"0":"post-735078","1":"product","2":"type-product","3":"status-publish","4":"has-post-thumbnail","6":"product_brand-icey-tek-de","7":"product_cat-angelzubehoer","8":"product_cat-kuehlbox-kuehlgeraete","10":"first","11":"instock","12":"shipping-taxable","13":"purchasable","14":"product-type-simple"},"_links":{"self":[{"href":"https:\/\/stoic-curie.212-227-153-4.plesk.page\/de\/wp-json\/wp\/v2\/product\/735078","targetHints":{"allow":["GET"]}}],"collection":[{"href":"https:\/\/stoic-curie.212-227-153-4.plesk.page\/de\/wp-json\/wp\/v2\/product"}],"about":[{"href":"https:\/\/stoic-curie.212-227-153-4.plesk.page\/de\/wp-json\/wp\/v2\/types\/product"}],"replies":[{"embeddable":true,"href":"https:\/\/stoic-curie.212-227-153-4.plesk.page\/de\/wp-json\/wp\/v2\/comments?post=735078"}],"version-history":[{"count":0,"href":"https:\/\/stoic-curie.212-227-153-4.plesk.page\/de\/wp-json\/wp\/v2\/product\/735078\/revisions"}],"wp:featuredmedia":[{"embeddable":true,"href":"https:\/\/stoic-curie.212-227-153-4.plesk.page\/de\/wp-json\/wp\/v2\/media\/5942683"}],"wp:attachment":[{"href":"https:\/\/stoic-curie.212-227-153-4.plesk.page\/de\/wp-json\/wp\/v2\/media?parent=735078"}],"wp:term":[{"taxonomy":"product_brand","embeddable":true,"href":"https:\/\/stoic-curie.212-227-153-4.plesk.page\/de\/wp-json\/wp\/v2\/product_brand?post=735078"},{"taxonomy":"product_cat","embeddable":true,"href":"https:\/\/stoic-curie.212-227-153-4.plesk.page\/de\/wp-json\/wp\/v2\/product_cat?post=735078"},{"taxonomy":"product_tag","embeddable":true,"href":"https:\/\/stoic-curie.212-227-153-4.plesk.page\/de\/wp-json\/wp\/v2\/product_tag?post=735078"}],"curies":[{"name":"wp","href":"https:\/\/api.w.org\/{rel}","templated":true}]}}