{"id":735079,"date":"2025-03-03T16:26:09","date_gmt":"2025-03-03T15:26:09","guid":{"rendered":"https:\/\/stoic-curie.212-227-153-4.plesk.page\/producto\/tragbare-kuehlschraenke-icey-tek-hd-70-l-855-x-430-x-h445-mm\/"},"modified":"2026-02-24T23:34:58","modified_gmt":"2026-02-24T23:34:58","slug":"tragbare-kuehlschraenke-icey-tek-hd-70-l-855-x-430-x-h445-mm","status":"publish","type":"product","link":"https:\/\/stoic-curie.212-227-153-4.plesk.page\/de\/product\/tragbare-kuehlschraenke-icey-tek-hd-70-l-855-x-430-x-h445-mm\/","title":{"rendered":"Tragbarer K\u00fchlschrank Icey-Tek HD 70 Liter Wei\u00df"},"content":{"rendered":"<p>Tragbarer K\u00fchlschrank Icey-Tek HD 70 Liter Wei\u00df &#8211; <\/p>\n<p style=\"color: rgb(34, 34, 34); font-family: Arial, Helvetica, sans-serif; font-size: small;\">Die 70L Eisbox ist unser meistverkauftes Modell und eine hervorragende Wahl f\u00fcr Ihren ersten K\u00fchler. Ihr langes Design ist ideal f\u00fcr mittelgro\u00dfe Angelausfl\u00fcge und bietet ausreichend Platz f\u00fcr Lebensmittel und Vorr\u00e4te f\u00fcr 2 bis 3 Personen an einem Wochenende. Sie passt bequem in den Kofferraum der meisten Autos oder kann auf dem R\u00fccksitz oder in der Ladefl\u00e4che Ihres Trucks platziert werden.<\/p>\n<p style=\"color: rgb(34, 34, 34); font-family: Arial, Helvetica, sans-serif; font-size: small;\">Unsere Icey-Tek K\u00fchler sind perfekt f\u00fcr professionelle und Freizeitanwendungen geeignet und gew\u00e4hrleisten eine optimale Aufbewahrung von Fisch und Lebensmitteln. Dank ihrer dichten Isolierung k\u00f6nnen sie die Inhalte mehrere Tage lang k\u00fchl halten. Jeder K\u00fchler verf\u00fcgt \u00fcber zwei 1-Zoll-Gewindebohrungen mit Kappen, die als lebende Brunnen f\u00fcr Fische verwendet werden k\u00f6nnen. Diese K\u00fchler sind robust und mit stabilen spritzgegossenen Scharnieren und Klemmen aus thermoplastischem Elastomer ausgestattet, sodass sie auch als Sitzgelegenheit verwendet werden k\u00f6nnen.<\/p>\n<p style=\"color: rgb(34, 34, 34); font-family: Arial, Helvetica, sans-serif; font-size: small;\">Die Modelle 160L und 260L sind mit einem doppelt zu \u00f6ffnenden Klappdeckel ausgestattet, was zus\u00e4tzlichen Komfort bietet.<\/p>\n<p style=\"color: rgb(34, 34, 34); font-family: Arial, Helvetica, sans-serif; font-size: small;\">Jede 70L Eisbox ist mit drei schweren spritzgegossenen Scharnieren ausgestattet, die \u00fcber 90 Grad stoppt, sodass keine Seile ben\u00f6tigt werden, um die Deckel offen zu halten.<\/p>\n<p style=\"color: rgb(34, 34, 34); font-family: Arial, Helvetica, sans-serif; font-size: small;\">Die Wandst\u00e4rke variiert von 80 mm im Deckel, wo die Isolierung entscheidend ist, bis zu 40 mm bis 45 mm im Boden und an den Seiten. Dieses Design bietet hervorragende W\u00e4rmed\u00e4mmung, ohne unn\u00f6tiges Gewicht hinzuzuf\u00fcgen.<\/p>\n<p style=\"color: rgb(34, 34, 34); font-family: Arial, Helvetica, sans-serif; font-size: small;\"><strong>\u00c4u\u00dfere Abmessungen:<\/strong><\/p>\n<ul style=\"color: rgb(34, 34, 34); font-family: Arial, Helvetica, sans-serif; font-size: small;\">\n<li> L\u00e4nge: 855 mm<\/li>\n<li> H\u00f6he: 445 mm<\/li>\n<li> Breite: 435 mm<\/li>\n<\/ul>\n<p style=\"color: rgb(34, 34, 34); font-family: Arial, Helvetica, sans-serif; font-size: small;\"><strong>Innere Abmessungen:<\/strong><\/p>\n<ul style=\"color: rgb(34, 34, 34); font-family: Arial, Helvetica, sans-serif; font-size: small;\">\n<li> L\u00e4nge: 695 mm<\/li>\n<li> H\u00f6he: 320 mm<\/li>\n<li> Breite: 310 mm<\/li>\n<\/ul>\n<p style=\"color: rgb(34, 34, 34); font-family: Arial, Helvetica, sans-serif; font-size: small;\"><strong>Gewicht:<\/strong>&nbsp;12,5 kg<br \/><strong>H\u00f6he des Deckels, wenn offen:<\/strong>&nbsp;875 mm<br \/><strong>Deckelrand:<\/strong>&nbsp;28 mm<\/p>\n","protected":false},"excerpt":{"rendered":"<p>Tragbarer K\u00fchlschrank Icey-Tek HD 70 Liter Wei\u00df &#8211; Die 70L Eisbox ist unser meistverkauftes Modell und eine hervorragende Wahl f\u00fcr<\/p>\n","protected":false},"featured_media":5942683,"comment_status":"open","ping_status":"closed","template":"","meta":[],"product_brand":[3005],"product_cat":[1556,1359],"product_tag":[],"class_list":{"0":"post-735079","1":"product","2":"type-product","3":"status-publish","4":"has-post-thumbnail","6":"product_brand-icey-tek-de","7":"product_cat-angelzubehoer","8":"product_cat-kuehlbox-kuehlgeraete","10":"first","11":"instock","12":"shipping-taxable","13":"purchasable","14":"product-type-simple"},"_links":{"self":[{"href":"https:\/\/stoic-curie.212-227-153-4.plesk.page\/de\/wp-json\/wp\/v2\/product\/735079","targetHints":{"allow":["GET"]}}],"collection":[{"href":"https:\/\/stoic-curie.212-227-153-4.plesk.page\/de\/wp-json\/wp\/v2\/product"}],"about":[{"href":"https:\/\/stoic-curie.212-227-153-4.plesk.page\/de\/wp-json\/wp\/v2\/types\/product"}],"replies":[{"embeddable":true,"href":"https:\/\/stoic-curie.212-227-153-4.plesk.page\/de\/wp-json\/wp\/v2\/comments?post=735079"}],"version-history":[{"count":0,"href":"https:\/\/stoic-curie.212-227-153-4.plesk.page\/de\/wp-json\/wp\/v2\/product\/735079\/revisions"}],"wp:featuredmedia":[{"embeddable":true,"href":"https:\/\/stoic-curie.212-227-153-4.plesk.page\/de\/wp-json\/wp\/v2\/media\/5942683"}],"wp:attachment":[{"href":"https:\/\/stoic-curie.212-227-153-4.plesk.page\/de\/wp-json\/wp\/v2\/media?parent=735079"}],"wp:term":[{"taxonomy":"product_brand","embeddable":true,"href":"https:\/\/stoic-curie.212-227-153-4.plesk.page\/de\/wp-json\/wp\/v2\/product_brand?post=735079"},{"taxonomy":"product_cat","embeddable":true,"href":"https:\/\/stoic-curie.212-227-153-4.plesk.page\/de\/wp-json\/wp\/v2\/product_cat?post=735079"},{"taxonomy":"product_tag","embeddable":true,"href":"https:\/\/stoic-curie.212-227-153-4.plesk.page\/de\/wp-json\/wp\/v2\/product_tag?post=735079"}],"curies":[{"name":"wp","href":"https:\/\/api.w.org\/{rel}","templated":true}]}}