{"id":735082,"date":"2025-03-03T16:26:10","date_gmt":"2025-03-03T15:26:10","guid":{"rendered":"https:\/\/stoic-curie.212-227-153-4.plesk.page\/producto\/kissen-fuer-icey-tek-kuehlschraenke-90-l\/"},"modified":"2026-02-24T23:34:58","modified_gmt":"2026-02-24T23:34:58","slug":"kissen-fuer-icey-tek-kuehlschraenke-90-l","status":"publish","type":"product","link":"https:\/\/stoic-curie.212-227-153-4.plesk.page\/de\/product\/kissen-fuer-icey-tek-kuehlschraenke-90-l\/","title":{"rendered":"Kissen f\u00fcr Icey-Tek K\u00fchlschr\u00e4nke 90 l"},"content":{"rendered":"<p>Kissen f\u00fcr Icey-Tek K\u00fchlschr\u00e4nke 90 l &#8211; <\/p>\n<p>Wasserfeste Schaumstoff-Kompositkissen f\u00fcr Icey-Tek tragbare K\u00fchlboxen. Sie sind dank der 3M Klebeseite am K\u00fchlbox-Sitz befestigt.<\/p>\n","protected":false},"excerpt":{"rendered":"<p>Kissen f\u00fcr Icey-Tek K\u00fchlschr\u00e4nke 90 l &#8211; Wasserfeste Schaumstoff-Kompositkissen f\u00fcr Icey-Tek tragbare K\u00fchlboxen. Sie sind dank der 3M Klebeseite am<\/p>\n","protected":false},"featured_media":5942694,"comment_status":"open","ping_status":"closed","template":"","meta":[],"product_brand":[3005],"product_cat":[1359],"product_tag":[],"class_list":{"0":"post-735082","1":"product","2":"type-product","3":"status-publish","4":"has-post-thumbnail","6":"product_brand-icey-tek-de","7":"product_cat-kuehlbox-kuehlgeraete","9":"first","10":"instock","11":"shipping-taxable","12":"purchasable","13":"product-type-simple"},"_links":{"self":[{"href":"https:\/\/stoic-curie.212-227-153-4.plesk.page\/de\/wp-json\/wp\/v2\/product\/735082","targetHints":{"allow":["GET"]}}],"collection":[{"href":"https:\/\/stoic-curie.212-227-153-4.plesk.page\/de\/wp-json\/wp\/v2\/product"}],"about":[{"href":"https:\/\/stoic-curie.212-227-153-4.plesk.page\/de\/wp-json\/wp\/v2\/types\/product"}],"replies":[{"embeddable":true,"href":"https:\/\/stoic-curie.212-227-153-4.plesk.page\/de\/wp-json\/wp\/v2\/comments?post=735082"}],"version-history":[{"count":0,"href":"https:\/\/stoic-curie.212-227-153-4.plesk.page\/de\/wp-json\/wp\/v2\/product\/735082\/revisions"}],"wp:featuredmedia":[{"embeddable":true,"href":"https:\/\/stoic-curie.212-227-153-4.plesk.page\/de\/wp-json\/wp\/v2\/media\/5942694"}],"wp:attachment":[{"href":"https:\/\/stoic-curie.212-227-153-4.plesk.page\/de\/wp-json\/wp\/v2\/media?parent=735082"}],"wp:term":[{"taxonomy":"product_brand","embeddable":true,"href":"https:\/\/stoic-curie.212-227-153-4.plesk.page\/de\/wp-json\/wp\/v2\/product_brand?post=735082"},{"taxonomy":"product_cat","embeddable":true,"href":"https:\/\/stoic-curie.212-227-153-4.plesk.page\/de\/wp-json\/wp\/v2\/product_cat?post=735082"},{"taxonomy":"product_tag","embeddable":true,"href":"https:\/\/stoic-curie.212-227-153-4.plesk.page\/de\/wp-json\/wp\/v2\/product_tag?post=735082"}],"curies":[{"name":"wp","href":"https:\/\/api.w.org\/{rel}","templated":true}]}}