{"id":735087,"date":"2025-03-03T16:26:11","date_gmt":"2025-03-03T15:26:11","guid":{"rendered":"https:\/\/stoic-curie.212-227-153-4.plesk.page\/producto\/ultragard-dockkanten-schutzstossstange-schwarz-890x127x57mm\/"},"modified":"2026-02-24T23:34:58","modified_gmt":"2026-02-24T23:34:58","slug":"ultragard-dockkanten-schutzstossstange-schwarz-890x127x57mm","status":"publish","type":"product","link":"https:\/\/stoic-curie.212-227-153-4.plesk.page\/de\/product\/ultragard-dockkanten-schutzstossstange-schwarz-890x127x57mm\/","title":{"rendered":"UltraGard Dockkanten-Schutzsto\u00dfstange Schwarz &#8211; 890x127x57mm"},"content":{"rendered":"<p>UltraGard Dockkanten-Schutzsto\u00dfstange Schwarz &#8211; 890x127x57mm &#8211; <\/p>\n<p>Schutzpuffer f\u00fcr Docks, Pontons und f\u00fcr jegliche Schutzanwendung. Kann auch an Masten und leicht gew\u00f6lbten Fl\u00e4chen montiert werden. Hergestellt aus UV- und salzwasserbest\u00e4ndigem PVC in Marinequalit\u00e4t. Unempfindlich gegen\u00fcber \u00d6l, mit Fungiziden behandelt, verblasst oder verschlei\u00dft nicht und hinterl\u00e4sst keine Spuren auf dem Gelcoat des Boots.<\/p>\n","protected":false},"excerpt":{"rendered":"<p>UltraGard Dockkanten-Schutzsto\u00dfstange Schwarz &#8211; 890x127x57mm &#8211; Schutzpuffer f\u00fcr Docks, Pontons und f\u00fcr jegliche Schutzanwendung. Kann auch an Masten und leicht<\/p>\n","protected":false},"featured_media":5942734,"comment_status":"open","ping_status":"closed","template":"","meta":[],"product_brand":[2885],"product_cat":[1562],"product_tag":[],"class_list":{"0":"post-735087","1":"product","2":"type-product","3":"status-publish","4":"has-post-thumbnail","6":"product_brand-dock-edge-de","7":"product_cat-anlegestossdaempfer","9":"first","10":"instock","11":"shipping-taxable","12":"purchasable","13":"product-type-simple"},"_links":{"self":[{"href":"https:\/\/stoic-curie.212-227-153-4.plesk.page\/de\/wp-json\/wp\/v2\/product\/735087","targetHints":{"allow":["GET"]}}],"collection":[{"href":"https:\/\/stoic-curie.212-227-153-4.plesk.page\/de\/wp-json\/wp\/v2\/product"}],"about":[{"href":"https:\/\/stoic-curie.212-227-153-4.plesk.page\/de\/wp-json\/wp\/v2\/types\/product"}],"replies":[{"embeddable":true,"href":"https:\/\/stoic-curie.212-227-153-4.plesk.page\/de\/wp-json\/wp\/v2\/comments?post=735087"}],"version-history":[{"count":0,"href":"https:\/\/stoic-curie.212-227-153-4.plesk.page\/de\/wp-json\/wp\/v2\/product\/735087\/revisions"}],"wp:featuredmedia":[{"embeddable":true,"href":"https:\/\/stoic-curie.212-227-153-4.plesk.page\/de\/wp-json\/wp\/v2\/media\/5942734"}],"wp:attachment":[{"href":"https:\/\/stoic-curie.212-227-153-4.plesk.page\/de\/wp-json\/wp\/v2\/media?parent=735087"}],"wp:term":[{"taxonomy":"product_brand","embeddable":true,"href":"https:\/\/stoic-curie.212-227-153-4.plesk.page\/de\/wp-json\/wp\/v2\/product_brand?post=735087"},{"taxonomy":"product_cat","embeddable":true,"href":"https:\/\/stoic-curie.212-227-153-4.plesk.page\/de\/wp-json\/wp\/v2\/product_cat?post=735087"},{"taxonomy":"product_tag","embeddable":true,"href":"https:\/\/stoic-curie.212-227-153-4.plesk.page\/de\/wp-json\/wp\/v2\/product_tag?post=735087"}],"curies":[{"name":"wp","href":"https:\/\/api.w.org\/{rel}","templated":true}]}}