{"id":735088,"date":"2025-03-03T16:26:11","date_gmt":"2025-03-03T15:26:11","guid":{"rendered":"https:\/\/stoic-curie.212-227-153-4.plesk.page\/producto\/dock-edge-classic-klampe-216x60mm\/"},"modified":"2026-02-24T23:34:58","modified_gmt":"2026-02-24T23:34:58","slug":"dock-edge-classic-klampe-216x60mm","status":"publish","type":"product","link":"https:\/\/stoic-curie.212-227-153-4.plesk.page\/de\/product\/dock-edge-classic-klampe-216x60mm\/","title":{"rendered":"Dock Edge Classic Klampe 216x60mm"},"content":{"rendered":"<p>Dock Edge Classic Klampe 216x60mm &#8211; <\/p>\n<p>Marinegrad Almag 35 pulverbeschichteter wei\u00dfer Aluminiumsknecht f\u00fcr Docks, Pontons und Fischerboote. Basis mit 4 Montaged L\u00f6chern.<\/p>\n","protected":false},"excerpt":{"rendered":"<p>Dock Edge Classic Klampe 216x60mm &#8211; Marinegrad Almag 35 pulverbeschichteter wei\u00dfer Aluminiumsknecht f\u00fcr Docks, Pontons und Fischerboote. Basis mit 4<\/p>\n","protected":false},"featured_media":5942738,"comment_status":"open","ping_status":"closed","template":"","meta":[],"product_brand":[2885],"product_cat":[1425],"product_tag":[],"class_list":{"0":"post-735088","1":"product","2":"type-product","3":"status-publish","4":"has-post-thumbnail","6":"product_brand-dock-edge-de","7":"product_cat-deckkpoller","9":"first","10":"instock","11":"shipping-taxable","12":"purchasable","13":"product-type-simple"},"_links":{"self":[{"href":"https:\/\/stoic-curie.212-227-153-4.plesk.page\/de\/wp-json\/wp\/v2\/product\/735088","targetHints":{"allow":["GET"]}}],"collection":[{"href":"https:\/\/stoic-curie.212-227-153-4.plesk.page\/de\/wp-json\/wp\/v2\/product"}],"about":[{"href":"https:\/\/stoic-curie.212-227-153-4.plesk.page\/de\/wp-json\/wp\/v2\/types\/product"}],"replies":[{"embeddable":true,"href":"https:\/\/stoic-curie.212-227-153-4.plesk.page\/de\/wp-json\/wp\/v2\/comments?post=735088"}],"version-history":[{"count":0,"href":"https:\/\/stoic-curie.212-227-153-4.plesk.page\/de\/wp-json\/wp\/v2\/product\/735088\/revisions"}],"wp:featuredmedia":[{"embeddable":true,"href":"https:\/\/stoic-curie.212-227-153-4.plesk.page\/de\/wp-json\/wp\/v2\/media\/5942738"}],"wp:attachment":[{"href":"https:\/\/stoic-curie.212-227-153-4.plesk.page\/de\/wp-json\/wp\/v2\/media?parent=735088"}],"wp:term":[{"taxonomy":"product_brand","embeddable":true,"href":"https:\/\/stoic-curie.212-227-153-4.plesk.page\/de\/wp-json\/wp\/v2\/product_brand?post=735088"},{"taxonomy":"product_cat","embeddable":true,"href":"https:\/\/stoic-curie.212-227-153-4.plesk.page\/de\/wp-json\/wp\/v2\/product_cat?post=735088"},{"taxonomy":"product_tag","embeddable":true,"href":"https:\/\/stoic-curie.212-227-153-4.plesk.page\/de\/wp-json\/wp\/v2\/product_tag?post=735088"}],"curies":[{"name":"wp","href":"https:\/\/api.w.org\/{rel}","templated":true}]}}