{"id":735090,"date":"2025-03-03T16:26:11","date_gmt":"2025-03-03T15:26:11","guid":{"rendered":"https:\/\/stoic-curie.212-227-153-4.plesk.page\/producto\/dock-edge-klappklampe-216x30mm\/"},"modified":"2026-02-24T23:34:58","modified_gmt":"2026-02-24T23:34:58","slug":"dock-edge-klappklampe-216x30mm","status":"publish","type":"product","link":"https:\/\/stoic-curie.212-227-153-4.plesk.page\/de\/product\/dock-edge-klappklampe-216x30mm\/","title":{"rendered":"Dock Edge Klappklampe 216x30mm"},"content":{"rendered":"<p>Dock Edge Klappklampe 216x30mm &#8211; <\/p>\n<p>Marinequalit\u00e4t Almag 35 pulverbeschichteter wei\u00dfer Aluminium-Klappschnabel f\u00fcr Docks, Pontons und Fischboote. Basis mit 2 oder 3 Befestigungsbohrungen.<\/p>\n","protected":false},"excerpt":{"rendered":"<p>Dock Edge Klappklampe 216x30mm &#8211; Marinequalit\u00e4t Almag 35 pulverbeschichteter wei\u00dfer Aluminium-Klappschnabel f\u00fcr Docks, Pontons und Fischboote. Basis mit 2 oder<\/p>\n","protected":false},"featured_media":5942743,"comment_status":"open","ping_status":"closed","template":"","meta":[],"product_brand":[2885],"product_cat":[1425],"product_tag":[],"class_list":{"0":"post-735090","1":"product","2":"type-product","3":"status-publish","4":"has-post-thumbnail","6":"product_brand-dock-edge-de","7":"product_cat-deckkpoller","9":"first","10":"instock","11":"shipping-taxable","12":"purchasable","13":"product-type-simple"},"_links":{"self":[{"href":"https:\/\/stoic-curie.212-227-153-4.plesk.page\/de\/wp-json\/wp\/v2\/product\/735090","targetHints":{"allow":["GET"]}}],"collection":[{"href":"https:\/\/stoic-curie.212-227-153-4.plesk.page\/de\/wp-json\/wp\/v2\/product"}],"about":[{"href":"https:\/\/stoic-curie.212-227-153-4.plesk.page\/de\/wp-json\/wp\/v2\/types\/product"}],"replies":[{"embeddable":true,"href":"https:\/\/stoic-curie.212-227-153-4.plesk.page\/de\/wp-json\/wp\/v2\/comments?post=735090"}],"version-history":[{"count":0,"href":"https:\/\/stoic-curie.212-227-153-4.plesk.page\/de\/wp-json\/wp\/v2\/product\/735090\/revisions"}],"wp:featuredmedia":[{"embeddable":true,"href":"https:\/\/stoic-curie.212-227-153-4.plesk.page\/de\/wp-json\/wp\/v2\/media\/5942743"}],"wp:attachment":[{"href":"https:\/\/stoic-curie.212-227-153-4.plesk.page\/de\/wp-json\/wp\/v2\/media?parent=735090"}],"wp:term":[{"taxonomy":"product_brand","embeddable":true,"href":"https:\/\/stoic-curie.212-227-153-4.plesk.page\/de\/wp-json\/wp\/v2\/product_brand?post=735090"},{"taxonomy":"product_cat","embeddable":true,"href":"https:\/\/stoic-curie.212-227-153-4.plesk.page\/de\/wp-json\/wp\/v2\/product_cat?post=735090"},{"taxonomy":"product_tag","embeddable":true,"href":"https:\/\/stoic-curie.212-227-153-4.plesk.page\/de\/wp-json\/wp\/v2\/product_tag?post=735090"}],"curies":[{"name":"wp","href":"https:\/\/api.w.org\/{rel}","templated":true}]}}