{"id":735098,"date":"2025-03-03T16:26:13","date_gmt":"2025-03-03T15:26:13","guid":{"rendered":"https:\/\/stoic-curie.212-227-153-4.plesk.page\/producto\/latzhose-helly-hansen-pier-2-grau-groesse-xxl\/"},"modified":"2026-02-24T23:34:58","modified_gmt":"2026-02-24T23:34:58","slug":"latzhose-helly-hansen-pier-2-grau-groesse-xxl","status":"publish","type":"product","link":"https:\/\/stoic-curie.212-227-153-4.plesk.page\/de\/product\/latzhose-helly-hansen-pier-2-grau-groesse-xxl\/","title":{"rendered":"Latzhose Helly Hansen Pier 2 Grau &#8211; Gr\u00f6\u00dfe XXL"},"content":{"rendered":"<p>Latzhose Helly Hansen Pier 2 Grau &#8211; Gr\u00f6\u00dfe XXL &#8211; <\/p>\n<p>Die Helly Hansen Pier 3.0 Hose ist ideal f\u00fcr alle K\u00fcsten- oder Bootsaktivit\u00e4ten. Sie besteht aus HellyTech Performance 2-lagigem Material, das mit langlebiger Wasserabweisung (DWR) behandelt wurde und wasserdicht, winddicht und atmungsaktiv ist. Mit vollst\u00e4ndig versiegelten N\u00e4hten, schnell trocknender Mesh-F\u00fctterung, Verst\u00e4rkungen an Sitz und Knien, hohem R\u00fccken mit verstellbaren Tr\u00e4gern, verstellbarem Bund, zwei-Wege-Frontrei\u00dfverschluss, Cargo-Tasche, verstellbaren Bein\u00f6ffnungen sowie ergonomisch geformtem Sitz und Knien.<\/p>\n","protected":false},"excerpt":{"rendered":"<p>Latzhose Helly Hansen Pier 2 Grau &#8211; Gr\u00f6\u00dfe XXL &#8211; Die Helly Hansen Pier 3.0 Hose ist ideal f\u00fcr alle<\/p>\n","protected":false},"featured_media":5942751,"comment_status":"open","ping_status":"closed","template":"","meta":[],"product_brand":[3000],"product_cat":[1570],"product_tag":[],"class_list":{"0":"post-735098","1":"product","2":"type-product","3":"status-publish","4":"has-post-thumbnail","6":"product_brand-helly-hansen-de","7":"product_cat-nautische-bekleidung-helly-hansen","9":"first","10":"instock","11":"shipping-taxable","12":"purchasable","13":"product-type-simple"},"_links":{"self":[{"href":"https:\/\/stoic-curie.212-227-153-4.plesk.page\/de\/wp-json\/wp\/v2\/product\/735098","targetHints":{"allow":["GET"]}}],"collection":[{"href":"https:\/\/stoic-curie.212-227-153-4.plesk.page\/de\/wp-json\/wp\/v2\/product"}],"about":[{"href":"https:\/\/stoic-curie.212-227-153-4.plesk.page\/de\/wp-json\/wp\/v2\/types\/product"}],"replies":[{"embeddable":true,"href":"https:\/\/stoic-curie.212-227-153-4.plesk.page\/de\/wp-json\/wp\/v2\/comments?post=735098"}],"version-history":[{"count":0,"href":"https:\/\/stoic-curie.212-227-153-4.plesk.page\/de\/wp-json\/wp\/v2\/product\/735098\/revisions"}],"wp:featuredmedia":[{"embeddable":true,"href":"https:\/\/stoic-curie.212-227-153-4.plesk.page\/de\/wp-json\/wp\/v2\/media\/5942751"}],"wp:attachment":[{"href":"https:\/\/stoic-curie.212-227-153-4.plesk.page\/de\/wp-json\/wp\/v2\/media?parent=735098"}],"wp:term":[{"taxonomy":"product_brand","embeddable":true,"href":"https:\/\/stoic-curie.212-227-153-4.plesk.page\/de\/wp-json\/wp\/v2\/product_brand?post=735098"},{"taxonomy":"product_cat","embeddable":true,"href":"https:\/\/stoic-curie.212-227-153-4.plesk.page\/de\/wp-json\/wp\/v2\/product_cat?post=735098"},{"taxonomy":"product_tag","embeddable":true,"href":"https:\/\/stoic-curie.212-227-153-4.plesk.page\/de\/wp-json\/wp\/v2\/product_tag?post=735098"}],"curies":[{"name":"wp","href":"https:\/\/api.w.org\/{rel}","templated":true}]}}