{"id":735101,"date":"2025-03-03T16:26:13","date_gmt":"2025-03-03T15:26:13","guid":{"rendered":"https:\/\/stoic-curie.212-227-153-4.plesk.page\/producto\/jacke-helly-hansen-pier-3-0-blau-damen-groesse-l\/"},"modified":"2026-02-24T23:34:58","modified_gmt":"2026-02-24T23:34:58","slug":"jacke-helly-hansen-pier-3-0-blau-damen-groesse-l","status":"publish","type":"product","link":"https:\/\/stoic-curie.212-227-153-4.plesk.page\/de\/product\/jacke-helly-hansen-pier-3-0-blau-damen-groesse-l\/","title":{"rendered":"Jacke Helly Hansen Pier 3.0 Blau Damen &#8211; Gr\u00f6\u00dfe L"},"content":{"rendered":"<p>Jacke Helly Hansen Pier 3.0 Blau Damen &#8211; Gr\u00f6\u00dfe L &#8211; <\/p>\n<p>Die Helly Hansen Pier 3.0 Jacke ist ideal f\u00fcr alle Aktivit\u00e4ten an der K\u00fcste oder beim Bootfahren. Sie besteht aus HellyTech Performance mit einer 2-lagigen Konstruktion und ist mit einer dauerhaften Wasserabweisung (DWR) behandelt. Diese Jacke ist wasserdicht, winddicht und atmungsaktiv. Sie verf\u00fcgt \u00fcber vollst\u00e4ndig versiegelte N\u00e4hte, ein schnell trocknendes Mesh-Futter, eine Sturmklappe, zweifach verstellbare Manschetten, einen verstellbaren Saum und Bund, Handw\u00e4rmer-Taschen, vorgeformte \u00c4rmel, einen hochsch\u00fctzenden Fleece-Kragen sowie eine verstellbare Kapuze mit hoher Sichtbarkeit nach EN471 und reflektierenden Elementen, die den Solas-Vorgaben entsprechen.<\/p>\n","protected":false},"excerpt":{"rendered":"<p>Jacke Helly Hansen Pier 3.0 Blau Damen &#8211; Gr\u00f6\u00dfe L &#8211; Die Helly Hansen Pier 3.0 Jacke ist ideal f\u00fcr<\/p>\n","protected":false},"featured_media":5942758,"comment_status":"open","ping_status":"closed","template":"","meta":[],"product_brand":[3000],"product_cat":[1570],"product_tag":[],"class_list":{"0":"post-735101","1":"product","2":"type-product","3":"status-publish","4":"has-post-thumbnail","6":"product_brand-helly-hansen-de","7":"product_cat-nautische-bekleidung-helly-hansen","9":"first","10":"instock","11":"shipping-taxable","12":"purchasable","13":"product-type-simple"},"_links":{"self":[{"href":"https:\/\/stoic-curie.212-227-153-4.plesk.page\/de\/wp-json\/wp\/v2\/product\/735101","targetHints":{"allow":["GET"]}}],"collection":[{"href":"https:\/\/stoic-curie.212-227-153-4.plesk.page\/de\/wp-json\/wp\/v2\/product"}],"about":[{"href":"https:\/\/stoic-curie.212-227-153-4.plesk.page\/de\/wp-json\/wp\/v2\/types\/product"}],"replies":[{"embeddable":true,"href":"https:\/\/stoic-curie.212-227-153-4.plesk.page\/de\/wp-json\/wp\/v2\/comments?post=735101"}],"version-history":[{"count":0,"href":"https:\/\/stoic-curie.212-227-153-4.plesk.page\/de\/wp-json\/wp\/v2\/product\/735101\/revisions"}],"wp:featuredmedia":[{"embeddable":true,"href":"https:\/\/stoic-curie.212-227-153-4.plesk.page\/de\/wp-json\/wp\/v2\/media\/5942758"}],"wp:attachment":[{"href":"https:\/\/stoic-curie.212-227-153-4.plesk.page\/de\/wp-json\/wp\/v2\/media?parent=735101"}],"wp:term":[{"taxonomy":"product_brand","embeddable":true,"href":"https:\/\/stoic-curie.212-227-153-4.plesk.page\/de\/wp-json\/wp\/v2\/product_brand?post=735101"},{"taxonomy":"product_cat","embeddable":true,"href":"https:\/\/stoic-curie.212-227-153-4.plesk.page\/de\/wp-json\/wp\/v2\/product_cat?post=735101"},{"taxonomy":"product_tag","embeddable":true,"href":"https:\/\/stoic-curie.212-227-153-4.plesk.page\/de\/wp-json\/wp\/v2\/product_tag?post=735101"}],"curies":[{"name":"wp","href":"https:\/\/api.w.org\/{rel}","templated":true}]}}