{"id":735104,"date":"2025-03-03T16:26:14","date_gmt":"2025-03-03T15:26:14","guid":{"rendered":"https:\/\/stoic-curie.212-227-153-4.plesk.page\/producto\/latzhose-helly-hansen-pier-2-blau-frau-groesse-m\/"},"modified":"2026-02-24T23:34:58","modified_gmt":"2026-02-24T23:34:58","slug":"latzhose-helly-hansen-pier-2-blau-frau-groesse-m","status":"publish","type":"product","link":"https:\/\/stoic-curie.212-227-153-4.plesk.page\/de\/product\/latzhose-helly-hansen-pier-2-blau-frau-groesse-m\/","title":{"rendered":"Latzhose Helly Hansen Pier 2 Blau Frau &#8211; Gr\u00f6\u00dfe M"},"content":{"rendered":"<p>Latzhose Helly Hansen Pier 2 Blau Frau &#8211; Gr\u00f6\u00dfe M &#8211; <\/p>\n<p>Die Helly Hansen Pier 3.0 Hose ist ideal f\u00fcr alle K\u00fcsten- oder Bootsaktivit\u00e4ten. Mit der HellyTech Performance 2-lagigen Konstruktion und einer robusten Wasserabweisung (DWR) ist sie wasserdicht, winddicht und atmungsaktiv. Sie verf\u00fcgt \u00fcber vollst\u00e4ndig versiegelte N\u00e4hte, ein schnelltrocknendes Mesh-Futter, Verst\u00e4rkungen am Ges\u00e4\u00df und an den Knien, einen hohen R\u00fccken mit verstellbaren Tr\u00e4gern, eine verstellbare Taille, einen zweig\u00e4ngigen Frontrei\u00dfverschluss, eine Cargotasche, verstellbare Bein\u00f6ffnungen sowie einen formgerechten Sitz und Knie.<\/p>\n","protected":false},"excerpt":{"rendered":"<p>Latzhose Helly Hansen Pier 2 Blau Frau &#8211; Gr\u00f6\u00dfe M &#8211; Die Helly Hansen Pier 3.0 Hose ist ideal f\u00fcr<\/p>\n","protected":false},"featured_media":5942763,"comment_status":"open","ping_status":"closed","template":"","meta":[],"product_brand":[3000],"product_cat":[1570],"product_tag":[],"class_list":{"0":"post-735104","1":"product","2":"type-product","3":"status-publish","4":"has-post-thumbnail","6":"product_brand-helly-hansen-de","7":"product_cat-nautische-bekleidung-helly-hansen","9":"first","10":"instock","11":"shipping-taxable","12":"purchasable","13":"product-type-simple"},"_links":{"self":[{"href":"https:\/\/stoic-curie.212-227-153-4.plesk.page\/de\/wp-json\/wp\/v2\/product\/735104","targetHints":{"allow":["GET"]}}],"collection":[{"href":"https:\/\/stoic-curie.212-227-153-4.plesk.page\/de\/wp-json\/wp\/v2\/product"}],"about":[{"href":"https:\/\/stoic-curie.212-227-153-4.plesk.page\/de\/wp-json\/wp\/v2\/types\/product"}],"replies":[{"embeddable":true,"href":"https:\/\/stoic-curie.212-227-153-4.plesk.page\/de\/wp-json\/wp\/v2\/comments?post=735104"}],"version-history":[{"count":0,"href":"https:\/\/stoic-curie.212-227-153-4.plesk.page\/de\/wp-json\/wp\/v2\/product\/735104\/revisions"}],"wp:featuredmedia":[{"embeddable":true,"href":"https:\/\/stoic-curie.212-227-153-4.plesk.page\/de\/wp-json\/wp\/v2\/media\/5942763"}],"wp:attachment":[{"href":"https:\/\/stoic-curie.212-227-153-4.plesk.page\/de\/wp-json\/wp\/v2\/media?parent=735104"}],"wp:term":[{"taxonomy":"product_brand","embeddable":true,"href":"https:\/\/stoic-curie.212-227-153-4.plesk.page\/de\/wp-json\/wp\/v2\/product_brand?post=735104"},{"taxonomy":"product_cat","embeddable":true,"href":"https:\/\/stoic-curie.212-227-153-4.plesk.page\/de\/wp-json\/wp\/v2\/product_cat?post=735104"},{"taxonomy":"product_tag","embeddable":true,"href":"https:\/\/stoic-curie.212-227-153-4.plesk.page\/de\/wp-json\/wp\/v2\/product_tag?post=735104"}],"curies":[{"name":"wp","href":"https:\/\/api.w.org\/{rel}","templated":true}]}}