{"id":735116,"date":"2025-03-03T16:26:16","date_gmt":"2025-03-03T15:26:16","guid":{"rendered":"https:\/\/stoic-curie.212-227-153-4.plesk.page\/producto\/bootasy-ghook-bootsfanglinien-uebergang\/"},"modified":"2026-02-24T23:34:58","modified_gmt":"2026-02-24T23:34:58","slug":"bootasy-ghook-bootsfanglinien-uebergang","status":"publish","type":"product","link":"https:\/\/stoic-curie.212-227-153-4.plesk.page\/de\/product\/bootasy-ghook-bootsfanglinien-uebergang\/","title":{"rendered":"Bootasy Ghook Bootsfanglinien-\u00dcbergang"},"content":{"rendered":"<p>Bootasy Ghook Bootsfanglinien-\u00dcbergang &#8211; <\/p>\n<p>Verst\u00e4rkter Kunststoff Boatasy GHook Moorleine\u00fcbertragung f\u00fcr einfaches, schnelles und sauberes Festmachen. Erm\u00f6glicht eine einfache und sichere R\u00fcckholung der Leine, wodurch Schmutz und Handverletzungen vermieden werden. Dank des 7 cm breiten drehbaren Rades kann jedes Seil oder jede Leine ganz einfach mit einer Hand aus dem Wasser gehoben und zum Festmacherpunkt transferiert werden.<\/p>\n","protected":false},"excerpt":{"rendered":"<p>Bootasy Ghook Bootsfanglinien-\u00dcbergang &#8211; Verst\u00e4rkter Kunststoff Boatasy GHook Moorleine\u00fcbertragung f\u00fcr einfaches, schnelles und sauberes Festmachen. Erm\u00f6glicht eine einfache und sichere<\/p>\n","protected":false},"featured_media":5942789,"comment_status":"open","ping_status":"closed","template":"","meta":[],"product_brand":[2835],"product_cat":[1329],"product_tag":[],"class_list":{"0":"post-735116","1":"product","2":"type-product","3":"status-publish","4":"has-post-thumbnail","6":"product_brand-boatasy-de","7":"product_cat-festmacher-und-anlegehaken","9":"first","10":"outofstock","11":"shipping-taxable","12":"purchasable","13":"product-type-simple"},"_links":{"self":[{"href":"https:\/\/stoic-curie.212-227-153-4.plesk.page\/de\/wp-json\/wp\/v2\/product\/735116","targetHints":{"allow":["GET"]}}],"collection":[{"href":"https:\/\/stoic-curie.212-227-153-4.plesk.page\/de\/wp-json\/wp\/v2\/product"}],"about":[{"href":"https:\/\/stoic-curie.212-227-153-4.plesk.page\/de\/wp-json\/wp\/v2\/types\/product"}],"replies":[{"embeddable":true,"href":"https:\/\/stoic-curie.212-227-153-4.plesk.page\/de\/wp-json\/wp\/v2\/comments?post=735116"}],"version-history":[{"count":0,"href":"https:\/\/stoic-curie.212-227-153-4.plesk.page\/de\/wp-json\/wp\/v2\/product\/735116\/revisions"}],"wp:featuredmedia":[{"embeddable":true,"href":"https:\/\/stoic-curie.212-227-153-4.plesk.page\/de\/wp-json\/wp\/v2\/media\/5942789"}],"wp:attachment":[{"href":"https:\/\/stoic-curie.212-227-153-4.plesk.page\/de\/wp-json\/wp\/v2\/media?parent=735116"}],"wp:term":[{"taxonomy":"product_brand","embeddable":true,"href":"https:\/\/stoic-curie.212-227-153-4.plesk.page\/de\/wp-json\/wp\/v2\/product_brand?post=735116"},{"taxonomy":"product_cat","embeddable":true,"href":"https:\/\/stoic-curie.212-227-153-4.plesk.page\/de\/wp-json\/wp\/v2\/product_cat?post=735116"},{"taxonomy":"product_tag","embeddable":true,"href":"https:\/\/stoic-curie.212-227-153-4.plesk.page\/de\/wp-json\/wp\/v2\/product_tag?post=735116"}],"curies":[{"name":"wp","href":"https:\/\/api.w.org\/{rel}","templated":true}]}}