{"id":735121,"date":"2025-03-03T16:26:17","date_gmt":"2025-03-03T15:26:17","guid":{"rendered":"https:\/\/stoic-curie.212-227-153-4.plesk.page\/producto\/graue-kunststoffluken-fuer-boote-606-x-357-mm\/"},"modified":"2026-02-24T23:34:58","modified_gmt":"2026-02-24T23:34:58","slug":"graue-kunststoffluken-fuer-boote-606-x-357-mm","status":"publish","type":"product","link":"https:\/\/stoic-curie.212-227-153-4.plesk.page\/de\/product\/graue-kunststoffluken-fuer-boote-606-x-357-mm\/","title":{"rendered":"Graue Kunststoffluken f\u00fcr Boote 606 x 357 mm"},"content":{"rendered":"<p>Graue Kunststoffluken f\u00fcr Boote 606 x 357 mm &#8211; <\/p>\n<p>UV-best\u00e4ndiges ABS ASA mit einem 180\u00b0-\u00d6ffnungsbereich, begehbare und wasserdichte Zugangsluke. Die Luke verf\u00fcgt \u00fcber ein doppeltes \u00d6ffnungssystem: klassisch und herausziehbar. Das herausziehbare System erm\u00f6glicht das \u00d6ffnen der Luke in engen R\u00e4umen. Montierbar auf dem Deck oder der Wand.<\/p>\n","protected":false},"excerpt":{"rendered":"<p>Graue Kunststoffluken f\u00fcr Boote 606 x 357 mm &#8211; UV-best\u00e4ndiges ABS ASA mit einem 180\u00b0-\u00d6ffnungsbereich, begehbare und wasserdichte Zugangsluke. Die<\/p>\n","protected":false},"featured_media":2989074,"comment_status":"open","ping_status":"closed","template":"","meta":[],"product_brand":[2855,2161],"product_cat":[1408],"product_tag":[],"class_list":{"0":"post-735121","1":"product","2":"type-product","3":"status-publish","4":"has-post-thumbnail","6":"product_brand-can-marine-de","7":"product_brand-can-marine","8":"product_cat-kunststoffluken","10":"first","11":"outofstock","12":"shipping-taxable","13":"purchasable","14":"product-type-simple"},"_links":{"self":[{"href":"https:\/\/stoic-curie.212-227-153-4.plesk.page\/de\/wp-json\/wp\/v2\/product\/735121","targetHints":{"allow":["GET"]}}],"collection":[{"href":"https:\/\/stoic-curie.212-227-153-4.plesk.page\/de\/wp-json\/wp\/v2\/product"}],"about":[{"href":"https:\/\/stoic-curie.212-227-153-4.plesk.page\/de\/wp-json\/wp\/v2\/types\/product"}],"replies":[{"embeddable":true,"href":"https:\/\/stoic-curie.212-227-153-4.plesk.page\/de\/wp-json\/wp\/v2\/comments?post=735121"}],"version-history":[{"count":0,"href":"https:\/\/stoic-curie.212-227-153-4.plesk.page\/de\/wp-json\/wp\/v2\/product\/735121\/revisions"}],"wp:featuredmedia":[{"embeddable":true,"href":"https:\/\/stoic-curie.212-227-153-4.plesk.page\/de\/wp-json\/"}],"wp:attachment":[{"href":"https:\/\/stoic-curie.212-227-153-4.plesk.page\/de\/wp-json\/wp\/v2\/media?parent=735121"}],"wp:term":[{"taxonomy":"product_brand","embeddable":true,"href":"https:\/\/stoic-curie.212-227-153-4.plesk.page\/de\/wp-json\/wp\/v2\/product_brand?post=735121"},{"taxonomy":"product_cat","embeddable":true,"href":"https:\/\/stoic-curie.212-227-153-4.plesk.page\/de\/wp-json\/wp\/v2\/product_cat?post=735121"},{"taxonomy":"product_tag","embeddable":true,"href":"https:\/\/stoic-curie.212-227-153-4.plesk.page\/de\/wp-json\/wp\/v2\/product_tag?post=735121"}],"curies":[{"name":"wp","href":"https:\/\/api.w.org\/{rel}","templated":true}]}}