{"id":735123,"date":"2025-03-03T16:26:17","date_gmt":"2025-03-03T15:26:17","guid":{"rendered":"https:\/\/stoic-curie.212-227-153-4.plesk.page\/producto\/umlenkrolle-master-windrider-doppelt-57mm-fuer-leinen-bis-10mm\/"},"modified":"2026-02-24T23:34:58","modified_gmt":"2026-02-24T23:34:58","slug":"umlenkrolle-master-windrider-doppelt-57mm-fuer-leinen-bis-10mm","status":"publish","type":"product","link":"https:\/\/stoic-curie.212-227-153-4.plesk.page\/de\/product\/umlenkrolle-master-windrider-doppelt-57mm-fuer-leinen-bis-10mm\/","title":{"rendered":"Umlenkrolle Master Windrider Doppelt 57mm f\u00fcr Leinen bis 10mm"},"content":{"rendered":"<p>Umlenkrolle Master Windrider Doppelt 57mm f\u00fcr Leinen bis 10mm &#8211; <\/p>\n<p>Die Master-Komposit-Low-Friction-Kugellagerbl\u00f6cke wurden f\u00fcr den Wettsegeln entwickelt. Die hochfesten Komposit-Seitenplatten bieten eine optimale Leistung bei Arbeitslasten. Sch\u00f6ne Gestaltung und einfache Handhabung.<br \/>Kugellager: selbstschmierenden Acetal-Komposit<br \/>Scheibendurchmesser 57 mm: selbstschmierenden Acetal-Komposit<br \/>Backen: verst\u00e4rktes Glasfaser-Nylon-Komposit, UV-stabilisiert<br \/>Schwenkarretierung: geschmiedeter Edelstahl der G\u00fcteklasse 316<br \/>WL: Arbeitslast<br \/>BL: Bruchlast<br \/>HINWEIS: Die Arbeits-\/Bruchlast der Bl\u00f6cke mit Cam basiert auf der Festigkeit der Cam.<\/p>\n","protected":false},"excerpt":{"rendered":"<p>Umlenkrolle Master Windrider Doppelt 57mm f\u00fcr Leinen bis 10mm &#8211; Die Master-Komposit-Low-Friction-Kugellagerbl\u00f6cke wurden f\u00fcr den Wettsegeln entwickelt. Die hochfesten Komposit-Seitenplatten<\/p>\n","protected":false},"featured_media":5942814,"comment_status":"open","ping_status":"closed","template":"","meta":[],"product_brand":[3130],"product_cat":[1483],"product_tag":[],"class_list":{"0":"post-735123","1":"product","2":"type-product","3":"status-publish","4":"has-post-thumbnail","6":"product_brand-master-de","7":"product_cat-master-bloecke","9":"first","10":"instock","11":"shipping-taxable","12":"purchasable","13":"product-type-simple"},"_links":{"self":[{"href":"https:\/\/stoic-curie.212-227-153-4.plesk.page\/de\/wp-json\/wp\/v2\/product\/735123","targetHints":{"allow":["GET"]}}],"collection":[{"href":"https:\/\/stoic-curie.212-227-153-4.plesk.page\/de\/wp-json\/wp\/v2\/product"}],"about":[{"href":"https:\/\/stoic-curie.212-227-153-4.plesk.page\/de\/wp-json\/wp\/v2\/types\/product"}],"replies":[{"embeddable":true,"href":"https:\/\/stoic-curie.212-227-153-4.plesk.page\/de\/wp-json\/wp\/v2\/comments?post=735123"}],"version-history":[{"count":0,"href":"https:\/\/stoic-curie.212-227-153-4.plesk.page\/de\/wp-json\/wp\/v2\/product\/735123\/revisions"}],"wp:featuredmedia":[{"embeddable":true,"href":"https:\/\/stoic-curie.212-227-153-4.plesk.page\/de\/wp-json\/wp\/v2\/media\/5942814"}],"wp:attachment":[{"href":"https:\/\/stoic-curie.212-227-153-4.plesk.page\/de\/wp-json\/wp\/v2\/media?parent=735123"}],"wp:term":[{"taxonomy":"product_brand","embeddable":true,"href":"https:\/\/stoic-curie.212-227-153-4.plesk.page\/de\/wp-json\/wp\/v2\/product_brand?post=735123"},{"taxonomy":"product_cat","embeddable":true,"href":"https:\/\/stoic-curie.212-227-153-4.plesk.page\/de\/wp-json\/wp\/v2\/product_cat?post=735123"},{"taxonomy":"product_tag","embeddable":true,"href":"https:\/\/stoic-curie.212-227-153-4.plesk.page\/de\/wp-json\/wp\/v2\/product_tag?post=735123"}],"curies":[{"name":"wp","href":"https:\/\/api.w.org\/{rel}","templated":true}]}}