{"id":735126,"date":"2025-03-03T16:26:18","date_gmt":"2025-03-03T15:26:18","guid":{"rendered":"https:\/\/stoic-curie.212-227-153-4.plesk.page\/producto\/kuehlschrank-vitrifrigo-dw42rfx-42lt-12-24v\/"},"modified":"2026-02-24T23:34:58","modified_gmt":"2026-02-24T23:34:58","slug":"kuehlschrank-vitrifrigo-dw42rfx-42lt-12-24v","status":"publish","type":"product","link":"https:\/\/stoic-curie.212-227-153-4.plesk.page\/de\/product\/kuehlschrank-vitrifrigo-dw42rfx-42lt-12-24v\/","title":{"rendered":"K\u00fchlschrank Vitrifrigo DW42LP"},"content":{"rendered":"<p>K\u00fchlschrank Vitrifrigo DW42LP &#8211; <\/p>\n<p style=\"color: rgb(34, 34, 34); font-family: Arial, Helvetica, sans-serif; font-size: small;\">Pr\u00e4sentation des DW42LP OCX2 K\u00fchlschranks aus Edelstahl von Vitrifrigo, eine Premium-Wahl f\u00fcr Bootsbesitzer, die zuverl\u00e4ssige K\u00fchll\u00f6sungen suchen. Dieses Modell verf\u00fcgt \u00fcber ein robustes Edelstahl-Au\u00dfengeh\u00e4use und ist mit einer externen Danfoss-K\u00fchlungseinheit f\u00fcr 12\/24V ausgestattet, die bis zu 2 Meter entfernt platziert werden kann (0,5 Meter f\u00fcr den DW35). Das Design umfasst eine Schublade, die in Zeiten der Nichtbenutzung bel\u00fcftet werden kann, um eine optimale Leistung zu gew\u00e4hrleisten.<\/p>\n<p style=\"color: rgb(34, 34, 34); font-family: Arial, Helvetica, sans-serif; font-size: small;\">Mit einem Gesamtvolumen von 42 Litern ist der DW42 OCX2 RFX K\u00fchlschrank Teil der OCX2-Serie und ideal f\u00fcr alle, die eine effiziente Lagerung ben\u00f6tigen. Er bietet einen positiven Schnappverschluss an der Schublade, der speziell entwickelt wurde, um unbeabsichtigtes \u00d6ffnen zu verhindern. Dar\u00fcber hinaus enth\u00e4lt die T\u00fcr ein innovatives &#8220;Ventilationsposition&#8221;-System im Griff, das eine teilweise \u00d6ffnung bei Nichtbenutzung erm\u00f6glicht. Dieses Merkmal hilft nicht nur, Schimmel und unangenehme Ger\u00fcche zu verhindern, sondern verbessert auch die Lebensmittelkonservierung.<\/p>\n<p style=\"color: rgb(34, 34, 34); font-family: Arial, Helvetica, sans-serif; font-size: small;\">Hauptspezifikationen:<\/p>\n<ul style=\"color: rgb(34, 34, 34); font-family: Arial, Helvetica, sans-serif; font-size: small;\">\n<li>T\u00fcrfinish: Edelstahl<\/li>\n<li>Kapazit\u00e4t: 42 Liter<\/li>\n<li>H\u00f6he: 545 mm<\/li>\n<li>L\u00e4nge: 443 mm<\/li>\n<li>Tiefe: 380 mm<\/li>\n<li>Serie: DW OCX2<\/li>\n<li>Umkehrbare T\u00fcr: Nein<\/li>\n<li>Thermostat: Mechanisch<\/li>\n<li>K\u00fchltechnologie: Kompressor<\/li>\n<li>K\u00fchlungseinheit: Extern<\/li>\n<li>T\u00fcr\u00f6ffnung: Schublade<\/li>\n<li>Spannung: 12\/24 VDC<\/li>\n<\/ul>\n<p style=\"color: rgb(34, 34, 34); font-family: Arial, Helvetica, sans-serif; font-size: small;\">Dieser K\u00fchlschrank kombiniert Funktionalit\u00e4t mit fortschrittlichen Features und ist eine hervorragende Erg\u00e4nzung f\u00fcr die Ausr\u00fcstung Ihres Bootes.<\/p>\n","protected":false},"excerpt":{"rendered":"<p>K\u00fchlschrank Vitrifrigo DW42LP &#8211; Pr\u00e4sentation des DW42LP OCX2 K\u00fchlschranks aus Edelstahl von Vitrifrigo, eine Premium-Wahl f\u00fcr Bootsbesitzer, die zuverl\u00e4ssige K\u00fchll\u00f6sungen<\/p>\n","protected":false},"featured_media":5942823,"comment_status":"open","ping_status":"closed","template":"","meta":[],"product_brand":[3525],"product_cat":[1464],"product_tag":[],"class_list":{"0":"post-735126","1":"product","2":"type-product","3":"status-publish","4":"has-post-thumbnail","6":"product_brand-vitrifrigo-de","7":"product_cat-kuehlschraenke-und-gefriertruhen","9":"first","10":"instock","11":"shipping-taxable","12":"purchasable","13":"product-type-simple"},"_links":{"self":[{"href":"https:\/\/stoic-curie.212-227-153-4.plesk.page\/de\/wp-json\/wp\/v2\/product\/735126","targetHints":{"allow":["GET"]}}],"collection":[{"href":"https:\/\/stoic-curie.212-227-153-4.plesk.page\/de\/wp-json\/wp\/v2\/product"}],"about":[{"href":"https:\/\/stoic-curie.212-227-153-4.plesk.page\/de\/wp-json\/wp\/v2\/types\/product"}],"replies":[{"embeddable":true,"href":"https:\/\/stoic-curie.212-227-153-4.plesk.page\/de\/wp-json\/wp\/v2\/comments?post=735126"}],"version-history":[{"count":0,"href":"https:\/\/stoic-curie.212-227-153-4.plesk.page\/de\/wp-json\/wp\/v2\/product\/735126\/revisions"}],"wp:featuredmedia":[{"embeddable":true,"href":"https:\/\/stoic-curie.212-227-153-4.plesk.page\/de\/wp-json\/wp\/v2\/media\/5942823"}],"wp:attachment":[{"href":"https:\/\/stoic-curie.212-227-153-4.plesk.page\/de\/wp-json\/wp\/v2\/media?parent=735126"}],"wp:term":[{"taxonomy":"product_brand","embeddable":true,"href":"https:\/\/stoic-curie.212-227-153-4.plesk.page\/de\/wp-json\/wp\/v2\/product_brand?post=735126"},{"taxonomy":"product_cat","embeddable":true,"href":"https:\/\/stoic-curie.212-227-153-4.plesk.page\/de\/wp-json\/wp\/v2\/product_cat?post=735126"},{"taxonomy":"product_tag","embeddable":true,"href":"https:\/\/stoic-curie.212-227-153-4.plesk.page\/de\/wp-json\/wp\/v2\/product_tag?post=735126"}],"curies":[{"name":"wp","href":"https:\/\/api.w.org\/{rel}","templated":true}]}}