{"id":735127,"date":"2025-03-03T16:26:18","date_gmt":"2025-03-03T15:26:18","guid":{"rendered":"https:\/\/stoic-curie.212-227-153-4.plesk.page\/producto\/gangway-in-kohlefaser-220x39-cm\/"},"modified":"2026-02-24T23:34:58","modified_gmt":"2026-02-24T23:34:58","slug":"gangway-in-kohlefaser-220x39-cm","status":"publish","type":"product","link":"https:\/\/stoic-curie.212-227-153-4.plesk.page\/de\/product\/gangway-in-kohlefaser-220x39-cm\/","title":{"rendered":"Gangway in Kohlefaser 220&#215;39 cm"},"content":{"rendered":"<p>Gangway in Kohlefaser 220&#215;39 cm &#8211; <\/p>\n<p style=\"color: rgb(34, 34, 34); font-family: Arial, Helvetica, sans-serif; font-size: small;\">Pr\u00e4sentation der Carbonfaser-Riegelboot-Gangway, eine robuste und dennoch leichte L\u00f6sung f\u00fcr Ihre Bootsbed\u00fcrfnisse. Hergestellt aus einem einzigen St\u00fcck Carbonfaser und Polymerverbundwerkstoff, ist diese Gangway ohne irgendeine Verklebung konstruiert, um Haltbarkeit und Zuverl\u00e4ssigkeit zu gew\u00e4hrleisten. Sie verf\u00fcgt \u00fcber einen Stift und eine b\u00fcndig montierte Buchse f\u00fcr eine einfache Installation.<\/p>\n<p style=\"color: rgb(34, 34, 34); font-family: Arial, Helvetica, sans-serif; font-size: small;\">Diese Gangway ist nicht nur schwimmf\u00e4hig und rostfrei, sondern auch UV-best\u00e4ndig, was sie ideal f\u00fcr eine l\u00e4ngere Exposition gegen\u00fcber den Elementen macht. Die rutschfeste Oberfl\u00e4che verbessert die Sicherheit, w\u00e4hrend das elastische Schutzband an den Seiten Kratzer w\u00e4hrend der Nutzung verhindert.<\/p>\n<p style=\"color: rgb(34, 34, 34); font-family: Arial, Helvetica, sans-serif; font-size: small;\">Das Modell 220 kann bei jeder 100 kg Gewichtsanwendung ungef\u00e4hr 2,5 cm flexen und wiegt nur 4,4 kg. Es ist ausgestattet mit einem m\u00e4nnlichen Stift, R\u00e4dern, die auf einem stabilen, starren Gleiter montiert sind, und Augenknebel f\u00fcr Trapeze und Gurte. Die Gangway verf\u00fcgt \u00fcber ein charakteristisches UV-gesch\u00fctztes Carbonfaser-Finish, erg\u00e4nzt durch eine graue rutschfeste Trittfl\u00e4che.<\/p>\n<p style=\"color: rgb(34, 34, 34); font-family: Arial, Helvetica, sans-serif; font-size: small;\"><strong>Spezifikationen:<\/strong><\/p>\n<ul style=\"color: rgb(34, 34, 34); font-family: Arial, Helvetica, sans-serif; font-size: small;\">\n<li><strong>L\u00e4nge:<\/strong>\u00a0220 cm<\/li>\n<li><strong>Breite:<\/strong>\u00a039 cm<\/li>\n<li><strong>Strukturgewicht:<\/strong>\u00a03,5 kg<\/li>\n<li><strong>Gesamtgewicht:<\/strong>\u00a04,4 kg<\/li>\n<li><strong>Maximale Belastung:<\/strong>\u00a0350 kg<\/li>\n<\/ul>\n<p style=\"color: rgb(34, 34, 34); font-family: Arial, Helvetica, sans-serif; font-size: small;\">Im Lieferumfang der Gangway sind R\u00e4der f\u00fcr den Einsatz am Dock, ein Gummipolster f\u00fcr die Bootseite und Padaugen f\u00fcr Trapeze und Gurte enthalten. Das hochgl\u00e4nzende Carbonfaser-Finish verf\u00fcgt \u00fcber eine transparente anti-UV-Beschichtung, die sowohl \u00e4sthetische Attraktivit\u00e4t als auch langlebige Leistung gew\u00e4hrleistet. Die hellgraue rutschfeste Tretfl\u00e4che sorgt f\u00fcr zus\u00e4tzliche Sicherheit und Stabilit\u00e4t.<\/p>\n","protected":false},"excerpt":{"rendered":"<p>Gangway in Kohlefaser 220&#215;39 cm &#8211; Pr\u00e4sentation der Carbonfaser-Riegelboot-Gangway, eine robuste und dennoch leichte L\u00f6sung f\u00fcr Ihre Bootsbed\u00fcrfnisse. Hergestellt aus<\/p>\n","protected":false},"featured_media":5942832,"comment_status":"open","ping_status":"closed","template":"","meta":[],"product_brand":[3490],"product_cat":[1325],"product_tag":[],"class_list":{"0":"post-735127","1":"product","2":"type-product","3":"status-publish","4":"has-post-thumbnail","6":"product_brand-trem-de","7":"product_cat-gangways-festmachen-und-ankern","9":"first","10":"instock","11":"shipping-taxable","12":"purchasable","13":"product-type-simple"},"_links":{"self":[{"href":"https:\/\/stoic-curie.212-227-153-4.plesk.page\/de\/wp-json\/wp\/v2\/product\/735127","targetHints":{"allow":["GET"]}}],"collection":[{"href":"https:\/\/stoic-curie.212-227-153-4.plesk.page\/de\/wp-json\/wp\/v2\/product"}],"about":[{"href":"https:\/\/stoic-curie.212-227-153-4.plesk.page\/de\/wp-json\/wp\/v2\/types\/product"}],"replies":[{"embeddable":true,"href":"https:\/\/stoic-curie.212-227-153-4.plesk.page\/de\/wp-json\/wp\/v2\/comments?post=735127"}],"version-history":[{"count":0,"href":"https:\/\/stoic-curie.212-227-153-4.plesk.page\/de\/wp-json\/wp\/v2\/product\/735127\/revisions"}],"wp:featuredmedia":[{"embeddable":true,"href":"https:\/\/stoic-curie.212-227-153-4.plesk.page\/de\/wp-json\/wp\/v2\/media\/5942832"}],"wp:attachment":[{"href":"https:\/\/stoic-curie.212-227-153-4.plesk.page\/de\/wp-json\/wp\/v2\/media?parent=735127"}],"wp:term":[{"taxonomy":"product_brand","embeddable":true,"href":"https:\/\/stoic-curie.212-227-153-4.plesk.page\/de\/wp-json\/wp\/v2\/product_brand?post=735127"},{"taxonomy":"product_cat","embeddable":true,"href":"https:\/\/stoic-curie.212-227-153-4.plesk.page\/de\/wp-json\/wp\/v2\/product_cat?post=735127"},{"taxonomy":"product_tag","embeddable":true,"href":"https:\/\/stoic-curie.212-227-153-4.plesk.page\/de\/wp-json\/wp\/v2\/product_tag?post=735127"}],"curies":[{"name":"wp","href":"https:\/\/api.w.org\/{rel}","templated":true}]}}