{"id":735134,"date":"2025-03-03T16:26:19","date_gmt":"2025-03-03T15:26:19","guid":{"rendered":"https:\/\/stoic-curie.212-227-153-4.plesk.page\/producto\/fusion-apollo-ms-ra770-marine-stereo\/"},"modified":"2026-02-24T23:34:58","modified_gmt":"2026-02-24T23:34:58","slug":"fusion-apollo-ms-ra770-marine-stereo","status":"publish","type":"product","link":"https:\/\/stoic-curie.212-227-153-4.plesk.page\/de\/product\/fusion-apollo-ms-ra770-marine-stereo\/","title":{"rendered":"Fusion Apollo MS-RA770 Marine Stereo"},"content":{"rendered":"<p>Fusion Apollo MS-RA770 Marine Stereo &#8211; <\/p>\n<p style=\"color: rgb(34, 34, 34); font-family: Arial, Helvetica, sans-serif; font-size: small;\">Pr\u00e4sentieren wir das Fusion MS-RA770 Marine Stereo, das \u00fcber ein stilvolles, glasgebundenes Touchscreen-LCD-Display verf\u00fcgt. Dieses anspruchsvolle Dashboard-Stereo ist mit einem FM\/AM RDS-Radio ausgestattet, ist DAB-f\u00e4hig und verf\u00fcgt \u00fcber einen USB-Port sowie zwei AUX-Eing\u00e4nge auf der R\u00fcckseite. Mit integrierten WLAN- und Bluetooth-Funktionen k\u00f6nnen Sie Audio ganz einfach von Ihrem Smartphone oder anderen kompatiblen Ger\u00e4ten streamen. Die Fusion-Link-Fernbedienungsfunktion erm\u00f6glicht es Ihnen, das Stereo-System von Garmin-Uhren oder NMEA2000-Multi-Funktionsanzeigen aus zu steuern.<\/p>\n<p style=\"color: rgb(34, 34, 34); font-family: Arial, Helvetica, sans-serif; font-size: small;\">Das MS-RA770 integriert die Digital Signal Processing (DSP)-Technologie, um die Klangqualit\u00e4t in Echtzeit zu verbessern. Es bietet unabh\u00e4ngige Multi-Zonen-Steuerungen f\u00fcr vier separate Audiobereiche und hat eine IPX7 wasserdichte Bewertung. Sie haben die M\u00f6glichkeit, das Ger\u00e4t entweder b\u00fcndig oder flach zu montieren, und ein Nachr\u00fcstkit ist verf\u00fcgbar, um vorhandene Ausschnitte der Serien 650\/750\/755 zu ber\u00fccksichtigen.<\/p>\n<p style=\"color: rgb(34, 34, 34); font-family: Arial, Helvetica, sans-serif; font-size: small;\"><strong>Willkommen in einer neuen \u00c4ra des Marine Audio Entertainments<\/strong><\/p>\n<p style=\"color: rgb(34, 34, 34); font-family: Arial, Helvetica, sans-serif; font-size: small;\">Das Fusion RA770, entworfen von Apollo\u2014der Gottheit der Musik\u2014stellt einen revolution\u00e4ren Sprung in der Marine-Stereo-Technologie dar. Als erstes Marine-Stereo mit einem Touchscreen und integriertem WLAN hebt es die Audioqualit\u00e4t durch innovatives Design und Funktionen wie Fusons DSP, PartyBus-Technologie, drahtlose Software-Updates und eine nahtlose Glasoberfl\u00e4che an. Die Zukunft des Marine-Audio-Entertainments ist angekommen.<\/p>\n<p style=\"color: rgb(34, 34, 34); font-family: Arial, Helvetica, sans-serif; font-size: small;\">Die Apollo-Serie kombiniert modernste Technik und Design und setzt einen neuen Ma\u00dfstab im Marine-Audio-Sektor.<\/p>\n<p style=\"color: rgb(34, 34, 34); font-family: Arial, Helvetica, sans-serif; font-size: small;\"><strong>Technische Daten:<\/strong><\/p>\n<ul style=\"color: rgb(34, 34, 34); font-family: Arial, Helvetica, sans-serif; font-size: small;\">\n<li><strong>Display:<\/strong>&nbsp;4,3&#8243; kapazitives Touch-Glas-LCD-Farbdisplay<\/li>\n<li><strong>Breite (A):<\/strong>&nbsp;7,56 Zoll \/ 192,0 mm<\/li>\n<li><strong>H\u00f6he (B):<\/strong>&nbsp;3,23 Zoll \/ 82,0 mm<\/li>\n<li><strong>Abmessungen:<\/strong>\n<ul>\n<li>(C) 0,80 Zoll \/ 20,4 mm<\/li>\n<li>(D) 3,90 Zoll \/ 99,0 mm<\/li>\n<li>(E) 1,97 Zoll \/ 50,0 mm<\/li>\n<li>(F) 6,50 Zoll \/ 164,0 mm<\/li>\n<li>(G) 0,39 Zoll \/ 10,0 mm<\/li>\n<\/ul>\n<\/li>\n<li><strong>Lautsprecher-Presets:<\/strong>&nbsp;Ja (einfache Einstellung)<\/li>\n<li><strong>Fusion-Link Steuerung (drahtlos):<\/strong>&nbsp;Ja<\/li>\n<li><strong>PartyBus-Technologie:<\/strong>&nbsp;Ja (f\u00e4hig, sowohl drahtgebunden als auch drahtlos zu empfangen und zu \u00fcbertragen)<\/li>\n<li><strong>Spitzenleistung:<\/strong>&nbsp;280W max<\/li>\n<li><strong>Auxiliary Inputs:<\/strong>&nbsp;2 x RCA-Eing\u00e4nge (AUX1, AUX2)<\/li>\n<li><strong>Betriebsspannung:<\/strong>&nbsp;+10,8 &#8211; 16V DC<\/li>\n<li><strong>USB 2.0-Port:<\/strong>&nbsp;Ein USB 2.0-Port (zum Laden von Ger\u00e4ten\/Media-Wiedergabe)<\/li>\n<li><strong>Kompatibel mit NRX-Fernbedienungen:<\/strong>&nbsp;Ja<\/li>\n<li><strong>Lautsprecheranschl\u00fcsse:<\/strong>&nbsp;4 x Lautsprecheranschl\u00fcsse (2 Zonen verst\u00e4rkt)<\/li>\n<li><strong>Line Out:<\/strong>&nbsp;4 (1 x L + R pro Zone; ben\u00f6tigt externe Verst\u00e4rkung)<\/li>\n<li><strong>Subwoofer Out:<\/strong>&nbsp;4 (1 pro Zone; ben\u00f6tigt externe Verst\u00e4rkung)<\/li>\n<li><strong>AM\/FM-Radio:<\/strong>&nbsp;Ein Motorola-Antenneneingang<\/li>\n<li><strong>Optischer Eingang:<\/strong>&nbsp;1 x Digitaler Optischer Eingang (SPDIF)<\/li>\n<\/ul>\n<p style=\"color: rgb(34, 34, 34); font-family: Arial, Helvetica, sans-serif; font-size: small;\"><strong>Weltweit erstes Marine WLAN Stereo<\/strong><\/p>\n<p style=\"color: rgb(34, 34, 34); font-family: Arial, Helvetica, sans-serif; font-size: small;\">Genie\u00dfen Sie hochaufl\u00f6sendes Audio-Streaming \u00fcber WLAN, das eine \u00fcberlegene Daten\u00fcbertragungsrate im Vergleich zu Bluetooth bietet. Erleben Sie perfekt synchronisierte Musik auf Ihrem gesamten Schiff, indem Sie mehrere Apollo-Stereo-Systeme \u00fcber PartyBus drahtlos verbinden.<\/p>\n<p style=\"color: rgb(34, 34, 34); font-family: Arial, Helvetica, sans-serif; font-size: small;\"><strong>Fusion Digital Signal Processing (DSP)<\/strong><\/p>\n<p style=\"color: rgb(34, 34, 34); font-family: Arial, Helvetica, sans-serif; font-size: small;\">Das Fusion DSP verbessert die Klangqualit\u00e4t in allen Audiobereichen Ihres Schiffs und garantiert ein erstklassiges H\u00f6rerlebnis. Ingenieure haben jedes Element der Audiokette akribisch abgestimmt, um eine au\u00dfergew\u00f6hnliche Klangqualit\u00e4t zu garantieren.<\/p>\n<p style=\"color: rgb(34, 34, 34); font-family: Arial, Helvetica, sans-serif; font-size: small;\"><strong>Weltweit erstes Marine-Stereo mit Touchscreen<\/strong><\/p>\n<p style=\"color: rgb(34, 34, 34); font-family: Arial, Helvetica, sans-serif; font-size: small;\">Das Apollo RA770 pr\u00e4sentiert ein makelloses Edge-to-Edge-Glas-Touchscreen-Display. Dieses innovative Design bietet ein benutzerfreundliches Erlebnis, das mit Ihren pers\u00f6nlichen Smart-Ger\u00e4ten vergleichbar ist. Tippen oder wischen Sie einfach \u00fcber den Bildschirm f\u00fcr m\u00fchelosen Zugriff ohne das l\u00e4stige Suchen nach Tasten.<\/p>\n<p style=\"color: rgb(34, 34, 34); font-family: Arial, Helvetica, sans-serif; font-size: small;\"><strong>Fusion PartyBus<\/strong><\/p>\n<p style=\"color: rgb(34, 34, 34); font-family: Arial, Helvetica, sans-serif; font-size: small;\">PartyBus ist Fusons Next-Generation-Audio-Verteilungsnetzwerk. Durch das Hinzuf\u00fcgen weiterer PartyBus-f\u00e4higer Stereoanlagen zu Ihrem System k\u00f6nnen Sie den Party-Modus aktivieren, um die gleiche perfekt synchronisierte Audioquelle auf Ihrem gesamten Schiff abzuspielen.<\/p>\n<p style=\"color: rgb(34, 34, 34); font-family: Arial, Helvetica, sans-serif; font-size: small;\"><strong>Mehr Audioquellen als je zuvor<\/strong><\/p>\n<p style=\"color: rgb(34, 34, 34); font-family: Arial, Helvetica, sans-serif; font-size: small;\">Die Apollo-Serie bietet eine Vielzahl von Audioquellen, sodass Sie Ihre Lieblingsmusik auf jede erdenkliche Weise genie\u00dfen k\u00f6nnen. Erleben Sie Bluetooth-Audio-Streaming, UPnP, optisches Audio, AUX- und USB-Verbindungen.<\/p>\n<p style=\"color: rgb(34, 34, 34); font-family: Arial, Helvetica, sans-serif; font-size: small;\"><strong>IPX7 wasserresistentes Frontpanel<\/strong><\/p>\n<p style=\"color: rgb(34, 34, 34); font-family: Arial, Helvetica, sans-serif; font-size: small;\">Das Apollo RA770 ist gem\u00e4\u00df Fusons True-Marine-Philosophie mit einem IPX7-wasserresistenten Frontpanel ausgestattet. Es wurde einem rigorosen Test unterzogen, um Schutz gegen Salznebel, Temperaturwechsel, Vibrationen und UV-Strahlung zu gew\u00e4hrleisten.<\/p>\n<p style=\"color: rgb(34, 34, 34); font-family: Arial, Helvetica, sans-serif; font-size: small;\"><strong>Multi-Zonen-Technologie<\/strong><\/p>\n<p style=\"color: rgb(34, 34, 34); font-family: Arial, Helvetica, sans-serif; font-size: small;\">Gestalten Sie Ihr H\u00f6rerlebnis mit vier unabh\u00e4ngigen Audiobereichen, die jeweils mit fortschrittlichen Steuerungen f\u00fcr Lautst\u00e4rkebegrenzungen, Zonenbenennung und mehr ausgestattet sind.<\/p>\n<p style=\"color: rgb(34, 34, 34); font-family: Arial, Helvetica, sans-serif; font-size: small;\"><strong>Drahtlose Software-Updates<\/strong><\/p>\n<p style=\"color: rgb(34, 34, 34); font-family: Arial, Helvetica, sans-serif; font-size: small;\">Halten Sie Ihre Apollo-Serie mit einfachen drahtlosen Software-Updates \u00fcber die kostenlose Fusion-Link-App auf Ihrem Smartphone oder kompatiblen Ger\u00e4t auf dem neuesten Stand.<\/p>\n<p style=\"color: rgb(34, 34, 34); font-family: Arial, Helvetica, sans-serif; font-size: small;\"><strong>Fusion-Link<\/strong><\/p>\n<p style=\"color: rgb(34, 34, 34); font-family: Arial, Helvetica, sans-serif; font-size: small;\">Fusion-Link ist der Branchenstandard f\u00fcr die Audio-Integration und -Steuerung auf dem Wasser. Er erm\u00f6glicht Ihnen, Ihre Unterhaltung direkt von Partner-Marine-Multi-Funktionsanzeigen, kompatiblen Apple- oder Android-Ger\u00e4ten und Garmin-Uhren zu steuern.<\/p>\n<p style=\"color: rgb(34, 34, 34); font-family: Arial, Helvetica, sans-serif; font-size: small;\"><strong>Elegantes schwarzes Frontdesign<\/strong><\/p>\n<p style=\"color: rgb(34, 34, 34); font-family: Arial, Helvetica, sans-serif; font-size: small;\">Die schwarze Vorderseite des MS-RA770 integriert sich nahtlos mit schwarzen Glasplatten und schafft eine saubere und raffinierte Installation, die andere Elektronik und Multi-Funktionsanzeigen erg\u00e4nzt.<\/p>\n","protected":false},"excerpt":{"rendered":"<p>Fusion Apollo MS-RA770 Marine Stereo &#8211; Pr\u00e4sentieren wir das Fusion MS-RA770 Marine Stereo, das \u00fcber ein stilvolles, glasgebundenes Touchscreen-LCD-Display verf\u00fcgt.<\/p>\n","protected":false},"featured_media":5942887,"comment_status":"open","ping_status":"closed","template":"","meta":[],"product_brand":[2960],"product_cat":[1446],"product_tag":[],"class_list":{"0":"post-735134","1":"product","2":"type-product","3":"status-publish","4":"has-post-thumbnail","6":"product_brand-fusion-de","7":"product_cat-stereoanlage-und-lautsprecher","9":"first","10":"instock","11":"shipping-taxable","12":"purchasable","13":"product-type-simple"},"_links":{"self":[{"href":"https:\/\/stoic-curie.212-227-153-4.plesk.page\/de\/wp-json\/wp\/v2\/product\/735134","targetHints":{"allow":["GET"]}}],"collection":[{"href":"https:\/\/stoic-curie.212-227-153-4.plesk.page\/de\/wp-json\/wp\/v2\/product"}],"about":[{"href":"https:\/\/stoic-curie.212-227-153-4.plesk.page\/de\/wp-json\/wp\/v2\/types\/product"}],"replies":[{"embeddable":true,"href":"https:\/\/stoic-curie.212-227-153-4.plesk.page\/de\/wp-json\/wp\/v2\/comments?post=735134"}],"version-history":[{"count":0,"href":"https:\/\/stoic-curie.212-227-153-4.plesk.page\/de\/wp-json\/wp\/v2\/product\/735134\/revisions"}],"wp:featuredmedia":[{"embeddable":true,"href":"https:\/\/stoic-curie.212-227-153-4.plesk.page\/de\/wp-json\/wp\/v2\/media\/5942887"}],"wp:attachment":[{"href":"https:\/\/stoic-curie.212-227-153-4.plesk.page\/de\/wp-json\/wp\/v2\/media?parent=735134"}],"wp:term":[{"taxonomy":"product_brand","embeddable":true,"href":"https:\/\/stoic-curie.212-227-153-4.plesk.page\/de\/wp-json\/wp\/v2\/product_brand?post=735134"},{"taxonomy":"product_cat","embeddable":true,"href":"https:\/\/stoic-curie.212-227-153-4.plesk.page\/de\/wp-json\/wp\/v2\/product_cat?post=735134"},{"taxonomy":"product_tag","embeddable":true,"href":"https:\/\/stoic-curie.212-227-153-4.plesk.page\/de\/wp-json\/wp\/v2\/product_tag?post=735134"}],"curies":[{"name":"wp","href":"https:\/\/api.w.org\/{rel}","templated":true}]}}