{"id":735135,"date":"2025-03-03T16:26:19","date_gmt":"2025-03-03T15:26:19","guid":{"rendered":"https:\/\/stoic-curie.212-227-153-4.plesk.page\/producto\/verstaerker-fusion-sg-da51600\/"},"modified":"2026-02-24T23:34:58","modified_gmt":"2026-02-24T23:34:58","slug":"verstaerker-fusion-sg-da51600","status":"publish","type":"product","link":"https:\/\/stoic-curie.212-227-153-4.plesk.page\/de\/product\/verstaerker-fusion-sg-da51600\/","title":{"rendered":"Verst\u00e4rker Fusion Sg-da51600"},"content":{"rendered":"<p>Verst\u00e4rker Fusion Sg-da51600 &#8211; <\/p>\n<p>5-Kanal D\u00c2 Klasse Fusion SG-DA51600 Marine-Verst\u00e4rker. Edelstahl-Frontplatte mit Aluminium-K\u00fchlk\u00f6rper. Komplett mit variablem Crossover und \u00dcberspannungsschutz.<\/p>\n","protected":false},"excerpt":{"rendered":"<p>Verst\u00e4rker Fusion Sg-da51600 &#8211; 5-Kanal D\u00c2 Klasse Fusion SG-DA51600 Marine-Verst\u00e4rker. Edelstahl-Frontplatte mit Aluminium-K\u00fchlk\u00f6rper. Komplett mit variablem Crossover und \u00dcberspannungsschutz.<\/p>\n","protected":false},"featured_media":5942891,"comment_status":"open","ping_status":"closed","template":"","meta":[],"product_brand":[2960],"product_cat":[1446],"product_tag":[],"class_list":{"0":"post-735135","1":"product","2":"type-product","3":"status-publish","4":"has-post-thumbnail","6":"product_brand-fusion-de","7":"product_cat-stereoanlage-und-lautsprecher","9":"first","10":"instock","11":"shipping-taxable","12":"purchasable","13":"product-type-simple"},"_links":{"self":[{"href":"https:\/\/stoic-curie.212-227-153-4.plesk.page\/de\/wp-json\/wp\/v2\/product\/735135","targetHints":{"allow":["GET"]}}],"collection":[{"href":"https:\/\/stoic-curie.212-227-153-4.plesk.page\/de\/wp-json\/wp\/v2\/product"}],"about":[{"href":"https:\/\/stoic-curie.212-227-153-4.plesk.page\/de\/wp-json\/wp\/v2\/types\/product"}],"replies":[{"embeddable":true,"href":"https:\/\/stoic-curie.212-227-153-4.plesk.page\/de\/wp-json\/wp\/v2\/comments?post=735135"}],"version-history":[{"count":0,"href":"https:\/\/stoic-curie.212-227-153-4.plesk.page\/de\/wp-json\/wp\/v2\/product\/735135\/revisions"}],"wp:featuredmedia":[{"embeddable":true,"href":"https:\/\/stoic-curie.212-227-153-4.plesk.page\/de\/wp-json\/wp\/v2\/media\/5942891"}],"wp:attachment":[{"href":"https:\/\/stoic-curie.212-227-153-4.plesk.page\/de\/wp-json\/wp\/v2\/media?parent=735135"}],"wp:term":[{"taxonomy":"product_brand","embeddable":true,"href":"https:\/\/stoic-curie.212-227-153-4.plesk.page\/de\/wp-json\/wp\/v2\/product_brand?post=735135"},{"taxonomy":"product_cat","embeddable":true,"href":"https:\/\/stoic-curie.212-227-153-4.plesk.page\/de\/wp-json\/wp\/v2\/product_cat?post=735135"},{"taxonomy":"product_tag","embeddable":true,"href":"https:\/\/stoic-curie.212-227-153-4.plesk.page\/de\/wp-json\/wp\/v2\/product_tag?post=735135"}],"curies":[{"name":"wp","href":"https:\/\/api.w.org\/{rel}","templated":true}]}}