{"id":735143,"date":"2025-03-03T16:26:21","date_gmt":"2025-03-03T15:26:21","guid":{"rendered":"https:\/\/stoic-curie.212-227-153-4.plesk.page\/producto\/schwimmender-anker-sea-guardian-d640-cm\/"},"modified":"2026-02-24T23:34:58","modified_gmt":"2026-02-24T23:34:58","slug":"schwimmender-anker-sea-guardian-d640-cm","status":"publish","type":"product","link":"https:\/\/stoic-curie.212-227-153-4.plesk.page\/de\/product\/schwimmender-anker-sea-guardian-d640-cm\/","title":{"rendered":"Schwimmender Anker Sea Guardian D640 cm"},"content":{"rendered":"<p>Schwimmender Anker Sea Guardian D640 cm &#8211; <\/p>\n<p style=\"color: rgb(34, 34, 34); font-family: Arial, Helvetica, sans-serif; font-size: small;\">Der &#8220;Sea Guardians&#8221; Para-Seeaanker ist speziell f\u00fcr eine Vielzahl von Fahrzeugen konzipiert, einschlie\u00dflich Fischerbooten, Rettungsbooten, Yachten und Handelsschiffen. Dieser Fallschirmanker ist entscheidend f\u00fcr die Sicherheit bei st\u00fcrmischem Wetter, da er hilft, den Drift zu minimieren, den Kraftstoffverbrauch zu sparen und einen sicheren Aufenthaltsort f\u00fcr die Crew unter schwierigen Bedingungen zu bieten. Er sorgt f\u00fcr die Stabilit\u00e4t des Fahrzeugs in extremen Umgebungen, bietet Komfort und Sicherheit und erleichtert die Navigation bei starkem Wind oder St\u00fcrmen.<\/p>\n<p style=\"color: rgb(34, 34, 34); font-family: Arial, Helvetica, sans-serif; font-size: small;\">Die Verwendung eines &#8220;Sea Guardians&#8221; Para-Seeaankers ist unerl\u00e4sslich, um Ihre Position zu halten, das Rollen und Schaukeln zu reduzieren und die Sicherheit bei unruhigem Wetter zu gew\u00e4hrleisten. Wenn der Motor eines Bootes kontinuierlich l\u00e4uft, um das Fischernetz und die Hauptleine in einem konstanten Abstand zu halten, kann dies zu Motorverschlei\u00df und Treibstoffverschwendung f\u00fchren. Durch die Verwendung des &#8220;Sea Guardians&#8221; Para-Seeaankers k\u00f6nnen Sie die Ozeanstr\u00f6me effektiv steuern, sodass Sie Ihre Position beim Fischen halten oder eine Pause beim Einholen Ihres Fangs einlegen k\u00f6nnen. Dieser Ansatz spart Kraftstoff, optimiert die Ressourcen der Crew und verl\u00e4ngert die Lebensdauer des Schiffsantriebs. Zudem hilft er dabei, die Geschwindigkeit des Fahrzeugs w\u00e4hrend des Fischens und Tauchens zu verringern.<\/p>\n<p style=\"color: rgb(34, 34, 34); font-family: Arial, Helvetica, sans-serif; font-size: small;\">Der Anker ist benutzerfreundlich gestaltet, sodass die Crew die Wassertiefe messen kann und Taucher sicher zur\u00fcckkehren k\u00f6nnen. Unter gef\u00e4hrlichen Bedingungen, insbesondere w\u00e4hrend St\u00fcrmen, verringert der Para-Seeaanker Drift und Schaukeln und h\u00e4lt das Boot mit dem Wind ausgerichtet. Dies erreicht er, indem er die Bewegung des Wassers lenkt, um Druck vor dem Anker zu erzeugen, w\u00e4hrend er Hinterwirbel erzeugt.<\/p>\n<p style=\"color: rgb(34, 34, 34); font-family: Arial, Helvetica, sans-serif; font-size: small;\">Der &#8220;Sea Guardians&#8221; Para-Seeaanker verf\u00fcgt \u00fcber fortschrittliche hydrodynamische Eigenschaften und ist aus hochwertigem, dichtem Nylonseil hergestellt, das Haltbarkeit und Langlebigkeit gew\u00e4hrleistet. Alle Materialien stammen von angesehenen inl\u00e4ndischen Textilherstellern, um Qualit\u00e4t sicherzustellen. Dieser Anker ist feuchtigkeitsbest\u00e4ndig und robust genug, um verschiedenen maritimen Bedingungen standzuhalten. Das Nylonseil mit hoher Dichte bietet hervorragende Zugfestigkeit und hat eine Duktibilit\u00e4t von etwa 30 %, die den Zug d\u00e4mpft und die Dehnbarkeit maximiert, was die Lebensdauer weiter verl\u00e4ngert. F\u00fcr diejenigen, die Kosten und Gewicht reduzieren m\u00f6chten, ist auch eine PE-Seil-Option verf\u00fcgbar; jedoch empfehlen wir, bei Gr\u00f6\u00dfen gr\u00f6\u00dfer als 10SW Nylonseil zu verwenden, aufgrund seiner \u00dcberlegenheit in der Festigkeit. Die Bedienung des &#8220;Sea Guardians&#8221; Para-Seeaankers ist unkompliziert und macht ihn zu einer hervorragenden Wahl f\u00fcr Ihre maritimen Bed\u00fcrfnisse.<\/p>\n<p style=\"color: rgb(34, 34, 34); font-family: Arial, Helvetica, sans-serif; font-size: small;\">Die schwimmenden Anker von Sea Guardians, die auf dem Fallschirmprinzip basieren, sind ideal f\u00fcr das Fischen, die kommerzielle Navigation und den Freizeitbootbetrieb. Sie bieten au\u00dfergew\u00f6hnliches Bremsverhalten im Wasser und sind aus 100% Nylonstoff gefertigt, sodass sie bemerkenswerte Haltbarkeit und Leistung unter allen Bedingungen auf See bieten. Leicht und dennoch unglaublich stark, k\u00f6nnen sie als Anker, Drift oder Bremse in offenen und tiefen Gew\u00e4ssern dienen und gew\u00e4hrleisten hervorragende Stabilit\u00e4t und Sicherheit. Die empfohlene Seill\u00e4nge sollte mindestens f\u00fcnfmal die L\u00e4nge des Bootes betragen.<\/p>\n","protected":false},"excerpt":{"rendered":"<p>Schwimmender Anker Sea Guardian D640 cm &#8211; Der &#8220;Sea Guardians&#8221; Para-Seeaanker ist speziell f\u00fcr eine Vielzahl von Fahrzeugen konzipiert, einschlie\u00dflich<\/p>\n","protected":false},"featured_media":5942906,"comment_status":"open","ping_status":"closed","template":"","meta":[],"product_brand":[3515],"product_cat":[1582],"product_tag":[],"class_list":{"0":"post-735143","1":"product","2":"type-product","3":"status-publish","4":"has-post-thumbnail","6":"product_brand-veleria-san-giorgio-de","7":"product_cat-schwimmende-anker","9":"first","10":"outofstock","11":"shipping-taxable","12":"purchasable","13":"product-type-simple"},"_links":{"self":[{"href":"https:\/\/stoic-curie.212-227-153-4.plesk.page\/de\/wp-json\/wp\/v2\/product\/735143","targetHints":{"allow":["GET"]}}],"collection":[{"href":"https:\/\/stoic-curie.212-227-153-4.plesk.page\/de\/wp-json\/wp\/v2\/product"}],"about":[{"href":"https:\/\/stoic-curie.212-227-153-4.plesk.page\/de\/wp-json\/wp\/v2\/types\/product"}],"replies":[{"embeddable":true,"href":"https:\/\/stoic-curie.212-227-153-4.plesk.page\/de\/wp-json\/wp\/v2\/comments?post=735143"}],"version-history":[{"count":0,"href":"https:\/\/stoic-curie.212-227-153-4.plesk.page\/de\/wp-json\/wp\/v2\/product\/735143\/revisions"}],"wp:featuredmedia":[{"embeddable":true,"href":"https:\/\/stoic-curie.212-227-153-4.plesk.page\/de\/wp-json\/wp\/v2\/media\/5942906"}],"wp:attachment":[{"href":"https:\/\/stoic-curie.212-227-153-4.plesk.page\/de\/wp-json\/wp\/v2\/media?parent=735143"}],"wp:term":[{"taxonomy":"product_brand","embeddable":true,"href":"https:\/\/stoic-curie.212-227-153-4.plesk.page\/de\/wp-json\/wp\/v2\/product_brand?post=735143"},{"taxonomy":"product_cat","embeddable":true,"href":"https:\/\/stoic-curie.212-227-153-4.plesk.page\/de\/wp-json\/wp\/v2\/product_cat?post=735143"},{"taxonomy":"product_tag","embeddable":true,"href":"https:\/\/stoic-curie.212-227-153-4.plesk.page\/de\/wp-json\/wp\/v2\/product_tag?post=735143"}],"curies":[{"name":"wp","href":"https:\/\/api.w.org\/{rel}","templated":true}]}}