{"id":735145,"date":"2025-03-03T16:26:21","date_gmt":"2025-03-03T15:26:21","guid":{"rendered":"https:\/\/stoic-curie.212-227-153-4.plesk.page\/producto\/drehzahlmesser-und-stundenmesser-ecms-weiss-und-chrom-12-24v-6000-85mm\/"},"modified":"2026-02-24T23:34:58","modified_gmt":"2026-02-24T23:34:58","slug":"drehzahlmesser-und-stundenmesser-ecms-weiss-und-chrom-12-24v-6000-85mm","status":"publish","type":"product","link":"https:\/\/stoic-curie.212-227-153-4.plesk.page\/de\/product\/drehzahlmesser-und-stundenmesser-ecms-weiss-und-chrom-12-24v-6000-85mm\/","title":{"rendered":"Drehzahlmesser und Stundenmesser ECMS Wei\u00df und Chrom 12\/24V 6000 85mm"},"content":{"rendered":"<p>Drehzahlmesser und Stundenmesser ECMS Wei\u00df und Chrom 12\/24V 6000 85mm &#8211; <\/p>\n<p>Ecms White Chrome 12\/24V Tachometer\/Stundenmesser, komplett mit verdrahtetem Molex-Stecker. Polierter Edelstahlrahmen und wei\u00dfes Zifferblatt. Wasserdicht nach IP67 gesch\u00fctztes, gew\u00f6lbtes, nebelresistentes Glas. Anpassbares mehrfarbiges LED-hinterleuchtetes Zifferblatt.<\/p>\n","protected":false},"excerpt":{"rendered":"<p>Drehzahlmesser und Stundenmesser ECMS Wei\u00df und Chrom 12\/24V 6000 85mm &#8211; Ecms White Chrome 12\/24V Tachometer\/Stundenmesser, komplett mit verdrahtetem Molex-Stecker.<\/p>\n","protected":false},"featured_media":5942457,"comment_status":"open","ping_status":"closed","template":"","meta":[],"product_brand":[2910],"product_cat":[1501,1524],"product_tag":[],"class_list":{"0":"post-735145","1":"product","2":"type-product","3":"status-publish","4":"has-post-thumbnail","6":"product_brand-ecms-marine-de","7":"product_cat-bootstachometer","8":"product_cat-ecms-messgeraete","10":"first","11":"instock","12":"shipping-taxable","13":"purchasable","14":"product-type-simple"},"_links":{"self":[{"href":"https:\/\/stoic-curie.212-227-153-4.plesk.page\/de\/wp-json\/wp\/v2\/product\/735145","targetHints":{"allow":["GET"]}}],"collection":[{"href":"https:\/\/stoic-curie.212-227-153-4.plesk.page\/de\/wp-json\/wp\/v2\/product"}],"about":[{"href":"https:\/\/stoic-curie.212-227-153-4.plesk.page\/de\/wp-json\/wp\/v2\/types\/product"}],"replies":[{"embeddable":true,"href":"https:\/\/stoic-curie.212-227-153-4.plesk.page\/de\/wp-json\/wp\/v2\/comments?post=735145"}],"version-history":[{"count":0,"href":"https:\/\/stoic-curie.212-227-153-4.plesk.page\/de\/wp-json\/wp\/v2\/product\/735145\/revisions"}],"wp:featuredmedia":[{"embeddable":true,"href":"https:\/\/stoic-curie.212-227-153-4.plesk.page\/de\/wp-json\/wp\/v2\/media\/5942457"}],"wp:attachment":[{"href":"https:\/\/stoic-curie.212-227-153-4.plesk.page\/de\/wp-json\/wp\/v2\/media?parent=735145"}],"wp:term":[{"taxonomy":"product_brand","embeddable":true,"href":"https:\/\/stoic-curie.212-227-153-4.plesk.page\/de\/wp-json\/wp\/v2\/product_brand?post=735145"},{"taxonomy":"product_cat","embeddable":true,"href":"https:\/\/stoic-curie.212-227-153-4.plesk.page\/de\/wp-json\/wp\/v2\/product_cat?post=735145"},{"taxonomy":"product_tag","embeddable":true,"href":"https:\/\/stoic-curie.212-227-153-4.plesk.page\/de\/wp-json\/wp\/v2\/product_tag?post=735145"}],"curies":[{"name":"wp","href":"https:\/\/api.w.org\/{rel}","templated":true}]}}