{"id":735149,"date":"2025-03-03T16:26:23","date_gmt":"2025-03-03T15:26:23","guid":{"rendered":"https:\/\/stoic-curie.212-227-153-4.plesk.page\/producto\/gps-tachometer-ecms-85mm-schwarz-chrom-12-24v\/"},"modified":"2026-02-24T23:34:58","modified_gmt":"2026-02-24T23:34:58","slug":"gps-tachometer-ecms-85mm-schwarz-chrom-12-24v","status":"publish","type":"product","link":"https:\/\/stoic-curie.212-227-153-4.plesk.page\/de\/product\/gps-tachometer-ecms-85mm-schwarz-chrom-12-24v\/","title":{"rendered":"GPS-Tachometer ECMS 85mm Schwarz Chrom 12\/24V"},"content":{"rendered":"<p>GPS-Tachometer ECMS 85mm Schwarz Chrom 12\/24V &#8211; <\/p>\n<p>Ecms Black Chrome 12\/24V GPS-Tachometer, komplett mit GPS-Sensor und verkabeltem Molex-Stecker. Polierter Edelstahlrand und schwarzes Zifferblatt. Wasserdicht IP67 gesch\u00fctztes gew\u00f6lbtes, nebelresistentes Glas. Berechnet die zur\u00fcckgelegte Strecke und erm\u00f6glicht die Verwaltung der Einzeltrip-Distanzen, w\u00e4hrend die Geschwindigkeit in Knoten, MPH oder km\/h gemessen wird. Anpassbares mehrfarbiges, LED-hintergrundbeleuchtetes Zifferblatt.<\/p>\n","protected":false},"excerpt":{"rendered":"<p>GPS-Tachometer ECMS 85mm Schwarz Chrom 12\/24V &#8211; Ecms Black Chrome 12\/24V GPS-Tachometer, komplett mit GPS-Sensor und verkabeltem Molex-Stecker. Polierter Edelstahlrand<\/p>\n","protected":false},"featured_media":5942976,"comment_status":"open","ping_status":"closed","template":"","meta":[],"product_brand":[2910],"product_cat":[1524],"product_tag":[],"class_list":{"0":"post-735149","1":"product","2":"type-product","3":"status-publish","4":"has-post-thumbnail","6":"product_brand-ecms-marine-de","7":"product_cat-ecms-messgeraete","9":"first","10":"instock","11":"shipping-taxable","12":"purchasable","13":"product-type-simple"},"_links":{"self":[{"href":"https:\/\/stoic-curie.212-227-153-4.plesk.page\/de\/wp-json\/wp\/v2\/product\/735149","targetHints":{"allow":["GET"]}}],"collection":[{"href":"https:\/\/stoic-curie.212-227-153-4.plesk.page\/de\/wp-json\/wp\/v2\/product"}],"about":[{"href":"https:\/\/stoic-curie.212-227-153-4.plesk.page\/de\/wp-json\/wp\/v2\/types\/product"}],"replies":[{"embeddable":true,"href":"https:\/\/stoic-curie.212-227-153-4.plesk.page\/de\/wp-json\/wp\/v2\/comments?post=735149"}],"version-history":[{"count":0,"href":"https:\/\/stoic-curie.212-227-153-4.plesk.page\/de\/wp-json\/wp\/v2\/product\/735149\/revisions"}],"wp:featuredmedia":[{"embeddable":true,"href":"https:\/\/stoic-curie.212-227-153-4.plesk.page\/de\/wp-json\/wp\/v2\/media\/5942976"}],"wp:attachment":[{"href":"https:\/\/stoic-curie.212-227-153-4.plesk.page\/de\/wp-json\/wp\/v2\/media?parent=735149"}],"wp:term":[{"taxonomy":"product_brand","embeddable":true,"href":"https:\/\/stoic-curie.212-227-153-4.plesk.page\/de\/wp-json\/wp\/v2\/product_brand?post=735149"},{"taxonomy":"product_cat","embeddable":true,"href":"https:\/\/stoic-curie.212-227-153-4.plesk.page\/de\/wp-json\/wp\/v2\/product_cat?post=735149"},{"taxonomy":"product_tag","embeddable":true,"href":"https:\/\/stoic-curie.212-227-153-4.plesk.page\/de\/wp-json\/wp\/v2\/product_tag?post=735149"}],"curies":[{"name":"wp","href":"https:\/\/api.w.org\/{rel}","templated":true}]}}