{"id":735150,"date":"2025-03-03T16:26:23","date_gmt":"2025-03-03T15:26:23","guid":{"rendered":"https:\/\/stoic-curie.212-227-153-4.plesk.page\/producto\/gps-tachometer-ecms-85mm-12-24v-ganz-schwarz\/"},"modified":"2026-02-24T23:34:58","modified_gmt":"2026-02-24T23:34:58","slug":"gps-tachometer-ecms-85mm-12-24v-ganz-schwarz","status":"publish","type":"product","link":"https:\/\/stoic-curie.212-227-153-4.plesk.page\/de\/product\/gps-tachometer-ecms-85mm-12-24v-ganz-schwarz\/","title":{"rendered":"GPS-Tachometer ECMS 85mm 12\/24V Ganz Schwarz"},"content":{"rendered":"<p>GPS-Tachometer ECMS 85mm 12\/24V Ganz Schwarz &#8211; <\/p>\n<p>Ecms 12\/24V All Black GPS-Geschwindigkeitmesser, komplett mit GPS-Sensor und verkabeltem Molex-Stecker. Schwarzer Edelstahlrahmen und schwarzes Zifferblatt. Wasserdichte, IP67 gesch\u00fctzte, kuppelf\u00f6rmige, fog-resistant Linse. Berechnet die zur\u00fcckgelegte Strecke und erlaubt es, die Distanz einzelner Fahrten zu verwalten, wobei die Geschwindigkeit in Knoten, MPH oder km\/h angezeigt wird. Anpassbares mehrfarbiges, LED-backlit Zifferblatt.<\/p>\n","protected":false},"excerpt":{"rendered":"<p>GPS-Tachometer ECMS 85mm 12\/24V Ganz Schwarz &#8211; Ecms 12\/24V All Black GPS-Geschwindigkeitmesser, komplett mit GPS-Sensor und verkabeltem Molex-Stecker. Schwarzer Edelstahlrahmen<\/p>\n","protected":false},"featured_media":5942977,"comment_status":"open","ping_status":"closed","template":"","meta":[],"product_brand":[2910],"product_cat":[1524],"product_tag":[],"class_list":{"0":"post-735150","1":"product","2":"type-product","3":"status-publish","4":"has-post-thumbnail","6":"product_brand-ecms-marine-de","7":"product_cat-ecms-messgeraete","9":"first","10":"instock","11":"shipping-taxable","12":"purchasable","13":"product-type-simple"},"_links":{"self":[{"href":"https:\/\/stoic-curie.212-227-153-4.plesk.page\/de\/wp-json\/wp\/v2\/product\/735150","targetHints":{"allow":["GET"]}}],"collection":[{"href":"https:\/\/stoic-curie.212-227-153-4.plesk.page\/de\/wp-json\/wp\/v2\/product"}],"about":[{"href":"https:\/\/stoic-curie.212-227-153-4.plesk.page\/de\/wp-json\/wp\/v2\/types\/product"}],"replies":[{"embeddable":true,"href":"https:\/\/stoic-curie.212-227-153-4.plesk.page\/de\/wp-json\/wp\/v2\/comments?post=735150"}],"version-history":[{"count":0,"href":"https:\/\/stoic-curie.212-227-153-4.plesk.page\/de\/wp-json\/wp\/v2\/product\/735150\/revisions"}],"wp:featuredmedia":[{"embeddable":true,"href":"https:\/\/stoic-curie.212-227-153-4.plesk.page\/de\/wp-json\/wp\/v2\/media\/5942977"}],"wp:attachment":[{"href":"https:\/\/stoic-curie.212-227-153-4.plesk.page\/de\/wp-json\/wp\/v2\/media?parent=735150"}],"wp:term":[{"taxonomy":"product_brand","embeddable":true,"href":"https:\/\/stoic-curie.212-227-153-4.plesk.page\/de\/wp-json\/wp\/v2\/product_brand?post=735150"},{"taxonomy":"product_cat","embeddable":true,"href":"https:\/\/stoic-curie.212-227-153-4.plesk.page\/de\/wp-json\/wp\/v2\/product_cat?post=735150"},{"taxonomy":"product_tag","embeddable":true,"href":"https:\/\/stoic-curie.212-227-153-4.plesk.page\/de\/wp-json\/wp\/v2\/product_tag?post=735150"}],"curies":[{"name":"wp","href":"https:\/\/api.w.org\/{rel}","templated":true}]}}