{"id":735151,"date":"2025-03-03T16:26:23","date_gmt":"2025-03-03T15:26:23","guid":{"rendered":"https:\/\/stoic-curie.212-227-153-4.plesk.page\/producto\/amperemeter-mit-shunt-ecms-weiss-verchromt-12-24v-150150a-52-mm\/"},"modified":"2026-02-24T23:34:58","modified_gmt":"2026-02-24T23:34:58","slug":"amperemeter-mit-shunt-ecms-weiss-verchromt-12-24v-150150a-52-mm","status":"publish","type":"product","link":"https:\/\/stoic-curie.212-227-153-4.plesk.page\/de\/product\/amperemeter-mit-shunt-ecms-weiss-verchromt-12-24v-150150a-52-mm\/","title":{"rendered":"Amperemeter mit Shunt ECMS Wei\u00df verchromt 12\/24V -150+150A 52 mm"},"content":{"rendered":"<p>Amperemeter mit Shunt ECMS Wei\u00df verchromt 12\/24V -150+150A 52 mm &#8211; <\/p>\n<p>Ecms White Chrome 12\/24V Instrumente mit verdrahtetem Molex-Stecker. Polierter Edelstahlrahmen und wei\u00dfes Zifferblatt. Wasserdichte IP67 gesch\u00fctzte gew\u00f6lbte, beschlagfreie Linse. Anpassbares mehrfarbiges LED-hinterleuchtetes Zifferblatt. Die Pegelmesser k\u00f6nnen \u00fcber den Konfigurationsknopf auf der R\u00fcckseite auf jeden Impedanzwert eingestellt werden. Sie sind auf den Standardwert 0-190 Ohm voreingestellt. Die \u00d6l-Druckmesser f\u00fcr 5 und 10 bar sind mit Standard-Sensoren (10-180 Ohm) kompatibel, w\u00e4hrend der 30 bar-Messer nur mit elektronischen Sensoren (0,5-4,5V) kompatibel ist. Die Amperemeter werden mit Sensor (Shunt) zur Strommessung geliefert.<\/p>\n","protected":false},"excerpt":{"rendered":"<p>Amperemeter mit Shunt ECMS Wei\u00df verchromt 12\/24V -150+150A 52 mm &#8211; Ecms White Chrome 12\/24V Instrumente mit verdrahtetem Molex-Stecker. Polierter<\/p>\n","protected":false},"featured_media":5942294,"comment_status":"open","ping_status":"closed","template":"","meta":[],"product_brand":[2910],"product_cat":[1442,1524],"product_tag":[],"class_list":{"0":"post-735151","1":"product","2":"type-product","3":"status-publish","4":"has-post-thumbnail","6":"product_brand-ecms-marine-de","7":"product_cat-bootsbatterien","8":"product_cat-ecms-messgeraete","10":"first","11":"instock","12":"shipping-taxable","13":"purchasable","14":"product-type-simple"},"_links":{"self":[{"href":"https:\/\/stoic-curie.212-227-153-4.plesk.page\/de\/wp-json\/wp\/v2\/product\/735151","targetHints":{"allow":["GET"]}}],"collection":[{"href":"https:\/\/stoic-curie.212-227-153-4.plesk.page\/de\/wp-json\/wp\/v2\/product"}],"about":[{"href":"https:\/\/stoic-curie.212-227-153-4.plesk.page\/de\/wp-json\/wp\/v2\/types\/product"}],"replies":[{"embeddable":true,"href":"https:\/\/stoic-curie.212-227-153-4.plesk.page\/de\/wp-json\/wp\/v2\/comments?post=735151"}],"version-history":[{"count":0,"href":"https:\/\/stoic-curie.212-227-153-4.plesk.page\/de\/wp-json\/wp\/v2\/product\/735151\/revisions"}],"wp:featuredmedia":[{"embeddable":true,"href":"https:\/\/stoic-curie.212-227-153-4.plesk.page\/de\/wp-json\/wp\/v2\/media\/5942294"}],"wp:attachment":[{"href":"https:\/\/stoic-curie.212-227-153-4.plesk.page\/de\/wp-json\/wp\/v2\/media?parent=735151"}],"wp:term":[{"taxonomy":"product_brand","embeddable":true,"href":"https:\/\/stoic-curie.212-227-153-4.plesk.page\/de\/wp-json\/wp\/v2\/product_brand?post=735151"},{"taxonomy":"product_cat","embeddable":true,"href":"https:\/\/stoic-curie.212-227-153-4.plesk.page\/de\/wp-json\/wp\/v2\/product_cat?post=735151"},{"taxonomy":"product_tag","embeddable":true,"href":"https:\/\/stoic-curie.212-227-153-4.plesk.page\/de\/wp-json\/wp\/v2\/product_tag?post=735151"}],"curies":[{"name":"wp","href":"https:\/\/api.w.org\/{rel}","templated":true}]}}