{"id":735152,"date":"2025-03-03T16:26:23","date_gmt":"2025-03-03T15:26:23","guid":{"rendered":"https:\/\/stoic-curie.212-227-153-4.plesk.page\/producto\/amperemeter-mit-shunt-ecms-komplett-schwarz-150-150a\/"},"modified":"2026-02-24T23:34:58","modified_gmt":"2026-02-24T23:34:58","slug":"amperemeter-mit-shunt-ecms-komplett-schwarz-150-150a","status":"publish","type":"product","link":"https:\/\/stoic-curie.212-227-153-4.plesk.page\/de\/product\/amperemeter-mit-shunt-ecms-komplett-schwarz-150-150a\/","title":{"rendered":"Amperemeter mit Shunt ECMS Komplett Schwarz -150 +150A"},"content":{"rendered":"<p>Amperemeter mit Shunt ECMS Komplett Schwarz -150 +150A &#8211; <\/p>\n<p>Ecms 12\/24V All Black Instrumente mit verdrahtetem Molex-Stecker. Schwarzer Edelstahlrahmen und schwarzes Zifferblatt. Wasserdichte, IP67 gesch\u00fctzte kuppelf\u00f6rmige Linse, die gegen Beschlagen resistent ist. Anpassbares, mehrfarbiges LED-hintergrundbeleuchtetes Zifferblatt. Die Niveaumesser k\u00f6nnen \u00fcber die R\u00fcckkonfigurationstaste auf jeden Impedanzwert eingestellt werden. Sie sind auf den Standardwert 0-190 Ohm voreingestellt. Die 5 und 10 Bar \u00d6l Druckmesser sind mit Standard-Sensoren (10-180 Ohm) kompatibel, w\u00e4hrend der 30 Bar nur mit elektronischen Sensoren (0,5-4,5V) kompatibel ist. Die Amperemeter sind komplett mit Sensor (Shunt) zur Strommessung ausgestattet.<\/p>\n","protected":false},"excerpt":{"rendered":"<p>Amperemeter mit Shunt ECMS Komplett Schwarz -150 +150A &#8211; Ecms 12\/24V All Black Instrumente mit verdrahtetem Molex-Stecker. Schwarzer Edelstahlrahmen und<\/p>\n","protected":false},"featured_media":5942910,"comment_status":"open","ping_status":"closed","template":"","meta":[],"product_brand":[2910],"product_cat":[1442,1524],"product_tag":[],"class_list":{"0":"post-735152","1":"product","2":"type-product","3":"status-publish","4":"has-post-thumbnail","6":"product_brand-ecms-marine-de","7":"product_cat-bootsbatterien","8":"product_cat-ecms-messgeraete","10":"first","11":"instock","12":"shipping-taxable","13":"purchasable","14":"product-type-simple"},"_links":{"self":[{"href":"https:\/\/stoic-curie.212-227-153-4.plesk.page\/de\/wp-json\/wp\/v2\/product\/735152","targetHints":{"allow":["GET"]}}],"collection":[{"href":"https:\/\/stoic-curie.212-227-153-4.plesk.page\/de\/wp-json\/wp\/v2\/product"}],"about":[{"href":"https:\/\/stoic-curie.212-227-153-4.plesk.page\/de\/wp-json\/wp\/v2\/types\/product"}],"replies":[{"embeddable":true,"href":"https:\/\/stoic-curie.212-227-153-4.plesk.page\/de\/wp-json\/wp\/v2\/comments?post=735152"}],"version-history":[{"count":0,"href":"https:\/\/stoic-curie.212-227-153-4.plesk.page\/de\/wp-json\/wp\/v2\/product\/735152\/revisions"}],"wp:featuredmedia":[{"embeddable":true,"href":"https:\/\/stoic-curie.212-227-153-4.plesk.page\/de\/wp-json\/wp\/v2\/media\/5942910"}],"wp:attachment":[{"href":"https:\/\/stoic-curie.212-227-153-4.plesk.page\/de\/wp-json\/wp\/v2\/media?parent=735152"}],"wp:term":[{"taxonomy":"product_brand","embeddable":true,"href":"https:\/\/stoic-curie.212-227-153-4.plesk.page\/de\/wp-json\/wp\/v2\/product_brand?post=735152"},{"taxonomy":"product_cat","embeddable":true,"href":"https:\/\/stoic-curie.212-227-153-4.plesk.page\/de\/wp-json\/wp\/v2\/product_cat?post=735152"},{"taxonomy":"product_tag","embeddable":true,"href":"https:\/\/stoic-curie.212-227-153-4.plesk.page\/de\/wp-json\/wp\/v2\/product_tag?post=735152"}],"curies":[{"name":"wp","href":"https:\/\/api.w.org\/{rel}","templated":true}]}}