{"id":735153,"date":"2025-03-03T16:26:23","date_gmt":"2025-03-03T15:26:23","guid":{"rendered":"https:\/\/stoic-curie.212-227-153-4.plesk.page\/producto\/tragbare-kuehlschraenke-icey-tek-hd-260-l-1550-x-580-x-h560-mm\/"},"modified":"2026-02-24T23:34:58","modified_gmt":"2026-02-24T23:34:58","slug":"tragbare-kuehlschraenke-icey-tek-hd-260-l-1550-x-580-x-h560-mm","status":"publish","type":"product","link":"https:\/\/stoic-curie.212-227-153-4.plesk.page\/de\/product\/tragbare-kuehlschraenke-icey-tek-hd-260-l-1550-x-580-x-h560-mm\/","title":{"rendered":"Tragbare K\u00fchlschr\u00e4nke Icey-Tek Hd 260 l"},"content":{"rendered":"<p>Tragbare K\u00fchlschr\u00e4nke Icey-Tek Hd 260 l &#8211; <\/p>\n<p style=\"color: rgb(34, 34, 34); font-family: Arial, Helvetica, sans-serif; font-size: small;\">Tragbare K\u00fchlschr\u00e4nke Icey-Tek Hd 260lt 1550 x 580 x H560mm. Die Icey Tek K\u00fchlboxen werden sorgf\u00e4ltig in Australien entworfen, um extremste Bedingungen zu \u00fcberstehen und die strengen Anforderungen unserer Benutzer zu erf\u00fcllen. In unserem Produktionsprozess verwenden wir hochwertige Materialien, darunter thermoplastische Elastomer-Verschl\u00fcsse, die hohen Temperaturen standhalten, ohne sich zu verformen.<\/p>\n<p style=\"color: rgb(34, 34, 34); font-family: Arial, Helvetica, sans-serif; font-size: small;\">Dieser K\u00fchler in Gewerbequalit\u00e4t bietet ausreichend Platz, um erhebliche F\u00e4nge zu lagern, und sorgt daf\u00fcr, dass Ihre Beute gek\u00fchlt bleibt. Er bietet Platz f\u00fcr ein viertel Elch oder mehrere Rehe und vereint Anpassungsf\u00e4higkeit und Robustheit in einem einzigen Ger\u00e4t.<\/p>\n<ul style=\"color: rgb(34, 34, 34); font-family: Arial, Helvetica, sans-serif; font-size: small;\">\n<li>Ideal f\u00fcr Hochseeangeln oder Gro\u00dfwildjagd<\/li>\n<li>Dient als gro\u00dfer Eistrog f\u00fcr bedeutende Zusammenk\u00fcnfte<\/li>\n<li>Fungiert als Eisbad f\u00fcr Sportler<\/li>\n<\/ul>\n<p style=\"color: rgb(34, 34, 34); font-family: Arial, Helvetica, sans-serif; font-size: small;\"><strong>Robuste Scharniere<\/strong><br \/>Unsere selbstverriegelnden Scharniere sind plastisch geschwei\u00dft und mit Edelstahl-Schrauben verst\u00e4rkt, um die Haltbarkeit zu erh\u00f6hen.<\/p>\n<p style=\"color: rgb(34, 34, 34); font-family: Arial, Helvetica, sans-serif; font-size: small;\"><strong>Fortschrittliche thermoplastische Riegel<\/strong><br \/>Diese innovativen Riegel sind korrosionsbest\u00e4ndig, nicht leitend und UV-stabil, was eine langlebige Funktionalit\u00e4t garantiert.<\/p>\n<p style=\"color: rgb(34, 34, 34); font-family: Arial, Helvetica, sans-serif; font-size: small;\"><strong>Duale Entleerungsstopfen<\/strong><br \/>Das doppelte 25mm Entleerungssystem erm\u00f6glicht eine einfache Entw\u00e4sserung in verschiedenen Szenarien.<\/p>\n<p style=\"color: rgb(34, 34, 34); font-family: Arial, Helvetica, sans-serif; font-size: small;\"><strong> Lebensmittelsichere Auskleidung<\/strong><br \/>Unsere Auskleidungen verhindern effektiv Ger\u00fcche und Kontaminationen von Lebensmitteln, wodurch die Reinigung vereinfacht und der Wartungsaufwand minimiert wird.<\/p>\n","protected":false},"excerpt":{"rendered":"<p>Tragbare K\u00fchlschr\u00e4nke Icey-Tek Hd 260 l &#8211; Tragbare K\u00fchlschr\u00e4nke Icey-Tek Hd 260lt 1550 x 580 x H560mm. Die Icey Tek<\/p>\n","protected":false},"featured_media":5943029,"comment_status":"open","ping_status":"closed","template":"","meta":[],"product_brand":[3005],"product_cat":[1556,1359],"product_tag":[],"class_list":{"0":"post-735153","1":"product","2":"type-product","3":"status-publish","4":"has-post-thumbnail","6":"product_brand-icey-tek-de","7":"product_cat-angelzubehoer","8":"product_cat-kuehlbox-kuehlgeraete","10":"first","11":"instock","12":"shipping-taxable","13":"purchasable","14":"product-type-simple"},"_links":{"self":[{"href":"https:\/\/stoic-curie.212-227-153-4.plesk.page\/de\/wp-json\/wp\/v2\/product\/735153","targetHints":{"allow":["GET"]}}],"collection":[{"href":"https:\/\/stoic-curie.212-227-153-4.plesk.page\/de\/wp-json\/wp\/v2\/product"}],"about":[{"href":"https:\/\/stoic-curie.212-227-153-4.plesk.page\/de\/wp-json\/wp\/v2\/types\/product"}],"replies":[{"embeddable":true,"href":"https:\/\/stoic-curie.212-227-153-4.plesk.page\/de\/wp-json\/wp\/v2\/comments?post=735153"}],"version-history":[{"count":0,"href":"https:\/\/stoic-curie.212-227-153-4.plesk.page\/de\/wp-json\/wp\/v2\/product\/735153\/revisions"}],"wp:featuredmedia":[{"embeddable":true,"href":"https:\/\/stoic-curie.212-227-153-4.plesk.page\/de\/wp-json\/wp\/v2\/media\/5943029"}],"wp:attachment":[{"href":"https:\/\/stoic-curie.212-227-153-4.plesk.page\/de\/wp-json\/wp\/v2\/media?parent=735153"}],"wp:term":[{"taxonomy":"product_brand","embeddable":true,"href":"https:\/\/stoic-curie.212-227-153-4.plesk.page\/de\/wp-json\/wp\/v2\/product_brand?post=735153"},{"taxonomy":"product_cat","embeddable":true,"href":"https:\/\/stoic-curie.212-227-153-4.plesk.page\/de\/wp-json\/wp\/v2\/product_cat?post=735153"},{"taxonomy":"product_tag","embeddable":true,"href":"https:\/\/stoic-curie.212-227-153-4.plesk.page\/de\/wp-json\/wp\/v2\/product_tag?post=735153"}],"curies":[{"name":"wp","href":"https:\/\/api.w.org\/{rel}","templated":true}]}}