{"id":735156,"date":"2025-03-03T16:26:24","date_gmt":"2025-03-03T15:26:24","guid":{"rendered":"https:\/\/stoic-curie.212-227-153-4.plesk.page\/producto\/glomex-altair-tv-fm-antenne\/"},"modified":"2026-02-24T23:34:58","modified_gmt":"2026-02-24T23:34:58","slug":"glomex-altair-tv-fm-antenne","status":"publish","type":"product","link":"https:\/\/stoic-curie.212-227-153-4.plesk.page\/de\/product\/glomex-altair-tv-fm-antenne\/","title":{"rendered":"Glomex Altair TV-FM Antenne"},"content":{"rendered":"<p>Glomex Altair TV-FM Antenne &#8211; <\/p>\n<p>Diese kompakte Glomex Altair TV-Antenne bietet optimale omnidirektionale Leistung mit sowohl horizontalen als auch vertikalen polarisierten Signalen, dank der erh\u00f6hten H\u00f6he des Radomgeh\u00e4uses, die die Integration eines vertikalen Elements erm\u00f6glicht. Ausgestattet mit einem abgeschirmten Verst\u00e4rker mit geringem Rauschfaktor und automatischer Verst\u00e4rkungsregelung (AGC), gew\u00e4hrleistet sie ein perfektes Signal sowohl auf See als auch im Hafen. In Kombination mit einem V9147 (2-Wege, optional) Splitter, der zwischen Antenne und Verst\u00e4rker installiert wird, kann sie auch AM-FM-Radioprogramme empfangen. Universelle 12\/24V Stromversorgung.<\/p>\n","protected":false},"excerpt":{"rendered":"<p>Glomex Altair TV-FM Antenne &#8211; Diese kompakte Glomex Altair TV-Antenne bietet optimale omnidirektionale Leistung mit sowohl horizontalen als auch vertikalen<\/p>\n","protected":false},"featured_media":5943045,"comment_status":"open","ping_status":"closed","template":"","meta":[],"product_brand":[2980],"product_cat":[1467],"product_tag":[],"class_list":{"0":"post-735156","1":"product","2":"type-product","3":"status-publish","4":"has-post-thumbnail","6":"product_brand-glomex-de","7":"product_cat-tv-antennen","9":"first","10":"instock","11":"shipping-taxable","12":"purchasable","13":"product-type-simple"},"_links":{"self":[{"href":"https:\/\/stoic-curie.212-227-153-4.plesk.page\/de\/wp-json\/wp\/v2\/product\/735156","targetHints":{"allow":["GET"]}}],"collection":[{"href":"https:\/\/stoic-curie.212-227-153-4.plesk.page\/de\/wp-json\/wp\/v2\/product"}],"about":[{"href":"https:\/\/stoic-curie.212-227-153-4.plesk.page\/de\/wp-json\/wp\/v2\/types\/product"}],"replies":[{"embeddable":true,"href":"https:\/\/stoic-curie.212-227-153-4.plesk.page\/de\/wp-json\/wp\/v2\/comments?post=735156"}],"version-history":[{"count":0,"href":"https:\/\/stoic-curie.212-227-153-4.plesk.page\/de\/wp-json\/wp\/v2\/product\/735156\/revisions"}],"wp:featuredmedia":[{"embeddable":true,"href":"https:\/\/stoic-curie.212-227-153-4.plesk.page\/de\/wp-json\/wp\/v2\/media\/5943045"}],"wp:attachment":[{"href":"https:\/\/stoic-curie.212-227-153-4.plesk.page\/de\/wp-json\/wp\/v2\/media?parent=735156"}],"wp:term":[{"taxonomy":"product_brand","embeddable":true,"href":"https:\/\/stoic-curie.212-227-153-4.plesk.page\/de\/wp-json\/wp\/v2\/product_brand?post=735156"},{"taxonomy":"product_cat","embeddable":true,"href":"https:\/\/stoic-curie.212-227-153-4.plesk.page\/de\/wp-json\/wp\/v2\/product_cat?post=735156"},{"taxonomy":"product_tag","embeddable":true,"href":"https:\/\/stoic-curie.212-227-153-4.plesk.page\/de\/wp-json\/wp\/v2\/product_tag?post=735156"}],"curies":[{"name":"wp","href":"https:\/\/api.w.org\/{rel}","templated":true}]}}