{"id":735165,"date":"2025-03-03T16:26:26","date_gmt":"2025-03-03T15:26:26","guid":{"rendered":"https:\/\/stoic-curie.212-227-153-4.plesk.page\/producto\/verzinkter-stahl-d-buegelschaekel-16-x-33-mm\/"},"modified":"2026-02-24T23:34:58","modified_gmt":"2026-02-24T23:34:58","slug":"verzinkter-stahl-d-buegelschaekel-16-x-33-mm","status":"publish","type":"product","link":"https:\/\/stoic-curie.212-227-153-4.plesk.page\/de\/product\/verzinkter-stahl-d-buegelschaekel-16-x-33-mm\/","title":{"rendered":"Verzinkter Stahl-D-B\u00fcgelsch\u00e4kel 16 x 33 mm"},"content":{"rendered":"<p>Verzinkter Stahl-D-B\u00fcgelsch\u00e4kel 16 x 33 mm &#8211; <\/p>\n<p>Galvanisierter Stahl kompakter Anker. F\u00fcr: Sand &#8211; Schlamm. Oft als zweiter Anker verwendet.<\/p>\n","protected":false},"excerpt":{"rendered":"<p>Verzinkter Stahl-D-B\u00fcgelsch\u00e4kel 16 x 33 mm &#8211; Galvanisierter Stahl kompakter Anker. F\u00fcr: Sand &#8211; Schlamm. Oft als zweiter Anker verwendet.<\/p>\n","protected":false},"featured_media":5943050,"comment_status":"open","ping_status":"closed","template":"","meta":[],"product_brand":[3085],"product_cat":[1577],"product_tag":[],"class_list":{"0":"post-735165","1":"product","2":"type-product","3":"status-publish","4":"has-post-thumbnail","6":"product_brand-maggigroup-de","7":"product_cat-anker-hall","9":"first","10":"instock","11":"shipping-taxable","12":"purchasable","13":"product-type-simple"},"_links":{"self":[{"href":"https:\/\/stoic-curie.212-227-153-4.plesk.page\/de\/wp-json\/wp\/v2\/product\/735165","targetHints":{"allow":["GET"]}}],"collection":[{"href":"https:\/\/stoic-curie.212-227-153-4.plesk.page\/de\/wp-json\/wp\/v2\/product"}],"about":[{"href":"https:\/\/stoic-curie.212-227-153-4.plesk.page\/de\/wp-json\/wp\/v2\/types\/product"}],"replies":[{"embeddable":true,"href":"https:\/\/stoic-curie.212-227-153-4.plesk.page\/de\/wp-json\/wp\/v2\/comments?post=735165"}],"version-history":[{"count":0,"href":"https:\/\/stoic-curie.212-227-153-4.plesk.page\/de\/wp-json\/wp\/v2\/product\/735165\/revisions"}],"wp:featuredmedia":[{"embeddable":true,"href":"https:\/\/stoic-curie.212-227-153-4.plesk.page\/de\/wp-json\/wp\/v2\/media\/5943050"}],"wp:attachment":[{"href":"https:\/\/stoic-curie.212-227-153-4.plesk.page\/de\/wp-json\/wp\/v2\/media?parent=735165"}],"wp:term":[{"taxonomy":"product_brand","embeddable":true,"href":"https:\/\/stoic-curie.212-227-153-4.plesk.page\/de\/wp-json\/wp\/v2\/product_brand?post=735165"},{"taxonomy":"product_cat","embeddable":true,"href":"https:\/\/stoic-curie.212-227-153-4.plesk.page\/de\/wp-json\/wp\/v2\/product_cat?post=735165"},{"taxonomy":"product_tag","embeddable":true,"href":"https:\/\/stoic-curie.212-227-153-4.plesk.page\/de\/wp-json\/wp\/v2\/product_tag?post=735165"}],"curies":[{"name":"wp","href":"https:\/\/api.w.org\/{rel}","templated":true}]}}