{"id":735198,"date":"2025-03-03T16:26:32","date_gmt":"2025-03-03T15:26:32","guid":{"rendered":"https:\/\/stoic-curie.212-227-153-4.plesk.page\/producto\/edelstahl-runder-druckverschluss-r2-ohne-schluessel-78-mm\/"},"modified":"2026-02-24T23:34:59","modified_gmt":"2026-02-24T23:34:59","slug":"edelstahl-runder-druckverschluss-r2-ohne-schluessel-78-mm","status":"publish","type":"product","link":"https:\/\/stoic-curie.212-227-153-4.plesk.page\/de\/product\/edelstahl-runder-druckverschluss-r2-ohne-schluessel-78-mm\/","title":{"rendered":"Edelstahl-Runder Druckverschluss R2 ohne Schl\u00fcssel 78 mm"},"content":{"rendered":"<p>Edelstahl-Runder Druckverschluss R2 ohne Schl\u00fcssel 78 mm &#8211; Runder Kompressionsverschluss aus Edelstahl mit einstellbarem Riegel. Sichtbare Platte mit von der Handhabung verdeckten Schraubenl\u00f6chern, Montage mit Schrauben von au\u00dfen. Wird zum \u00d6ffnen und Schlie\u00dfen von Luken und Schotten verwendet.<\/p>\n","protected":false},"excerpt":{"rendered":"<p>Edelstahl-Runder Druckverschluss R2 ohne Schl\u00fcssel 78 mm &#8211; Runder Kompressionsverschluss aus Edelstahl mit einstellbarem Riegel. Sichtbare Platte mit von der<\/p>\n","protected":false},"featured_media":5943109,"comment_status":"open","ping_status":"closed","template":"","meta":[],"product_brand":[3135],"product_cat":[1400,1421],"product_tag":[],"class_list":{"0":"post-735198","1":"product","2":"type-product","3":"status-publish","4":"has-post-thumbnail","6":"product_brand-masterlock-de","7":"product_cat-bootsverschluesse","8":"product_cat-tuerschloesser","10":"first","11":"outofstock","12":"shipping-taxable","13":"purchasable","14":"product-type-simple"},"_links":{"self":[{"href":"https:\/\/stoic-curie.212-227-153-4.plesk.page\/de\/wp-json\/wp\/v2\/product\/735198","targetHints":{"allow":["GET"]}}],"collection":[{"href":"https:\/\/stoic-curie.212-227-153-4.plesk.page\/de\/wp-json\/wp\/v2\/product"}],"about":[{"href":"https:\/\/stoic-curie.212-227-153-4.plesk.page\/de\/wp-json\/wp\/v2\/types\/product"}],"replies":[{"embeddable":true,"href":"https:\/\/stoic-curie.212-227-153-4.plesk.page\/de\/wp-json\/wp\/v2\/comments?post=735198"}],"version-history":[{"count":0,"href":"https:\/\/stoic-curie.212-227-153-4.plesk.page\/de\/wp-json\/wp\/v2\/product\/735198\/revisions"}],"wp:featuredmedia":[{"embeddable":true,"href":"https:\/\/stoic-curie.212-227-153-4.plesk.page\/de\/wp-json\/wp\/v2\/media\/5943109"}],"wp:attachment":[{"href":"https:\/\/stoic-curie.212-227-153-4.plesk.page\/de\/wp-json\/wp\/v2\/media?parent=735198"}],"wp:term":[{"taxonomy":"product_brand","embeddable":true,"href":"https:\/\/stoic-curie.212-227-153-4.plesk.page\/de\/wp-json\/wp\/v2\/product_brand?post=735198"},{"taxonomy":"product_cat","embeddable":true,"href":"https:\/\/stoic-curie.212-227-153-4.plesk.page\/de\/wp-json\/wp\/v2\/product_cat?post=735198"},{"taxonomy":"product_tag","embeddable":true,"href":"https:\/\/stoic-curie.212-227-153-4.plesk.page\/de\/wp-json\/wp\/v2\/product_tag?post=735198"}],"curies":[{"name":"wp","href":"https:\/\/api.w.org\/{rel}","templated":true}]}}