{"id":735207,"date":"2025-03-03T16:26:34","date_gmt":"2025-03-03T15:26:34","guid":{"rendered":"https:\/\/stoic-curie.212-227-153-4.plesk.page\/producto\/einsteckschloss-rechts-44x425mm-modell-4023\/"},"modified":"2026-02-24T23:34:59","modified_gmt":"2026-02-24T23:34:59","slug":"einsteckschloss-rechts-44x425mm-modell-4023","status":"publish","type":"product","link":"https:\/\/stoic-curie.212-227-153-4.plesk.page\/de\/product\/einsteckschloss-rechts-44x425mm-modell-4023\/","title":{"rendered":"Einsteckschloss Rechts 44&#215;42,5mm Modell 4023"},"content":{"rendered":"<p>Einsteckschloss Rechts 44&#215;42,5mm Modell 4023 &#8211; <\/p>\n<p>Einsteckschloss mit flachem Schlie\u00dfblech. Geh\u00e4use aus verchromtem Messing, rostfreie Elemente. T\u00fcrgriffe sind separat zu bestellen.<\/p>\n","protected":false},"excerpt":{"rendered":"<p>Einsteckschloss Rechts 44&#215;42,5mm Modell 4023 &#8211; Einsteckschloss mit flachem Schlie\u00dfblech. Geh\u00e4use aus verchromtem Messing, rostfreie Elemente. T\u00fcrgriffe sind separat zu<\/p>\n","protected":false},"featured_media":5943149,"comment_status":"open","ping_status":"closed","template":"","meta":[],"product_brand":[2945],"product_cat":[1421],"product_tag":[],"class_list":{"0":"post-735207","1":"product","2":"type-product","3":"status-publish","4":"has-post-thumbnail","6":"product_brand-foresti-suardi-de","7":"product_cat-tuerschloesser","9":"first","10":"instock","11":"shipping-taxable","12":"purchasable","13":"product-type-simple"},"_links":{"self":[{"href":"https:\/\/stoic-curie.212-227-153-4.plesk.page\/de\/wp-json\/wp\/v2\/product\/735207","targetHints":{"allow":["GET"]}}],"collection":[{"href":"https:\/\/stoic-curie.212-227-153-4.plesk.page\/de\/wp-json\/wp\/v2\/product"}],"about":[{"href":"https:\/\/stoic-curie.212-227-153-4.plesk.page\/de\/wp-json\/wp\/v2\/types\/product"}],"replies":[{"embeddable":true,"href":"https:\/\/stoic-curie.212-227-153-4.plesk.page\/de\/wp-json\/wp\/v2\/comments?post=735207"}],"version-history":[{"count":0,"href":"https:\/\/stoic-curie.212-227-153-4.plesk.page\/de\/wp-json\/wp\/v2\/product\/735207\/revisions"}],"wp:featuredmedia":[{"embeddable":true,"href":"https:\/\/stoic-curie.212-227-153-4.plesk.page\/de\/wp-json\/wp\/v2\/media\/5943149"}],"wp:attachment":[{"href":"https:\/\/stoic-curie.212-227-153-4.plesk.page\/de\/wp-json\/wp\/v2\/media?parent=735207"}],"wp:term":[{"taxonomy":"product_brand","embeddable":true,"href":"https:\/\/stoic-curie.212-227-153-4.plesk.page\/de\/wp-json\/wp\/v2\/product_brand?post=735207"},{"taxonomy":"product_cat","embeddable":true,"href":"https:\/\/stoic-curie.212-227-153-4.plesk.page\/de\/wp-json\/wp\/v2\/product_cat?post=735207"},{"taxonomy":"product_tag","embeddable":true,"href":"https:\/\/stoic-curie.212-227-153-4.plesk.page\/de\/wp-json\/wp\/v2\/product_tag?post=735207"}],"curies":[{"name":"wp","href":"https:\/\/api.w.org\/{rel}","templated":true}]}}