{"id":735213,"date":"2025-03-03T16:26:35","date_gmt":"2025-03-03T15:26:35","guid":{"rendered":"https:\/\/stoic-curie.212-227-153-4.plesk.page\/producto\/mobella-eingebauter-talon-tuerriegel-23-28mm\/"},"modified":"2026-02-24T23:34:59","modified_gmt":"2026-02-24T23:34:59","slug":"mobella-eingebauter-talon-tuerriegel-23-28mm","status":"publish","type":"product","link":"https:\/\/stoic-curie.212-227-153-4.plesk.page\/de\/product\/mobella-eingebauter-talon-tuerriegel-23-28mm\/","title":{"rendered":"Mobella Eingebauter Talon T\u00fcrriegel 23-28mm"},"content":{"rendered":"<p>Mobella Eingebauter Talon T\u00fcrriegel 23-28mm &#8211; <\/p>\n<p>Versenkter T\u00fcrschloss f\u00fcr Aluminium-, Holz- oder Fiberglasset\u00fcren. Hervorragende Korrosions- und Salzbest\u00e4ndigkeit. Ausgestattet mit einem positiven Griffmechanismus, der T\u00fcren selbst unter extremen Bedingungen geschlossen h\u00e4lt. Universelles R\/L Schloss.<\/p>\n","protected":false},"excerpt":{"rendered":"<p>Mobella Eingebauter Talon T\u00fcrriegel 23-28mm &#8211; Versenkter T\u00fcrschloss f\u00fcr Aluminium-, Holz- oder Fiberglasset\u00fcren. Hervorragende Korrosions- und Salzbest\u00e4ndigkeit. Ausgestattet mit einem<\/p>\n","protected":false},"featured_media":5943159,"comment_status":"open","ping_status":"closed","template":"","meta":[],"product_brand":[3415],"product_cat":[1421],"product_tag":[],"class_list":{"0":"post-735213","1":"product","2":"type-product","3":"status-publish","4":"has-post-thumbnail","6":"product_brand-southco-mobella-de","7":"product_cat-tuerschloesser","9":"first","10":"instock","11":"shipping-taxable","12":"purchasable","13":"product-type-simple"},"_links":{"self":[{"href":"https:\/\/stoic-curie.212-227-153-4.plesk.page\/de\/wp-json\/wp\/v2\/product\/735213","targetHints":{"allow":["GET"]}}],"collection":[{"href":"https:\/\/stoic-curie.212-227-153-4.plesk.page\/de\/wp-json\/wp\/v2\/product"}],"about":[{"href":"https:\/\/stoic-curie.212-227-153-4.plesk.page\/de\/wp-json\/wp\/v2\/types\/product"}],"replies":[{"embeddable":true,"href":"https:\/\/stoic-curie.212-227-153-4.plesk.page\/de\/wp-json\/wp\/v2\/comments?post=735213"}],"version-history":[{"count":0,"href":"https:\/\/stoic-curie.212-227-153-4.plesk.page\/de\/wp-json\/wp\/v2\/product\/735213\/revisions"}],"wp:featuredmedia":[{"embeddable":true,"href":"https:\/\/stoic-curie.212-227-153-4.plesk.page\/de\/wp-json\/wp\/v2\/media\/5943159"}],"wp:attachment":[{"href":"https:\/\/stoic-curie.212-227-153-4.plesk.page\/de\/wp-json\/wp\/v2\/media?parent=735213"}],"wp:term":[{"taxonomy":"product_brand","embeddable":true,"href":"https:\/\/stoic-curie.212-227-153-4.plesk.page\/de\/wp-json\/wp\/v2\/product_brand?post=735213"},{"taxonomy":"product_cat","embeddable":true,"href":"https:\/\/stoic-curie.212-227-153-4.plesk.page\/de\/wp-json\/wp\/v2\/product_cat?post=735213"},{"taxonomy":"product_tag","embeddable":true,"href":"https:\/\/stoic-curie.212-227-153-4.plesk.page\/de\/wp-json\/wp\/v2\/product_tag?post=735213"}],"curies":[{"name":"wp","href":"https:\/\/api.w.org\/{rel}","templated":true}]}}