{"id":735219,"date":"2025-03-03T16:26:37","date_gmt":"2025-03-03T15:26:37","guid":{"rendered":"https:\/\/stoic-curie.212-227-153-4.plesk.page\/producto\/foldable-ladder-3-wood-steps-with-handrail-23-x-h67cm\/"},"modified":"2026-02-24T23:34:59","modified_gmt":"2026-02-24T23:34:59","slug":"foldable-ladder-3-wood-steps-with-handrail-23-x-h67cm","status":"publish","type":"product","link":"https:\/\/stoic-curie.212-227-153-4.plesk.page\/de\/product\/foldable-ladder-3-wood-steps-with-handrail-23-x-h67cm\/","title":{"rendered":"Foldable Ladder 3 Wood Steps with Handrail 23 x H67cm"},"content":{"rendered":"<p>Foldable Ladder 3 Wood Steps with Handrail 23 x H67cm &#8211; <\/p>\n<p>Edelstahl faltbare Handlauf-Bordetreppen. Behandeltes Holzstufen. H: H\u00f6he mit ge\u00f6ffneter Leiter H1: H\u00f6he mit geschlossener Leiter<\/p>\n","protected":false},"excerpt":{"rendered":"<p>Foldable Ladder 3 Wood Steps with Handrail 23 x H67cm &#8211; Edelstahl faltbare Handlauf-Bordetreppen. Behandeltes Holzstufen. H: H\u00f6he mit ge\u00f6ffneter<\/p>\n","protected":false},"featured_media":5943218,"comment_status":"open","ping_status":"closed","template":"","meta":[],"product_brand":[3490],"product_cat":[1331],"product_tag":[],"class_list":{"0":"post-735219","1":"product","2":"type-product","3":"status-publish","4":"has-post-thumbnail","6":"product_brand-trem-de","7":"product_cat-bootsleitern","9":"first","10":"instock","11":"shipping-taxable","12":"purchasable","13":"product-type-simple"},"_links":{"self":[{"href":"https:\/\/stoic-curie.212-227-153-4.plesk.page\/de\/wp-json\/wp\/v2\/product\/735219","targetHints":{"allow":["GET"]}}],"collection":[{"href":"https:\/\/stoic-curie.212-227-153-4.plesk.page\/de\/wp-json\/wp\/v2\/product"}],"about":[{"href":"https:\/\/stoic-curie.212-227-153-4.plesk.page\/de\/wp-json\/wp\/v2\/types\/product"}],"replies":[{"embeddable":true,"href":"https:\/\/stoic-curie.212-227-153-4.plesk.page\/de\/wp-json\/wp\/v2\/comments?post=735219"}],"version-history":[{"count":0,"href":"https:\/\/stoic-curie.212-227-153-4.plesk.page\/de\/wp-json\/wp\/v2\/product\/735219\/revisions"}],"wp:featuredmedia":[{"embeddable":true,"href":"https:\/\/stoic-curie.212-227-153-4.plesk.page\/de\/wp-json\/wp\/v2\/media\/5943218"}],"wp:attachment":[{"href":"https:\/\/stoic-curie.212-227-153-4.plesk.page\/de\/wp-json\/wp\/v2\/media?parent=735219"}],"wp:term":[{"taxonomy":"product_brand","embeddable":true,"href":"https:\/\/stoic-curie.212-227-153-4.plesk.page\/de\/wp-json\/wp\/v2\/product_brand?post=735219"},{"taxonomy":"product_cat","embeddable":true,"href":"https:\/\/stoic-curie.212-227-153-4.plesk.page\/de\/wp-json\/wp\/v2\/product_cat?post=735219"},{"taxonomy":"product_tag","embeddable":true,"href":"https:\/\/stoic-curie.212-227-153-4.plesk.page\/de\/wp-json\/wp\/v2\/product_tag?post=735219"}],"curies":[{"name":"wp","href":"https:\/\/api.w.org\/{rel}","templated":true}]}}