{"id":735221,"date":"2025-03-03T16:26:37","date_gmt":"2025-03-03T15:26:37","guid":{"rendered":"https:\/\/stoic-curie.212-227-153-4.plesk.page\/producto\/foldable-ladder-with-handrail-5-wood-steps-115-x-23cm\/"},"modified":"2026-02-24T23:34:59","modified_gmt":"2026-02-24T23:34:59","slug":"foldable-ladder-with-handrail-5-wood-steps-115-x-23cm","status":"publish","type":"product","link":"https:\/\/stoic-curie.212-227-153-4.plesk.page\/de\/product\/foldable-ladder-with-handrail-5-wood-steps-115-x-23cm\/","title":{"rendered":"Foldable Ladder with Handrail  5 Wood Steps ( 115 x 23cm)"},"content":{"rendered":"<p>Foldable Ladder with Handrail  5 Wood Steps ( 115 x 23cm) &#8211; <\/p>\n<p>Edelstahl Klaphandlauf Eintauchleiter. Behandelter Holztritt. H: H\u00f6he mit ge\u00f6ffneter Leiter H1: H\u00f6he mit geschlossener Leiter<\/p>\n","protected":false},"excerpt":{"rendered":"<p>Foldable Ladder with Handrail 5 Wood Steps ( 115 x 23cm) &#8211; Edelstahl Klaphandlauf Eintauchleiter. Behandelter Holztritt. H: H\u00f6he mit<\/p>\n","protected":false},"featured_media":5943218,"comment_status":"open","ping_status":"closed","template":"","meta":[],"product_brand":[3490],"product_cat":[1331],"product_tag":[],"class_list":{"0":"post-735221","1":"product","2":"type-product","3":"status-publish","4":"has-post-thumbnail","6":"product_brand-trem-de","7":"product_cat-bootsleitern","9":"first","10":"instock","11":"shipping-taxable","12":"purchasable","13":"product-type-simple"},"_links":{"self":[{"href":"https:\/\/stoic-curie.212-227-153-4.plesk.page\/de\/wp-json\/wp\/v2\/product\/735221","targetHints":{"allow":["GET"]}}],"collection":[{"href":"https:\/\/stoic-curie.212-227-153-4.plesk.page\/de\/wp-json\/wp\/v2\/product"}],"about":[{"href":"https:\/\/stoic-curie.212-227-153-4.plesk.page\/de\/wp-json\/wp\/v2\/types\/product"}],"replies":[{"embeddable":true,"href":"https:\/\/stoic-curie.212-227-153-4.plesk.page\/de\/wp-json\/wp\/v2\/comments?post=735221"}],"version-history":[{"count":0,"href":"https:\/\/stoic-curie.212-227-153-4.plesk.page\/de\/wp-json\/wp\/v2\/product\/735221\/revisions"}],"wp:featuredmedia":[{"embeddable":true,"href":"https:\/\/stoic-curie.212-227-153-4.plesk.page\/de\/wp-json\/wp\/v2\/media\/5943218"}],"wp:attachment":[{"href":"https:\/\/stoic-curie.212-227-153-4.plesk.page\/de\/wp-json\/wp\/v2\/media?parent=735221"}],"wp:term":[{"taxonomy":"product_brand","embeddable":true,"href":"https:\/\/stoic-curie.212-227-153-4.plesk.page\/de\/wp-json\/wp\/v2\/product_brand?post=735221"},{"taxonomy":"product_cat","embeddable":true,"href":"https:\/\/stoic-curie.212-227-153-4.plesk.page\/de\/wp-json\/wp\/v2\/product_cat?post=735221"},{"taxonomy":"product_tag","embeddable":true,"href":"https:\/\/stoic-curie.212-227-153-4.plesk.page\/de\/wp-json\/wp\/v2\/product_tag?post=735221"}],"curies":[{"name":"wp","href":"https:\/\/api.w.org\/{rel}","templated":true}]}}