{"id":735223,"date":"2025-03-03T16:26:38","date_gmt":"2025-03-03T15:26:38","guid":{"rendered":"https:\/\/stoic-curie.212-227-153-4.plesk.page\/producto\/edelstahl-teleskopleitern-4-stufen-fuer-plattform-29-x-h115cm\/"},"modified":"2026-02-24T23:34:59","modified_gmt":"2026-02-24T23:34:59","slug":"edelstahl-teleskopleitern-4-stufen-fuer-plattform-29-x-h115cm","status":"publish","type":"product","link":"https:\/\/stoic-curie.212-227-153-4.plesk.page\/de\/product\/edelstahl-teleskopleitern-4-stufen-fuer-plattform-29-x-h115cm\/","title":{"rendered":"Edelstahl-Teleskopleitern 4 Stufen f\u00fcr Plattform 29 x H115cm"},"content":{"rendered":"<p>Edelstahl-Teleskopleitern 4 Stufen f\u00fcr Plattform 29 x H115cm &#8211; <\/p>\n<p>Zusammenklappbare Teleskopleitern aus rostfreiem Stahl. Flache Polypropylen-Stufen f\u00fcr erh\u00f6hten Komfort.<\/p>\n","protected":false},"excerpt":{"rendered":"<p>Edelstahl-Teleskopleitern 4 Stufen f\u00fcr Plattform 29 x H115cm &#8211; Zusammenklappbare Teleskopleitern aus rostfreiem Stahl. Flache Polypropylen-Stufen f\u00fcr erh\u00f6hten Komfort.<\/p>\n","protected":false},"featured_media":5938190,"comment_status":"open","ping_status":"closed","template":"","meta":[],"product_brand":[3490],"product_cat":[1331],"product_tag":[],"class_list":{"0":"post-735223","1":"product","2":"type-product","3":"status-publish","4":"has-post-thumbnail","6":"product_brand-trem-de","7":"product_cat-bootsleitern","9":"first","10":"instock","11":"shipping-taxable","12":"purchasable","13":"product-type-simple"},"_links":{"self":[{"href":"https:\/\/stoic-curie.212-227-153-4.plesk.page\/de\/wp-json\/wp\/v2\/product\/735223","targetHints":{"allow":["GET"]}}],"collection":[{"href":"https:\/\/stoic-curie.212-227-153-4.plesk.page\/de\/wp-json\/wp\/v2\/product"}],"about":[{"href":"https:\/\/stoic-curie.212-227-153-4.plesk.page\/de\/wp-json\/wp\/v2\/types\/product"}],"replies":[{"embeddable":true,"href":"https:\/\/stoic-curie.212-227-153-4.plesk.page\/de\/wp-json\/wp\/v2\/comments?post=735223"}],"version-history":[{"count":0,"href":"https:\/\/stoic-curie.212-227-153-4.plesk.page\/de\/wp-json\/wp\/v2\/product\/735223\/revisions"}],"wp:featuredmedia":[{"embeddable":true,"href":"https:\/\/stoic-curie.212-227-153-4.plesk.page\/de\/wp-json\/wp\/v2\/media\/5938190"}],"wp:attachment":[{"href":"https:\/\/stoic-curie.212-227-153-4.plesk.page\/de\/wp-json\/wp\/v2\/media?parent=735223"}],"wp:term":[{"taxonomy":"product_brand","embeddable":true,"href":"https:\/\/stoic-curie.212-227-153-4.plesk.page\/de\/wp-json\/wp\/v2\/product_brand?post=735223"},{"taxonomy":"product_cat","embeddable":true,"href":"https:\/\/stoic-curie.212-227-153-4.plesk.page\/de\/wp-json\/wp\/v2\/product_cat?post=735223"},{"taxonomy":"product_tag","embeddable":true,"href":"https:\/\/stoic-curie.212-227-153-4.plesk.page\/de\/wp-json\/wp\/v2\/product_tag?post=735223"}],"curies":[{"name":"wp","href":"https:\/\/api.w.org\/{rel}","templated":true}]}}