{"id":735227,"date":"2025-03-03T16:26:38","date_gmt":"2025-03-03T15:26:38","guid":{"rendered":"https:\/\/stoic-curie.212-227-153-4.plesk.page\/producto\/grosse-heckplattformen-1700x550-mm\/"},"modified":"2026-02-24T23:34:59","modified_gmt":"2026-02-24T23:34:59","slug":"grosse-heckplattformen-1700x550-mm","status":"publish","type":"product","link":"https:\/\/stoic-curie.212-227-153-4.plesk.page\/de\/product\/grosse-heckplattformen-1700x550-mm\/","title":{"rendered":"Gro\u00dfe Heckplattformen 1700&#215;550 mm"},"content":{"rendered":"<p>Gro\u00dfe Heckplattformen 1700&#215;550 mm &#8211; <\/p>\n<p><span style=\"color: rgb(34, 34, 34); font-family: Arial, Helvetica, sans-serif; font-size: small;\">Wir pr\u00e4sentieren eine robuste Schwimmplattform aus Edelstahl und hochwertigen Doussie-Marineholz-Paneelen. Diese Badestelle im geraden Design ist f\u00fcr eine langfristige Haltbarkeit und Stabilit\u00e4t konzipiert. Die Installation erfolgt m\u00fchelos mit den mitgelieferten verstellbaren Beschl\u00e4gen und Streben, die zus\u00e4tzlich als praktische Griffe f\u00fcr extra Unterst\u00fctzung dienen. Hergestellt aus s\u00e4urebest\u00e4ndigem AISI316-Edelstahl und hochwertigem Teakholz, ist diese Plattform darauf ausgelegt, widrigen Wetterbedingungen standzuhalten. Au\u00dferdem ist sie mit verschiedenen Treppentypen kompatibel, um Ihnen zus\u00e4tzlichen Komfort zu bieten.<\/span><\/p>\n","protected":false},"excerpt":{"rendered":"<p>Gro\u00dfe Heckplattformen 1700&#215;550 mm &#8211; Wir pr\u00e4sentieren eine robuste Schwimmplattform aus Edelstahl und hochwertigen Doussie-Marineholz-Paneelen. Diese Badestelle im geraden Design<\/p>\n","protected":false},"featured_media":5943224,"comment_status":"open","ping_status":"closed","template":"","meta":[],"product_brand":[3490],"product_cat":[1327,1407],"product_tag":[],"class_list":{"0":"post-735227","1":"product","2":"type-product","3":"status-publish","4":"has-post-thumbnail","6":"product_brand-trem-de","7":"product_cat-boots-badeplattformen","8":"product_cat-heckplattformen","10":"first","11":"outofstock","12":"shipping-taxable","13":"purchasable","14":"product-type-simple"},"_links":{"self":[{"href":"https:\/\/stoic-curie.212-227-153-4.plesk.page\/de\/wp-json\/wp\/v2\/product\/735227","targetHints":{"allow":["GET"]}}],"collection":[{"href":"https:\/\/stoic-curie.212-227-153-4.plesk.page\/de\/wp-json\/wp\/v2\/product"}],"about":[{"href":"https:\/\/stoic-curie.212-227-153-4.plesk.page\/de\/wp-json\/wp\/v2\/types\/product"}],"replies":[{"embeddable":true,"href":"https:\/\/stoic-curie.212-227-153-4.plesk.page\/de\/wp-json\/wp\/v2\/comments?post=735227"}],"version-history":[{"count":0,"href":"https:\/\/stoic-curie.212-227-153-4.plesk.page\/de\/wp-json\/wp\/v2\/product\/735227\/revisions"}],"wp:featuredmedia":[{"embeddable":true,"href":"https:\/\/stoic-curie.212-227-153-4.plesk.page\/de\/wp-json\/wp\/v2\/media\/5943224"}],"wp:attachment":[{"href":"https:\/\/stoic-curie.212-227-153-4.plesk.page\/de\/wp-json\/wp\/v2\/media?parent=735227"}],"wp:term":[{"taxonomy":"product_brand","embeddable":true,"href":"https:\/\/stoic-curie.212-227-153-4.plesk.page\/de\/wp-json\/wp\/v2\/product_brand?post=735227"},{"taxonomy":"product_cat","embeddable":true,"href":"https:\/\/stoic-curie.212-227-153-4.plesk.page\/de\/wp-json\/wp\/v2\/product_cat?post=735227"},{"taxonomy":"product_tag","embeddable":true,"href":"https:\/\/stoic-curie.212-227-153-4.plesk.page\/de\/wp-json\/wp\/v2\/product_tag?post=735227"}],"curies":[{"name":"wp","href":"https:\/\/api.w.org\/{rel}","templated":true}]}}