{"id":735233,"date":"2025-03-03T16:26:39","date_gmt":"2025-03-03T15:26:39","guid":{"rendered":"https:\/\/stoic-curie.212-227-153-4.plesk.page\/producto\/aussenborderhalterung-fuer-plattformen-max-35-kg\/"},"modified":"2026-02-24T23:34:59","modified_gmt":"2026-02-24T23:34:59","slug":"aussenborderhalterung-fuer-plattformen-max-35-kg","status":"publish","type":"product","link":"https:\/\/stoic-curie.212-227-153-4.plesk.page\/de\/product\/aussenborderhalterung-fuer-plattformen-max-35-kg\/","title":{"rendered":"Au\u00dfenborderhalterung f\u00fcr Plattformen (max. 35 kg)"},"content":{"rendered":"<p>Au\u00dfenborderhalterung f\u00fcr Plattformen (max. 35 kg) &#8211; <\/p>\n<p>Edelstahlbeschl\u00e4ge und Marine-Plywood-Platine Au\u00dfenbordhalterung. Doppelklingenband mit Durchgangsschraube f\u00fcr die Plattformmontage. Die Basisl\u00e4nge der Halterung betr\u00e4gt 250 mm.<\/p>\n","protected":false},"excerpt":{"rendered":"<p>Au\u00dfenborderhalterung f\u00fcr Plattformen (max. 35 kg) &#8211; Edelstahlbeschl\u00e4ge und Marine-Plywood-Platine Au\u00dfenbordhalterung. Doppelklingenband mit Durchgangsschraube f\u00fcr die Plattformmontage. Die Basisl\u00e4nge der<\/p>\n","protected":false},"featured_media":5943236,"comment_status":"open","ping_status":"closed","template":"","meta":[],"product_brand":[3490],"product_cat":[1327,1407,1540],"product_tag":[],"class_list":{"0":"post-735233","1":"product","2":"type-product","3":"status-publish","4":"has-post-thumbnail","6":"product_brand-trem-de","7":"product_cat-boots-badeplattformen","8":"product_cat-heckplattformen","9":"product_cat-zubehoer-fuer-aussenborder","11":"first","12":"instock","13":"shipping-taxable","14":"purchasable","15":"product-type-simple"},"_links":{"self":[{"href":"https:\/\/stoic-curie.212-227-153-4.plesk.page\/de\/wp-json\/wp\/v2\/product\/735233","targetHints":{"allow":["GET"]}}],"collection":[{"href":"https:\/\/stoic-curie.212-227-153-4.plesk.page\/de\/wp-json\/wp\/v2\/product"}],"about":[{"href":"https:\/\/stoic-curie.212-227-153-4.plesk.page\/de\/wp-json\/wp\/v2\/types\/product"}],"replies":[{"embeddable":true,"href":"https:\/\/stoic-curie.212-227-153-4.plesk.page\/de\/wp-json\/wp\/v2\/comments?post=735233"}],"version-history":[{"count":0,"href":"https:\/\/stoic-curie.212-227-153-4.plesk.page\/de\/wp-json\/wp\/v2\/product\/735233\/revisions"}],"wp:featuredmedia":[{"embeddable":true,"href":"https:\/\/stoic-curie.212-227-153-4.plesk.page\/de\/wp-json\/wp\/v2\/media\/5943236"}],"wp:attachment":[{"href":"https:\/\/stoic-curie.212-227-153-4.plesk.page\/de\/wp-json\/wp\/v2\/media?parent=735233"}],"wp:term":[{"taxonomy":"product_brand","embeddable":true,"href":"https:\/\/stoic-curie.212-227-153-4.plesk.page\/de\/wp-json\/wp\/v2\/product_brand?post=735233"},{"taxonomy":"product_cat","embeddable":true,"href":"https:\/\/stoic-curie.212-227-153-4.plesk.page\/de\/wp-json\/wp\/v2\/product_cat?post=735233"},{"taxonomy":"product_tag","embeddable":true,"href":"https:\/\/stoic-curie.212-227-153-4.plesk.page\/de\/wp-json\/wp\/v2\/product_tag?post=735233"}],"curies":[{"name":"wp","href":"https:\/\/api.w.org\/{rel}","templated":true}]}}