{"id":735234,"date":"2025-03-03T16:26:40","date_gmt":"2025-03-03T15:26:40","guid":{"rendered":"https:\/\/stoic-curie.212-227-153-4.plesk.page\/producto\/davits-durch-deck-montage-paar-d40-h180cm-120kg\/"},"modified":"2026-02-24T23:34:59","modified_gmt":"2026-02-24T23:34:59","slug":"davits-durch-deck-montage-paar-d40-h180cm-120kg","status":"publish","type":"product","link":"https:\/\/stoic-curie.212-227-153-4.plesk.page\/de\/product\/davits-durch-deck-montage-paar-d40-h180cm-120kg\/","title":{"rendered":"Edelstahl-Davits D40mm H180cm 120kg"},"content":{"rendered":"<p>Edelstahl-Davits D40mm H180cm 120kg &#8211; <\/p>\n<p>Polierte Edelstahl-Durchdeck-Bootsdavits sind im Paar erh\u00e4ltlich.<\/p>\n<p>Jedes Paar enth\u00e4lt F\u00fchrungsbuchsen, Basissockel, Linien, Bl\u00f6cke, Poller und Sch\u00e4keln. Der Abschnitt unter dem Deck ist l\u00e4nger ausgelegt, um eine einfache Anpassung zu erm\u00f6glichen. Diese Davits k\u00f6nnen sich in ihren Halterungen schwenken und lassen sich zur einfachen Umpositionierung entfernen, wenn sie nicht verwendet werden.<\/p>\n<p>Die Davits bestehen aus spiegelpolierten Edelstahlrohren mit einem Durchmesser von 40 mm. Die vertikalen Stangen erreichen eine H\u00f6he von 1800 mm und k\u00f6nnen bei Bedarf auf eine passendere Gr\u00f6\u00dfe gek\u00fcrzt werden.<\/p>\n<p>Die montierten Edelstahlbuchsen sind \u00e4hnlich gestaltet wie die an Wasserskist\u00f6cken, was eine einfache Abnahme des vertikalen Davits erm\u00f6glicht, wenn er nicht in Verwendung ist.<\/p>\n<p>Folgendes Zubeh\u00f6r ist im Lieferumfang der Davits enthalten:<\/p>\n<ul>\n<li>Edelstahlbl\u00f6cke<\/li>\n<li>Edelstahlsch\u00e4kel<\/li>\n<li>Edelstahl-Schnapphaken<\/li>\n<li>Nylonlinien<\/li>\n<li>Schwarze Nylonpoller<\/li>\n<li>Edelstahlbasisbuchsen<\/li>\n<li>Edelstahldeckbuchsen<\/li>\n<\/ul>\n<p>Die Installation der Davits kann an dem gew\u00fcnschten Standort erfolgen.<\/p>\n<p>Diese Edelstahl-Davits eignen sich ideal zum Heben von Beibooten, Jollen und k\u00f6nnen auch als Motorwinde fungieren.<\/p>\n","protected":false},"excerpt":{"rendered":"<p>Edelstahl-Davits D40mm H180cm 120kg &#8211; Polierte Edelstahl-Durchdeck-Bootsdavits sind im Paar erh\u00e4ltlich. Jedes Paar enth\u00e4lt F\u00fchrungsbuchsen, Basissockel, Linien, Bl\u00f6cke, Poller und<\/p>\n","protected":false},"featured_media":5943237,"comment_status":"open","ping_status":"closed","template":"","meta":[],"product_brand":[3120],"product_cat":[1553],"product_tag":[],"class_list":{"0":"post-735234","1":"product","2":"type-product","3":"status-publish","4":"has-post-thumbnail","6":"product_brand-marinetech-de","7":"product_cat-davits-schlauchboote-und-zubehoer","9":"first","10":"instock","11":"shipping-taxable","12":"purchasable","13":"product-type-simple"},"_links":{"self":[{"href":"https:\/\/stoic-curie.212-227-153-4.plesk.page\/de\/wp-json\/wp\/v2\/product\/735234","targetHints":{"allow":["GET"]}}],"collection":[{"href":"https:\/\/stoic-curie.212-227-153-4.plesk.page\/de\/wp-json\/wp\/v2\/product"}],"about":[{"href":"https:\/\/stoic-curie.212-227-153-4.plesk.page\/de\/wp-json\/wp\/v2\/types\/product"}],"replies":[{"embeddable":true,"href":"https:\/\/stoic-curie.212-227-153-4.plesk.page\/de\/wp-json\/wp\/v2\/comments?post=735234"}],"version-history":[{"count":0,"href":"https:\/\/stoic-curie.212-227-153-4.plesk.page\/de\/wp-json\/wp\/v2\/product\/735234\/revisions"}],"wp:featuredmedia":[{"embeddable":true,"href":"https:\/\/stoic-curie.212-227-153-4.plesk.page\/de\/wp-json\/wp\/v2\/media\/5943237"}],"wp:attachment":[{"href":"https:\/\/stoic-curie.212-227-153-4.plesk.page\/de\/wp-json\/wp\/v2\/media?parent=735234"}],"wp:term":[{"taxonomy":"product_brand","embeddable":true,"href":"https:\/\/stoic-curie.212-227-153-4.plesk.page\/de\/wp-json\/wp\/v2\/product_brand?post=735234"},{"taxonomy":"product_cat","embeddable":true,"href":"https:\/\/stoic-curie.212-227-153-4.plesk.page\/de\/wp-json\/wp\/v2\/product_cat?post=735234"},{"taxonomy":"product_tag","embeddable":true,"href":"https:\/\/stoic-curie.212-227-153-4.plesk.page\/de\/wp-json\/wp\/v2\/product_tag?post=735234"}],"curies":[{"name":"wp","href":"https:\/\/api.w.org\/{rel}","templated":true}]}}