{"id":735235,"date":"2025-03-03T16:26:40","date_gmt":"2025-03-03T15:26:40","guid":{"rendered":"https:\/\/stoic-curie.212-227-153-4.plesk.page\/producto\/davits-durch-deck-montage-paar-d60-h180cm-170kg\/"},"modified":"2026-02-24T23:34:59","modified_gmt":"2026-02-24T23:34:59","slug":"davits-durch-deck-montage-paar-d60-h180cm-170kg","status":"publish","type":"product","link":"https:\/\/stoic-curie.212-227-153-4.plesk.page\/de\/product\/davits-durch-deck-montage-paar-d60-h180cm-170kg\/","title":{"rendered":"Davits Paar D60 H180cm 170kg"},"content":{"rendered":"<p>Davits Paar D60 H180cm 170kg &#8211; <\/p>\n<p style=\"color: rgb(34, 34, 34); font-family: Arial, Helvetica, sans-serif; font-size: small;\">Polierte Edelstahl-Boots-Davits mit Durchgangsmontage sind paarweise erh\u00e4ltlich.<\/p>\n<p style=\"color: rgb(34, 34, 34); font-family: Arial, Helvetica, sans-serif; font-size: small;\">Jedes Paar wird komplett mit F\u00fchrungsh\u00fclsen, Basissockeln, Seilen, Rollen, Pollern, Bl\u00f6cken und Sch\u00e4kel geliefert. Der Abschnitt unter dem Deck ist absichtlich l\u00e4nger gestaltet, um eine einfache Anpassung zu erm\u00f6glichen. Diese Davits k\u00f6nnen in ihren Halterungen schwenken und sind abnehmbar, was eine m\u00fchelose Verlagerung bei Nichtgebrauch erm\u00f6glicht.<\/p>\n<p style=\"color: rgb(34, 34, 34); font-family: Arial, Helvetica, sans-serif; font-size: small;\">Hergestellt aus spiegelpoliertem Edelstahlrohr mit einem Durchmesser von 60 mm erreichen die vertikalen Stangen eine beeindruckende H\u00f6he von 1800 mm. Bei Bedarf k\u00f6nnen sie auf eine geeignete Gr\u00f6\u00dfe gek\u00fcrzt werden.<\/p>\n<p style=\"color: rgb(34, 34, 34); font-family: Arial, Helvetica, sans-serif; font-size: small;\">Die Edelstahl-Montageh\u00fclsen sind \u00e4hnlich wie die an Wasserskipfosten gefertigt, was eine einfache Abnahme des vertikalen Davits erm\u00f6glicht, wenn er nicht ben\u00f6tigt wird.<\/p>\n<p style=\"color: rgb(34, 34, 34); font-family: Arial, Helvetica, sans-serif; font-size: small;\">Im Lieferumfang der Davits sind folgende Zubeh\u00f6rteile enthalten:<\/p>\n<ul style=\"color: rgb(34, 34, 34); font-family: Arial, Helvetica, sans-serif; font-size: small;\">\n<li>Edelstahlrollen<\/li>\n<li>Edelstahl-Sch\u00e4kel<\/li>\n<li>Edelstahl-Schnapphaken<\/li>\n<li>Nylonseile<\/li>\n<li>Schwarze Nylon-Klampe<\/li>\n<li>Edelstahl-Basisbuchsen<\/li>\n<li>Edelstahl-Deckbuchsen<\/li>\n<\/ul>\n<p style=\"color: rgb(34, 34, 34); font-family: Arial, Helvetica, sans-serif; font-size: small;\">Installieren Sie die Davits einfach an Ihrem gew\u00fcnschten Ort.<\/p>\n<p style=\"color: rgb(34, 34, 34); font-family: Arial, Helvetica, sans-serif; font-size: small;\">Diese Edelstahl-Davits sind perfekt zum Heben von Beibooten, Schlauchbooten und k\u00f6nnen sogar als Motorhebevorrichtung verwendet werden.<\/p>\n","protected":false},"excerpt":{"rendered":"<p>Davits Paar D60 H180cm 170kg &#8211; Polierte Edelstahl-Boots-Davits mit Durchgangsmontage sind paarweise erh\u00e4ltlich. Jedes Paar wird komplett mit F\u00fchrungsh\u00fclsen, Basissockeln,<\/p>\n","protected":false},"featured_media":5943237,"comment_status":"open","ping_status":"closed","template":"","meta":[],"product_brand":[3120],"product_cat":[1553],"product_tag":[],"class_list":{"0":"post-735235","1":"product","2":"type-product","3":"status-publish","4":"has-post-thumbnail","6":"product_brand-marinetech-de","7":"product_cat-davits-schlauchboote-und-zubehoer","9":"first","10":"instock","11":"shipping-taxable","12":"purchasable","13":"product-type-simple"},"_links":{"self":[{"href":"https:\/\/stoic-curie.212-227-153-4.plesk.page\/de\/wp-json\/wp\/v2\/product\/735235","targetHints":{"allow":["GET"]}}],"collection":[{"href":"https:\/\/stoic-curie.212-227-153-4.plesk.page\/de\/wp-json\/wp\/v2\/product"}],"about":[{"href":"https:\/\/stoic-curie.212-227-153-4.plesk.page\/de\/wp-json\/wp\/v2\/types\/product"}],"replies":[{"embeddable":true,"href":"https:\/\/stoic-curie.212-227-153-4.plesk.page\/de\/wp-json\/wp\/v2\/comments?post=735235"}],"version-history":[{"count":0,"href":"https:\/\/stoic-curie.212-227-153-4.plesk.page\/de\/wp-json\/wp\/v2\/product\/735235\/revisions"}],"wp:featuredmedia":[{"embeddable":true,"href":"https:\/\/stoic-curie.212-227-153-4.plesk.page\/de\/wp-json\/wp\/v2\/media\/5943237"}],"wp:attachment":[{"href":"https:\/\/stoic-curie.212-227-153-4.plesk.page\/de\/wp-json\/wp\/v2\/media?parent=735235"}],"wp:term":[{"taxonomy":"product_brand","embeddable":true,"href":"https:\/\/stoic-curie.212-227-153-4.plesk.page\/de\/wp-json\/wp\/v2\/product_brand?post=735235"},{"taxonomy":"product_cat","embeddable":true,"href":"https:\/\/stoic-curie.212-227-153-4.plesk.page\/de\/wp-json\/wp\/v2\/product_cat?post=735235"},{"taxonomy":"product_tag","embeddable":true,"href":"https:\/\/stoic-curie.212-227-153-4.plesk.page\/de\/wp-json\/wp\/v2\/product_tag?post=735235"}],"curies":[{"name":"wp","href":"https:\/\/api.w.org\/{rel}","templated":true}]}}