{"id":735238,"date":"2025-03-03T16:26:40","date_gmt":"2025-03-03T15:26:40","guid":{"rendered":"https:\/\/stoic-curie.212-227-153-4.plesk.page\/producto\/gangway-aluminium-faltbar-230x37cm-max-belastung-120kg\/"},"modified":"2026-02-24T23:34:59","modified_gmt":"2026-02-24T23:34:59","slug":"gangway-aluminium-faltbar-230x37cm-max-belastung-120kg","status":"publish","type":"product","link":"https:\/\/stoic-curie.212-227-153-4.plesk.page\/de\/product\/gangway-aluminium-faltbar-230x37cm-max-belastung-120kg\/","title":{"rendered":"Gangway Aluminium Faltbar 230cm"},"content":{"rendered":"<p>Gangway Aluminium Faltbar 230cm &#8211; <\/p>\n<p style=\"color: rgb(34, 34, 34); font-family: Arial, Helvetica, sans-serif; font-size: small;\">Wir freuen uns, Ihnen unsere anodisierte Aluminium-Faltgangway vorstellen zu d\u00fcrfen, die durch einen rutschfesten Gehweg Ihre Sicherheit in den Mittelpunkt stellt. Die BORKUM-Gangway ist nicht nur \u00e4sthetisch ansprechend, sondern auch praktisch und innovativ in ihrer Konstruktion. Sie besteht aus robustem Aluminium und verf\u00fcgt \u00fcber ein zusammenklappbares Design in der Mitte. Alle Teile sind sicher mit Schrauben befestigt, was einen einfachen Austausch und Reparaturen erm\u00f6glicht, falls erforderlich.<\/p>\n<p style=\"color: rgb(34, 34, 34); font-family: Arial, Helvetica, sans-serif; font-size: small;\">Diese faltbare Aluminium-Gangway ist perfekt f\u00fcr Boote und umfasst eine rutschfeste Aluminium-Plattform f\u00fcr zus\u00e4tzliche Sicherheit. Sie ist mit R\u00e4dern und einem 25-mm-Drehpin ausgestattet, um die Handhabung zu erleichtern. Die Gangway kann eine maximale Last von 130 kg tragen und ist so konstruiert, dass sie eine stabile, rutschfeste Oberfl\u00e4che f\u00fcr Ihre Sicherheit bietet. Sie k\u00f6nnen sie m\u00fchelos an Ihr Boot anbringen, indem Sie einen Pin verwenden, der in eine bereitgestellte Einlassh\u00fclse passt.<\/p>\n<p style=\"color: rgb(34, 34, 34); font-family: Arial, Helvetica, sans-serif; font-size: small;\">Die Handlaufhalterungen sind bereits an der Seite der Gangway installiert, und ein Handlauf kann separat erworben werden. Einlassh\u00fclsen f\u00fcr die R\u00fcckmontage sind sowohl in positiver-negativer als auch in vertikaler Konfiguration erh\u00e4ltlich.<\/p>\n<p style=\"color: rgb(34, 34, 34); font-family: Arial, Helvetica, sans-serif; font-size: small;\"><strong>Technische Spezifikationen:<\/strong><\/p>\n<ul style=\"color: rgb(34, 34, 34); font-family: Arial, Helvetica, sans-serif; font-size: small;\">\n<li>Tragf\u00e4higkeit: maximal 150 kg<\/li>\n<li>Zusammenklappbar: 2 Abschnitte<\/li>\n<li>Abmessungen: 230 x 37 cm<\/li>\n<li>Faltl\u00e4nge: 115,50 cm<\/li>\n<li>Gewicht: 10 kg<\/li>\n<li>Befestigungsbolzen-Durchmesser: 25 mm<\/li>\n<\/ul>\n<p style=\"color: rgb(34, 34, 34); font-family: Arial, Helvetica, sans-serif; font-size: small;\">Diese Gangway verbindet nahtlos Funktionalit\u00e4t mit Stil und ist eine ausgezeichnete Erg\u00e4nzung f\u00fcr Ihre Bootserlebnisse.<\/p>\n","protected":false},"excerpt":{"rendered":"<p>Gangway Aluminium Faltbar 230cm &#8211; Wir freuen uns, Ihnen unsere anodisierte Aluminium-Faltgangway vorstellen zu d\u00fcrfen, die durch einen rutschfesten Gehweg<\/p>\n","protected":false},"featured_media":5938232,"comment_status":"open","ping_status":"closed","template":"","meta":[],"product_brand":[3490],"product_cat":[1325],"product_tag":[],"class_list":{"0":"post-735238","1":"product","2":"type-product","3":"status-publish","4":"has-post-thumbnail","6":"product_brand-trem-de","7":"product_cat-gangways-festmachen-und-ankern","9":"first","10":"instock","11":"shipping-taxable","12":"purchasable","13":"product-type-simple"},"_links":{"self":[{"href":"https:\/\/stoic-curie.212-227-153-4.plesk.page\/de\/wp-json\/wp\/v2\/product\/735238","targetHints":{"allow":["GET"]}}],"collection":[{"href":"https:\/\/stoic-curie.212-227-153-4.plesk.page\/de\/wp-json\/wp\/v2\/product"}],"about":[{"href":"https:\/\/stoic-curie.212-227-153-4.plesk.page\/de\/wp-json\/wp\/v2\/types\/product"}],"replies":[{"embeddable":true,"href":"https:\/\/stoic-curie.212-227-153-4.plesk.page\/de\/wp-json\/wp\/v2\/comments?post=735238"}],"version-history":[{"count":0,"href":"https:\/\/stoic-curie.212-227-153-4.plesk.page\/de\/wp-json\/wp\/v2\/product\/735238\/revisions"}],"wp:featuredmedia":[{"embeddable":true,"href":"https:\/\/stoic-curie.212-227-153-4.plesk.page\/de\/wp-json\/wp\/v2\/media\/5938232"}],"wp:attachment":[{"href":"https:\/\/stoic-curie.212-227-153-4.plesk.page\/de\/wp-json\/wp\/v2\/media?parent=735238"}],"wp:term":[{"taxonomy":"product_brand","embeddable":true,"href":"https:\/\/stoic-curie.212-227-153-4.plesk.page\/de\/wp-json\/wp\/v2\/product_brand?post=735238"},{"taxonomy":"product_cat","embeddable":true,"href":"https:\/\/stoic-curie.212-227-153-4.plesk.page\/de\/wp-json\/wp\/v2\/product_cat?post=735238"},{"taxonomy":"product_tag","embeddable":true,"href":"https:\/\/stoic-curie.212-227-153-4.plesk.page\/de\/wp-json\/wp\/v2\/product_tag?post=735238"}],"curies":[{"name":"wp","href":"https:\/\/api.w.org\/{rel}","templated":true}]}}