{"id":735239,"date":"2025-03-03T16:26:41","date_gmt":"2025-03-03T15:26:41","guid":{"rendered":"https:\/\/stoic-curie.212-227-153-4.plesk.page\/producto\/aluminium-faltbarer-gangway-260x37cm\/"},"modified":"2026-02-24T23:34:59","modified_gmt":"2026-02-24T23:34:59","slug":"aluminium-faltbarer-gangway-260x37cm","status":"publish","type":"product","link":"https:\/\/stoic-curie.212-227-153-4.plesk.page\/de\/product\/aluminium-faltbarer-gangway-260x37cm\/","title":{"rendered":"Aluminium Faltbarer Gangway 260cm"},"content":{"rendered":"<p>Aluminium Faltbarer Gangway 260cm &#8211; <\/p>\n<p style=\"color: rgb(34, 34, 34); font-family: Arial, Helvetica, sans-serif; font-size: small;\">Dieses Gangway verf\u00fcgt \u00fcber einen stabilen Aluminiumrahmen und eine Bodenplatte. Sie enth\u00e4lt R\u00e4der, Halterungen f\u00fcr St\u00fctzen und einen Drehbolzen f\u00fcr eine einfache Montage. Das anodisierte Aluminiumdesign ist leicht und bietet einen rutschfesten Gehweg f\u00fcr zus\u00e4tzliche Sicherheit.<\/p>\n<p style=\"color: rgb(34, 34, 34); font-family: Arial, Helvetica, sans-serif; font-size: small;\">Die Gangway wird mit einem Pr\u00fcfstift und R\u00e4dern geliefert, was sie benutzerfreundlich macht. Ihre leichte Konstruktion und die rutschfeste Aluminiumplattform gew\u00e4hrleisten eine zuverl\u00e4ssige Leistung.<\/p>\n<p style=\"color: rgb(34, 34, 34); font-family: Arial, Helvetica, sans-serif; font-size: small;\">Diese neue Super Light Gangway, die vollst\u00e4ndig aus extrudiertem Aluminium gefertigt ist, bietet ein hervorragendes Preis-Leistungs-Verh\u00e4ltnis auf dem globalen Markt.<\/p>\n<p style=\"color: rgb(34, 34, 34); font-family: Arial, Helvetica, sans-serif; font-size: small;\">Spezifikationen:<\/p>\n<ul style=\"color: rgb(34, 34, 34); font-family: Arial, Helvetica, sans-serif; font-size: small;\">\n<li>L\u00e4nge: 2,60 m<\/li>\n<li>Breite: 37 cm<\/li>\n<li>Gefaltete Abmessungen: 135 x 50 cm<\/li>\n<li>Maximale Last: 160 kg<\/li>\n<li>Gewicht: 12 kg<\/li>\n<\/ul>\n","protected":false},"excerpt":{"rendered":"<p>Aluminium Faltbarer Gangway 260cm &#8211; Dieses Gangway verf\u00fcgt \u00fcber einen stabilen Aluminiumrahmen und eine Bodenplatte. Sie enth\u00e4lt R\u00e4der, Halterungen f\u00fcr<\/p>\n","protected":false},"featured_media":5938232,"comment_status":"open","ping_status":"closed","template":"","meta":[],"product_brand":[3490],"product_cat":[1325],"product_tag":[],"class_list":{"0":"post-735239","1":"product","2":"type-product","3":"status-publish","4":"has-post-thumbnail","6":"product_brand-trem-de","7":"product_cat-gangways-festmachen-und-ankern","9":"first","10":"instock","11":"shipping-taxable","12":"purchasable","13":"product-type-simple"},"_links":{"self":[{"href":"https:\/\/stoic-curie.212-227-153-4.plesk.page\/de\/wp-json\/wp\/v2\/product\/735239","targetHints":{"allow":["GET"]}}],"collection":[{"href":"https:\/\/stoic-curie.212-227-153-4.plesk.page\/de\/wp-json\/wp\/v2\/product"}],"about":[{"href":"https:\/\/stoic-curie.212-227-153-4.plesk.page\/de\/wp-json\/wp\/v2\/types\/product"}],"replies":[{"embeddable":true,"href":"https:\/\/stoic-curie.212-227-153-4.plesk.page\/de\/wp-json\/wp\/v2\/comments?post=735239"}],"version-history":[{"count":0,"href":"https:\/\/stoic-curie.212-227-153-4.plesk.page\/de\/wp-json\/wp\/v2\/product\/735239\/revisions"}],"wp:featuredmedia":[{"embeddable":true,"href":"https:\/\/stoic-curie.212-227-153-4.plesk.page\/de\/wp-json\/wp\/v2\/media\/5938232"}],"wp:attachment":[{"href":"https:\/\/stoic-curie.212-227-153-4.plesk.page\/de\/wp-json\/wp\/v2\/media?parent=735239"}],"wp:term":[{"taxonomy":"product_brand","embeddable":true,"href":"https:\/\/stoic-curie.212-227-153-4.plesk.page\/de\/wp-json\/wp\/v2\/product_brand?post=735239"},{"taxonomy":"product_cat","embeddable":true,"href":"https:\/\/stoic-curie.212-227-153-4.plesk.page\/de\/wp-json\/wp\/v2\/product_cat?post=735239"},{"taxonomy":"product_tag","embeddable":true,"href":"https:\/\/stoic-curie.212-227-153-4.plesk.page\/de\/wp-json\/wp\/v2\/product_tag?post=735239"}],"curies":[{"name":"wp","href":"https:\/\/api.w.org\/{rel}","templated":true}]}}