{"id":735261,"date":"2025-03-03T16:26:45","date_gmt":"2025-03-03T15:26:45","guid":{"rendered":"https:\/\/stoic-curie.212-227-153-4.plesk.page\/producto\/ankerwinde-quick-rider-1000w-d-12v-mit-trommel-8mm-kette\/"},"modified":"2026-02-24T23:35:00","modified_gmt":"2026-02-24T23:35:00","slug":"ankerwinde-quick-rider-1000w-d-12v-mit-trommel-8mm-kette","status":"publish","type":"product","link":"https:\/\/stoic-curie.212-227-153-4.plesk.page\/de\/product\/ankerwinde-quick-rider-1000w-d-12v-mit-trommel-8mm-kette\/","title":{"rendered":"Ankerwinde Quick Rider 1000W-D 12v &#8211; mit Trommel- 8mm Kette"},"content":{"rendered":"<p>Ankerwinde Quick Rider 1000W-D 12v &#8211; mit Trommel- 8mm Kette &#8211; <\/p>\n<p style=\"color: rgb(34, 34, 34); font-family: Arial, Helvetica, sans-serif; font-size: small;\">Der Quick Rider R3 1012D Ankerwinden kombiniert Bronze- und Edelstahlziehelemente, um au\u00dfergew\u00f6hnliche Langlebigkeit und Zuverl\u00e4ssigkeit zu gew\u00e4hrleisten. Er ist mit einem Kettenz\u00e4hler-Sensor und einem manuellen Freifallmechanismus ausgestattet, die die Gesamtleistung erheblich steigern.<\/p>\n<p style=\"color: rgb(34, 34, 34); font-family: Arial, Helvetica, sans-serif; font-size: small;\">Wichtige Spezifikationen umfassen:<\/p>\n<ul style=\"color: rgb(34, 34, 34); font-family: Arial, Helvetica, sans-serif; font-size: small;\">\n<li>Eloxierte Aluminium-Rundbasis, die leicht, aber robust ist.<\/li>\n<li>Edelstahl-Trommel (AISI 316), die bemerkenswerte Korrosionsbest\u00e4ndigkeit bietet.<\/li>\n<li>Integrierte Seil-\/Kettengypsy (kompatibel mit 700 W und mehr) mit Kettenz\u00e4hler-Sensor.<\/li>\n<li>Kommt mit einem Relaiskasten und Gypsy, erh\u00e4ltlich mit oder ohne Trommel.<\/li>\n<li>IP67-zertifizierte wasserdichte Motoren, die vor Wassereintritt sch\u00fctzen.<\/li>\n<\/ul>\n<p style=\"color: rgb(34, 34, 34); font-family: Arial, Helvetica, sans-serif; font-size: small;\">Der Rider R3 1012D ist sorgf\u00e4ltig f\u00fcr Schiffe von 10 m bis 13 m (33-43 ft) konzipiert.<\/p>\n<p style=\"color: rgb(34, 34, 34); font-family: Arial, Helvetica, sans-serif; font-size: small;\">Spezifikationen umfassen:<\/p>\n<ul style=\"color: rgb(34, 34, 34); font-family: Arial, Helvetica, sans-serif; font-size: small;\">\n<li>Trommel: Ja<\/li>\n<li>Motorleistung: 1000 W<\/li>\n<li>Eingangsspannung: 12 V<\/li>\n<li>Maximale Zugkraft: 1000 kg<\/li>\n<li>Maximale Arbeitslast: 370 kg<\/li>\n<li>Arbeitslast: 120 kg<\/li>\n<li>Kettengeschwindigkeit bei Arbeitslast: 20,4 m\/min<\/li>\n<li>Stromverbrauch bei Arbeitslast: 140 A<\/li>\n<li>Deckst\u00e4rke: 25-50 mm<\/li>\n<li>Gewicht: 19,1 kg<\/li>\n<li>Gypsy-Gr\u00f6\u00dfe: 8 mm<\/li>\n<\/ul>\n<p style=\"color: rgb(34, 34, 34); font-family: Arial, Helvetica, sans-serif; font-size: small;\">Diese Winde ist eine hervorragende Option f\u00fcr Bootseigent\u00fcmer, die eine zuverl\u00e4ssige und effiziente Ankerl\u00f6sung suchen.<\/p>\n","protected":false},"excerpt":{"rendered":"<p>Ankerwinde Quick Rider 1000W-D 12v &#8211; mit Trommel- 8mm Kette &#8211; Der Quick Rider R3 1012D Ankerwinden kombiniert Bronze- und<\/p>\n","protected":false},"featured_media":5943311,"comment_status":"open","ping_status":"closed","template":"","meta":[],"product_brand":[3280],"product_cat":[1324],"product_tag":[],"class_list":{"0":"post-735261","1":"product","2":"type-product","3":"status-publish","4":"has-post-thumbnail","6":"product_brand-quick-de","7":"product_cat-ankerwinden-quick","9":"first","10":"instock","11":"shipping-taxable","12":"purchasable","13":"product-type-simple"},"_links":{"self":[{"href":"https:\/\/stoic-curie.212-227-153-4.plesk.page\/de\/wp-json\/wp\/v2\/product\/735261","targetHints":{"allow":["GET"]}}],"collection":[{"href":"https:\/\/stoic-curie.212-227-153-4.plesk.page\/de\/wp-json\/wp\/v2\/product"}],"about":[{"href":"https:\/\/stoic-curie.212-227-153-4.plesk.page\/de\/wp-json\/wp\/v2\/types\/product"}],"replies":[{"embeddable":true,"href":"https:\/\/stoic-curie.212-227-153-4.plesk.page\/de\/wp-json\/wp\/v2\/comments?post=735261"}],"version-history":[{"count":0,"href":"https:\/\/stoic-curie.212-227-153-4.plesk.page\/de\/wp-json\/wp\/v2\/product\/735261\/revisions"}],"wp:featuredmedia":[{"embeddable":true,"href":"https:\/\/stoic-curie.212-227-153-4.plesk.page\/de\/wp-json\/wp\/v2\/media\/5943311"}],"wp:attachment":[{"href":"https:\/\/stoic-curie.212-227-153-4.plesk.page\/de\/wp-json\/wp\/v2\/media?parent=735261"}],"wp:term":[{"taxonomy":"product_brand","embeddable":true,"href":"https:\/\/stoic-curie.212-227-153-4.plesk.page\/de\/wp-json\/wp\/v2\/product_brand?post=735261"},{"taxonomy":"product_cat","embeddable":true,"href":"https:\/\/stoic-curie.212-227-153-4.plesk.page\/de\/wp-json\/wp\/v2\/product_cat?post=735261"},{"taxonomy":"product_tag","embeddable":true,"href":"https:\/\/stoic-curie.212-227-153-4.plesk.page\/de\/wp-json\/wp\/v2\/product_tag?post=735261"}],"curies":[{"name":"wp","href":"https:\/\/api.w.org\/{rel}","templated":true}]}}