{"id":735262,"date":"2025-03-03T16:26:45","date_gmt":"2025-03-03T15:26:45","guid":{"rendered":"https:\/\/stoic-curie.212-227-153-4.plesk.page\/producto\/ankerwinde-quick-dylan-1500w-ohne-trommel-12v-1500wt-10mm-kette\/"},"modified":"2026-02-24T23:35:00","modified_gmt":"2026-02-24T23:35:00","slug":"ankerwinde-quick-dylan-1500w-ohne-trommel-12v-1500wt-10mm-kette","status":"publish","type":"product","link":"https:\/\/stoic-curie.212-227-153-4.plesk.page\/de\/product\/ankerwinde-quick-dylan-1500w-ohne-trommel-12v-1500wt-10mm-kette\/","title":{"rendered":"Ankerwinde Quick Dylan 1500W &#8211; ohne Trommel &#8211; 12V 1500Wt &#8211; 10mm Kette"},"content":{"rendered":"<p>Ankerwinde Quick Dylan 1500W &#8211; ohne Trommel &#8211; 12V 1500Wt &#8211; 10mm Kette &#8211; <\/p>\n<p style=\"color: rgb(34, 34, 34); font-family: Arial, Helvetica, sans-serif; font-size: small;\"><strong>Dylan DR4 Vertikale Ankerwinde Niedrigprofil<\/strong><\/p>\n<p style=\"color: rgb(34, 34, 34); font-family: Arial, Helvetica, sans-serif; font-size: small;\">Die Dylan DR4 vertikale Ankerwinde ist eine robuste Ankerwinde, die mit einer Kombination aus Bronze- und rostfreien Stahlantriebskomponenten entwickelt wurde. Sie verf\u00fcgt \u00fcber einen integrierten Kettenz\u00e4hler-Sensor und ein manuelles Freifallsystem, das eine effiziente Betriebsweise gew\u00e4hrleistet. Dar\u00fcber hinaus enth\u00e4lt sie ein Notfall-Handlift-System und einen Druckhebel f\u00fcr zus\u00e4tzliche Sicherheit. Das Ger\u00e4t wird inklusive Kontrollbox und Griff geliefert, und sein Geh\u00e4use sowie die Basis bestehen aus rostfreiem Stahl und hartanodisiertem Aluminium, was Haltbarkeit und Korrosionsbest\u00e4ndigkeit bietet. Der Motor hat die Schutzart IP67 f\u00fcr wasserdichten Schutz.<\/p>\n<p style=\"color: rgb(34, 34, 34); font-family: Arial, Helvetica, sans-serif; font-size: small;\"><strong>Hauptmerkmale:<\/strong><\/p>\n<ul style=\"color: rgb(34, 34, 34); font-family: Arial, Helvetica, sans-serif; font-size: small;\">\n<li>Hartanodisierte Aluminium- und rostfreiem Stahlbasis mit integriertem Kettenrohr.<\/li>\n<li>Rostfreies Stahltrommel (AISI 316) f\u00fcr erh\u00f6hte Festigkeit.<\/li>\n<li>Seil\/Kette Gypsy mit Kettenz\u00e4hler-Sensor zur genauen \u00dcberwachung.<\/li>\n<li>Druckarm und Inspektionsdeckel f\u00fcr einfachen Zugang und Wartung.<\/li>\n<li>Manuelles Freifallsystem f\u00fcr schnellere Ankerablage.<\/li>\n<li>Notfall-Handlift-System f\u00fcr zuverl\u00e4ssigen Betrieb in kritischen Situationen.<\/li>\n<li>Lieferung mit Relaisbox und Gypsy, wahlweise mit oder ohne Trommel.<\/li>\n<li>IP67 klassifizierter wasserdichter Motor zum Schutz vor Wassereintritt.<\/li>\n<\/ul>\n<p style=\"color: rgb(34, 34, 34); font-family: Arial, Helvetica, sans-serif; font-size: small;\"><strong>Technische Daten f\u00fcr Dylan DR4 1512 &#8211; Nur Gypsy:<\/strong><\/p>\n<ul style=\"color: rgb(34, 34, 34); font-family: Arial, Helvetica, sans-serif; font-size: small;\">\n<li>Geeignet f\u00fcr Boote von 10 m bis 16 m (33-53 ft).<\/li>\n<li>Trommel: Nicht enthalten.<\/li>\n<li>Motorleistung: 1500 W.<\/li>\n<li>Eingangsspannung: 12 V.<\/li>\n<li>Maximale Zugkraft: 1100 kg.<\/li>\n<li>Maximale Arbeitslast: 400 kg.<\/li>\n<li>Arbeitslast: 135 kg.<\/li>\n<li>Kettengeschwindigkeit bei Arbeitslast: 19 m\/min.<\/li>\n<li>Stromaufnahme bei Arbeitslast: 150 A.<\/li>\n<li>Deckdicke: 25-50 mm.<\/li>\n<li>Gewicht: 23,7 kg.<\/li>\n<li>Gypsy Gr\u00f6\u00dfe: 10 mm.<\/li>\n<\/ul>\n<p style=\"color: rgb(34, 34, 34); font-family: Arial, Helvetica, sans-serif; font-size: small;\">Diese Ankerwinde ist eine hervorragende Wahl f\u00fcr Bootseigner, die nach einer zuverl\u00e4ssigen und hochwertigen Ankerl\u00f6sung suchen. Mit ihren umfangreichen Funktionen und der robusten Bauweise gew\u00e4hrleistet die Dylan DR4 vertikale Ankerwinde sowohl Leistung als auch Sicherheit auf dem Wasser.<\/p>\n","protected":false},"excerpt":{"rendered":"<p>Ankerwinde Quick Dylan 1500W &#8211; ohne Trommel &#8211; 12V 1500Wt &#8211; 10mm Kette &#8211; Dylan DR4 Vertikale Ankerwinde Niedrigprofil Die<\/p>\n","protected":false},"featured_media":5943312,"comment_status":"open","ping_status":"closed","template":"","meta":[],"product_brand":[3280],"product_cat":[1324],"product_tag":[],"class_list":{"0":"post-735262","1":"product","2":"type-product","3":"status-publish","4":"has-post-thumbnail","6":"product_brand-quick-de","7":"product_cat-ankerwinden-quick","9":"first","10":"instock","11":"shipping-taxable","12":"purchasable","13":"product-type-simple"},"_links":{"self":[{"href":"https:\/\/stoic-curie.212-227-153-4.plesk.page\/de\/wp-json\/wp\/v2\/product\/735262","targetHints":{"allow":["GET"]}}],"collection":[{"href":"https:\/\/stoic-curie.212-227-153-4.plesk.page\/de\/wp-json\/wp\/v2\/product"}],"about":[{"href":"https:\/\/stoic-curie.212-227-153-4.plesk.page\/de\/wp-json\/wp\/v2\/types\/product"}],"replies":[{"embeddable":true,"href":"https:\/\/stoic-curie.212-227-153-4.plesk.page\/de\/wp-json\/wp\/v2\/comments?post=735262"}],"version-history":[{"count":0,"href":"https:\/\/stoic-curie.212-227-153-4.plesk.page\/de\/wp-json\/wp\/v2\/product\/735262\/revisions"}],"wp:featuredmedia":[{"embeddable":true,"href":"https:\/\/stoic-curie.212-227-153-4.plesk.page\/de\/wp-json\/wp\/v2\/media\/5943312"}],"wp:attachment":[{"href":"https:\/\/stoic-curie.212-227-153-4.plesk.page\/de\/wp-json\/wp\/v2\/media?parent=735262"}],"wp:term":[{"taxonomy":"product_brand","embeddable":true,"href":"https:\/\/stoic-curie.212-227-153-4.plesk.page\/de\/wp-json\/wp\/v2\/product_brand?post=735262"},{"taxonomy":"product_cat","embeddable":true,"href":"https:\/\/stoic-curie.212-227-153-4.plesk.page\/de\/wp-json\/wp\/v2\/product_cat?post=735262"},{"taxonomy":"product_tag","embeddable":true,"href":"https:\/\/stoic-curie.212-227-153-4.plesk.page\/de\/wp-json\/wp\/v2\/product_tag?post=735262"}],"curies":[{"name":"wp","href":"https:\/\/api.w.org\/{rel}","templated":true}]}}