{"id":735264,"date":"2025-03-03T16:26:46","date_gmt":"2025-03-03T15:26:46","guid":{"rendered":"https:\/\/stoic-curie.212-227-153-4.plesk.page\/producto\/ankerwinde-quick-dylan-1700w-24v-ohne-trommel-10mm-kette\/"},"modified":"2026-02-24T23:35:00","modified_gmt":"2026-02-24T23:35:00","slug":"ankerwinde-quick-dylan-1700w-24v-ohne-trommel-10mm-kette","status":"publish","type":"product","link":"https:\/\/stoic-curie.212-227-153-4.plesk.page\/de\/product\/ankerwinde-quick-dylan-1700w-24v-ohne-trommel-10mm-kette\/","title":{"rendered":"Ankerwinde Quick Dylan 1700W 24v &#8211; ohne Trommel &#8211; 10mm Kette"},"content":{"rendered":"<p>Ankerwinde Quick Dylan 1700W 24v &#8211; ohne Trommel &#8211; 10mm Kette &#8211; <\/p>\n<p style=\"color: rgb(34, 34, 34); font-family: Arial, Helvetica, sans-serif; font-size: small;\"><strong>Schnelle nautische Ausr\u00fcstung Dylan DR4<\/strong><\/p>\n<p style=\"color: rgb(34, 34, 34); font-family: Arial, Helvetica, sans-serif; font-size: small;\">Wir stellen den Dylan DR4 vor, einen flachen Ankerwinden, der f\u00fcr optimale Leistung und Zuverl\u00e4ssigkeit entwickelt wurde. Diese Winde verf\u00fcgt \u00fcber Antriebselemente aus hochwertigem Bronze und Edelstahl, die Langlebigkeit und St\u00e4rke gew\u00e4hrleisten. Sie ist mit einem Kettenz\u00e4hlersensor und einem manuellen Freifall-Kettensystem ausgestattet, das Vielseitigkeit im Betrieb bietet. Dar\u00fcber hinaus enth\u00e4lt die Winde ein manuelles Notfallhebesystem und einen Druckhebel zur Verbesserung der Sicherheit. Das Paket enth\u00e4lt eine Steuerbox und einen Griff, was die Installation einfach macht. Basis und Geh\u00e4use bestehen aus rostfreiem Stahl und hartanodisiertem Aluminium, w\u00e4hrend der Motor nach IP67 f\u00fcr wasserdichten Schutz bewertet ist.<\/p>\n<p style=\"color: rgb(34, 34, 34); font-family: Arial, Helvetica, sans-serif; font-size: small;\"><strong>Eigenschaften der vertikalen Winde<\/strong><\/p>\n<ul style=\"color: rgb(34, 34, 34); font-family: Arial, Helvetica, sans-serif; font-size: small;\">\n<li>Anodisiertes Aluminium und Edelstahlbasis mit integriertem Kettenrohr.<\/li>\n<li>Edelstahl-Trommel (AISI 316) f\u00fcr \u00fcberlegene Korrosionsbest\u00e4ndigkeit.<\/li>\n<li>Seil-\/Ketten-Gipsy ausgestattet mit Kettenz\u00e4hlersensor f\u00fcr pr\u00e4zise \u00dcberwachung.<\/li>\n<li>Druckarm und Inspektionsdeckel f\u00fcr einfache Wartung.<\/li>\n<li>Manuelles Freifallsystem f\u00fcr schnelle Bereitstellung.<\/li>\n<li>Notfall-Manuel-Liftsystem f\u00fcr zus\u00e4tzliche Sicherheit.<\/li>\n<li>Wird mit einem Relaiskasten und einer Gipsy geliefert, verf\u00fcgbar mit oder ohne Trommel.<\/li>\n<li>IP67 wasserdichter Motor f\u00fcr zuverl\u00e4ssigen Betrieb unter anspruchsvollen Bedingungen.<\/li>\n<\/ul>\n<p style=\"color: rgb(34, 34, 34); font-family: Arial, Helvetica, sans-serif; font-size: small;\"><strong>Dylan DR4 1724 &#8211; Nur Gipsy-Spezifikationen<\/strong><\/p>\n<ul style=\"color: rgb(34, 34, 34); font-family: Arial, Helvetica, sans-serif; font-size: small;\">\n<li><strong>Trommel:<\/strong>\u00a0Nein<\/li>\n<li><strong>Motorleistung:<\/strong>\u00a01700 W<\/li>\n<li><strong>Eingangsspannung:<\/strong>\u00a024 V<\/li>\n<li><strong>Maximale Zugkraft:<\/strong>\u00a01150 kg<\/li>\n<li><strong>Maximale Arbeitslast:<\/strong>\u00a0470 kg<\/li>\n<li><strong>Arbeitslast:<\/strong>\u00a0155 kg<\/li>\n<li><strong>Kettengeschwindigkeit bei Arbeitslast:<\/strong>\u00a016,2 m\/min<\/li>\n<li><strong>Stromaufnahme bei Arbeitslast:<\/strong>\u00a0170 A<\/li>\n<li><strong>Deckst\u00e4rke:<\/strong>\u00a030-70 mm<\/li>\n<li><strong>Gewicht:<\/strong>\u00a026 kg<\/li>\n<li><strong>Gipsy-Gr\u00f6\u00dfe:<\/strong>\u00a010 mm<\/li>\n<\/ul>\n<p style=\"color: rgb(34, 34, 34); font-family: Arial, Helvetica, sans-serif; font-size: small;\">Diese umfassende \u00dcbersicht \u00fcber die Dylan DR4 Winde hebt ihre robusten Merkmale und Spezifikationen hervor und stellt sicher, dass Bootsbesitzer informierte Entscheidungen treffen k\u00f6nnen, wenn sie zuverl\u00e4ssige Ausr\u00fcstung f\u00fcr ihre Schiffe ausw\u00e4hlen.<\/p>\n","protected":false},"excerpt":{"rendered":"<p>Ankerwinde Quick Dylan 1700W 24v &#8211; ohne Trommel &#8211; 10mm Kette &#8211; Schnelle nautische Ausr\u00fcstung Dylan DR4 Wir stellen den<\/p>\n","protected":false},"featured_media":5943312,"comment_status":"open","ping_status":"closed","template":"","meta":[],"product_brand":[3280],"product_cat":[1324],"product_tag":[],"class_list":{"0":"post-735264","1":"product","2":"type-product","3":"status-publish","4":"has-post-thumbnail","6":"product_brand-quick-de","7":"product_cat-ankerwinden-quick","9":"first","10":"outofstock","11":"shipping-taxable","12":"purchasable","13":"product-type-simple"},"_links":{"self":[{"href":"https:\/\/stoic-curie.212-227-153-4.plesk.page\/de\/wp-json\/wp\/v2\/product\/735264","targetHints":{"allow":["GET"]}}],"collection":[{"href":"https:\/\/stoic-curie.212-227-153-4.plesk.page\/de\/wp-json\/wp\/v2\/product"}],"about":[{"href":"https:\/\/stoic-curie.212-227-153-4.plesk.page\/de\/wp-json\/wp\/v2\/types\/product"}],"replies":[{"embeddable":true,"href":"https:\/\/stoic-curie.212-227-153-4.plesk.page\/de\/wp-json\/wp\/v2\/comments?post=735264"}],"version-history":[{"count":0,"href":"https:\/\/stoic-curie.212-227-153-4.plesk.page\/de\/wp-json\/wp\/v2\/product\/735264\/revisions"}],"wp:featuredmedia":[{"embeddable":true,"href":"https:\/\/stoic-curie.212-227-153-4.plesk.page\/de\/wp-json\/wp\/v2\/media\/5943312"}],"wp:attachment":[{"href":"https:\/\/stoic-curie.212-227-153-4.plesk.page\/de\/wp-json\/wp\/v2\/media?parent=735264"}],"wp:term":[{"taxonomy":"product_brand","embeddable":true,"href":"https:\/\/stoic-curie.212-227-153-4.plesk.page\/de\/wp-json\/wp\/v2\/product_brand?post=735264"},{"taxonomy":"product_cat","embeddable":true,"href":"https:\/\/stoic-curie.212-227-153-4.plesk.page\/de\/wp-json\/wp\/v2\/product_cat?post=735264"},{"taxonomy":"product_tag","embeddable":true,"href":"https:\/\/stoic-curie.212-227-153-4.plesk.page\/de\/wp-json\/wp\/v2\/product_tag?post=735264"}],"curies":[{"name":"wp","href":"https:\/\/api.w.org\/{rel}","templated":true}]}}