{"id":735265,"date":"2025-03-03T16:26:46","date_gmt":"2025-03-03T15:26:46","guid":{"rendered":"https:\/\/stoic-curie.212-227-153-4.plesk.page\/producto\/ankerwinde-quick-dylan-1700w-d-24v-mit-trommel-10mm-kette\/"},"modified":"2026-02-24T23:35:00","modified_gmt":"2026-02-24T23:35:00","slug":"ankerwinde-quick-dylan-1700w-d-24v-mit-trommel-10mm-kette","status":"publish","type":"product","link":"https:\/\/stoic-curie.212-227-153-4.plesk.page\/de\/product\/ankerwinde-quick-dylan-1700w-d-24v-mit-trommel-10mm-kette\/","title":{"rendered":"Ankerwinde Quick Dylan 1700W-D 24v &#8211; mit Trommel &#8211; 10mm Kette"},"content":{"rendered":"<p>Ankerwinde Quick Dylan 1700W-D 24v &#8211; mit Trommel &#8211; 10mm Kette &#8211; <\/p>\n<p style=\"color: rgb(34, 34, 34); font-family: Arial, Helvetica, sans-serif; font-size: small;\">Wir pr\u00e4sentieren die Quick <strong>Dylan DR4 1724D<\/strong> Seil- und Kettenanker-Windlass, ausgestattet mit robusten Traktionskomponenten aus Bronze und Edelstahl. Diese Windlass verf\u00fcgt \u00fcber einen Kettenz\u00e4hler-Sensor und ein manuelles Freifall-Kettensystem, das einen effizienten Betrieb gew\u00e4hrleistet. Au\u00dferdem enth\u00e4lt sie ein manuelles Nothebesystem und einen Druckhebel f\u00fcr zus\u00e4tzliche Sicherheit. Die Einheit wird komplett mit einem Steuerkasten und einem Griff geliefert, alles untergebracht in einem langlebigen Geh\u00e4use aus Edelstahl und harteloxiertem Aluminium. Der Motor hat eine IP67-Bewertung f\u00fcr wasserdichten Schutz.<\/p>\n<p style=\"color: rgb(34, 34, 34); font-family: Arial, Helvetica, sans-serif; font-size: small;\"><strong>Produkt\u00fcbersicht: Quick Nautical Equipment Dylan DR4 Vertikale Windlass<\/strong><\/p>\n<ul style=\"color: rgb(34, 34, 34); font-family: Arial, Helvetica, sans-serif; font-size: small;\">\n<li><strong>Basis-Material:<\/strong> Anodisiertes Aluminium und Edelstahl, integriert mit einem Kettenrohr.<\/li>\n<li><strong>Trommelmaterial:<\/strong> Edelstahl (AISI 316).<\/li>\n<li><strong>Gypsy-Funktionen:<\/strong> Seil\/Kette Gypsy ausgestattet mit einem Kettenz\u00e4hler-Sensor.<\/li>\n<li><strong>Zus\u00e4tzliche Funktionen:<\/strong> Druckarm und Inspektionsdeckel, manuelles Freifall-System und ein manuelles Nothebesystem.<\/li>\n<li><strong>Enthaltene Komponenten:<\/strong> Geliefert mit einem Relaiskasten und einer Gypsy (erh\u00e4ltlich mit oder ohne Trommel).<\/li>\n<li><strong>Motorbewertung:<\/strong> IP67 wasserdichter Motor.<\/li>\n<\/ul>\n<p style=\"color: rgb(34, 34, 34); font-family: Arial, Helvetica, sans-serif; font-size: small;\"><strong>Spezifikationen f\u00fcr Dylan DR4 1724D &#8211; Gypsy und Trommel:<\/strong><\/p>\n<ul style=\"color: rgb(34, 34, 34); font-family: Arial, Helvetica, sans-serif; font-size: small;\">\n<li><strong>Geeignet f\u00fcr Boote:<\/strong> Von 14 m bis 18 m (46-59 ft).<\/li>\n<li><strong>Trommel:<\/strong> Ja<\/li>\n<li><strong>Motorleistung:<\/strong> 1700 W<\/li>\n<li><strong>Eingangsspannung:<\/strong> 24 V<\/li>\n<li><strong>Maximale Zugkraft:<\/strong> 1200 kg<\/li>\n<li><strong>Maximaler Arbeitslast:<\/strong> 570 kg<\/li>\n<li><strong>Arbeitslast:<\/strong> 190 kg<\/li>\n<li><strong>Kettengeschwindigkeit bei Arbeitslast:<\/strong> 20,8 m\/min<\/li>\n<li><strong>Stromaufnahme bei Arbeitslast:<\/strong> 95 A<\/li>\n<li><strong>Deckst\u00e4rke Kompatibilit\u00e4t:<\/strong> 30-70 mm<\/li>\n<li><strong>Gewicht:<\/strong> 28,8 kg<\/li>\n<li><strong>Gypsy-Gr\u00f6\u00dfe:<\/strong> 10 mm<\/li>\n<\/ul>\n<p style=\"color: rgb(34, 34, 34); font-family: Arial, Helvetica, sans-serif; font-size: small;\">Diese Windlass ist so konzipiert, dass sie den Bed\u00fcrfnissen von Bootsbesitzern gerecht wird, die zuverl\u00e4ssige und hochwertige Ausr\u00fcstung suchen. Mit ihren umfassenden Funktionen und der robusten Konstruktion ist die Quick Nautical Equipment Dylan DR4 eine ausgezeichnete Wahl zur Verbesserung Ihres Bootserlebnisses.<\/p>\n","protected":false},"excerpt":{"rendered":"<p>Ankerwinde Quick Dylan 1700W-D 24v &#8211; mit Trommel &#8211; 10mm Kette &#8211; Wir pr\u00e4sentieren die Quick Dylan DR4 1724D Seil-<\/p>\n","protected":false},"featured_media":5943316,"comment_status":"open","ping_status":"closed","template":"","meta":[],"product_brand":[3280],"product_cat":[1324],"product_tag":[],"class_list":{"0":"post-735265","1":"product","2":"type-product","3":"status-publish","4":"has-post-thumbnail","6":"product_brand-quick-de","7":"product_cat-ankerwinden-quick","9":"first","10":"outofstock","11":"shipping-taxable","12":"purchasable","13":"product-type-simple"},"_links":{"self":[{"href":"https:\/\/stoic-curie.212-227-153-4.plesk.page\/de\/wp-json\/wp\/v2\/product\/735265","targetHints":{"allow":["GET"]}}],"collection":[{"href":"https:\/\/stoic-curie.212-227-153-4.plesk.page\/de\/wp-json\/wp\/v2\/product"}],"about":[{"href":"https:\/\/stoic-curie.212-227-153-4.plesk.page\/de\/wp-json\/wp\/v2\/types\/product"}],"replies":[{"embeddable":true,"href":"https:\/\/stoic-curie.212-227-153-4.plesk.page\/de\/wp-json\/wp\/v2\/comments?post=735265"}],"version-history":[{"count":0,"href":"https:\/\/stoic-curie.212-227-153-4.plesk.page\/de\/wp-json\/wp\/v2\/product\/735265\/revisions"}],"wp:featuredmedia":[{"embeddable":true,"href":"https:\/\/stoic-curie.212-227-153-4.plesk.page\/de\/wp-json\/wp\/v2\/media\/5943316"}],"wp:attachment":[{"href":"https:\/\/stoic-curie.212-227-153-4.plesk.page\/de\/wp-json\/wp\/v2\/media?parent=735265"}],"wp:term":[{"taxonomy":"product_brand","embeddable":true,"href":"https:\/\/stoic-curie.212-227-153-4.plesk.page\/de\/wp-json\/wp\/v2\/product_brand?post=735265"},{"taxonomy":"product_cat","embeddable":true,"href":"https:\/\/stoic-curie.212-227-153-4.plesk.page\/de\/wp-json\/wp\/v2\/product_cat?post=735265"},{"taxonomy":"product_tag","embeddable":true,"href":"https:\/\/stoic-curie.212-227-153-4.plesk.page\/de\/wp-json\/wp\/v2\/product_tag?post=735265"}],"curies":[{"name":"wp","href":"https:\/\/api.w.org\/{rel}","templated":true}]}}