{"id":735285,"date":"2025-03-03T16:26:50","date_gmt":"2025-03-03T15:26:50","guid":{"rendered":"https:\/\/stoic-curie.212-227-153-4.plesk.page\/producto\/ocean-luxus-standard-elektrotoilette-24v-gerade\/"},"modified":"2026-02-24T23:35:00","modified_gmt":"2026-02-24T23:35:00","slug":"ocean-luxus-standard-elektrotoilette-24v-gerade","status":"publish","type":"product","link":"https:\/\/stoic-curie.212-227-153-4.plesk.page\/de\/product\/ocean-luxus-standard-elektrotoilette-24v-gerade\/","title":{"rendered":"Toilette Ocean Luxury Standard 24v H385mm"},"content":{"rendered":"<p>Toilette Ocean Luxury Standard 24v H385mm &#8211; <\/p>\n<p style=\"color: rgb(34, 34, 34); font-family: Arial, Helvetica, sans-serif; font-size: small;\">Elektrische Toilet Ocean Luxury Standard 24v H385mm. Wir freuen uns, Ihnen das Ocean Luxury Standard Toilette vorzustellen. Diese Toilette vereint Eleganz und Praktikabilit\u00e4t f\u00fcr Ihr Zuhause. Sie bietet viele gro\u00dfartige Funktionen:<\/p>\n<ul style=\"color: rgb(34, 34, 34); font-family: Arial, Helvetica, sans-serif; font-size: small;\">\n<li>Un\u00fcbertroffener Komfort, der sich wie Zuhause anf\u00fchlt<\/li>\n<li>Geringer Wasserverbrauch<\/li>\n<li>Automatische Steuerung f\u00fcr Wasseraufnahme und -abgabe<\/li>\n<li>Integrierte Pumpe f\u00fcr eine einfache Abfallentsorgung<\/li>\n<li>Einfache digitale Steuerung<\/li>\n<li>Robuster Duroplast-Sitz mit sanften Scharniere<\/li>\n<li>Sto\u00dffestes und rostfreies Material<\/li>\n<li>R\u00fcckschlagventil f\u00fcr bessere Effizienz<\/li>\n<li>Selbstansaugend bis zu 1,5 Meter<\/li>\n<li>Flexible Installationsoptionen f\u00fcr \u00fcber oder unter der Wasserlinie<\/li>\n<\/ul>\n<p style=\"color: rgb(34, 34, 34); font-family: Arial, Helvetica, sans-serif; font-size: small;\">Diese Toilette arbeitet mit einem automatischen Wassersystem oder einer Entw\u00e4sserungspumpe f\u00fcr die Wasseraufnahme. Sie verf\u00fcgt \u00fcber einen elektronischen Schalter, der den Wasserfluss in zwei Stufen steuert. Zuerst f\u00fcllt sie die Sch\u00fcssel mit sauberem Wasser. Danach entfernt sie effizient Abfall, sodass die Sch\u00fcssel sauber und leer bleibt.<\/p>\n<p style=\"color: rgb(34, 34, 34); font-family: Arial, Helvetica, sans-serif; font-size: small;\">F\u00fcr Konfigurationen mit mehreren Toiletten kann eine Wasserpumpe alle Einheiten versorgen. Jede Toilette hat ihr eigenes Elektromagnetventil.<\/p>\n<p style=\"color: rgb(34, 34, 34); font-family: Arial, Helvetica, sans-serif; font-size: small;\">Spezifikationen:<\/p>\n<ul style=\"color: rgb(34, 34, 34); font-family: Arial, Helvetica, sans-serif; font-size: small;\">\n<li>Einlass: 19 mm (3\/4&#8243;)<\/li>\n<li>Auslass: 25\/38 mm (1&#8243;-1 1\/2&#8243;)<\/li>\n<li>Stromverbrauch: 30A bei 12V<\/li>\n<\/ul>\n<p style=\"color: rgb(34, 34, 34); font-family: Arial, Helvetica, sans-serif; font-size: small;\">Hauptmerkmale:<\/p>\n<ul style=\"color: rgb(34, 34, 34); font-family: Arial, Helvetica, sans-serif; font-size: small;\">\n<li>Einfache Installation<\/li>\n<li>Soft-Close-Deckel f\u00fcr zus\u00e4tzlichen Komfort<\/li>\n<li>Vollst\u00e4ndig geschlossenes Design f\u00fcr bessere Hygiene<\/li>\n<\/ul>\n<p style=\"color: rgb(34, 34, 34); font-family: Arial, Helvetica, sans-serif; font-size: small;\">Zus\u00e4tzliche Spezifikationen:<\/p>\n<ul style=\"color: rgb(34, 34, 34); font-family: Arial, Helvetica, sans-serif; font-size: small;\">\n<li>Wasserverbrauch: 1,5 \u2013 5 Liter<\/li>\n<li>Spannung: 12\/24V<\/li>\n<li>Stromaufnahme: 18A \u2013 10A<\/li>\n<li>Ausgangsanschluss: 38mm (1 1\/2&#8243;) und 25mm (1&#8243;)<\/li>\n<li>Einlassanschluss: 19mm (3\/4&#8243;)<\/li>\n<\/ul>\n","protected":false},"excerpt":{"rendered":"<p>Toilette Ocean Luxury Standard 24v H385mm &#8211; Elektrische Toilet Ocean Luxury Standard 24v H385mm. Wir freuen uns, Ihnen das Ocean<\/p>\n","protected":false},"featured_media":5935992,"comment_status":"open","ping_status":"closed","template":"","meta":[],"product_brand":[3140],"product_cat":[1388],"product_tag":[],"class_list":{"0":"post-735285","1":"product","2":"type-product","3":"status-publish","4":"has-post-thumbnail","6":"product_brand-matromarine-de","7":"product_cat-marine-wcs","9":"first","10":"instock","11":"shipping-taxable","12":"purchasable","13":"product-type-simple"},"_links":{"self":[{"href":"https:\/\/stoic-curie.212-227-153-4.plesk.page\/de\/wp-json\/wp\/v2\/product\/735285","targetHints":{"allow":["GET"]}}],"collection":[{"href":"https:\/\/stoic-curie.212-227-153-4.plesk.page\/de\/wp-json\/wp\/v2\/product"}],"about":[{"href":"https:\/\/stoic-curie.212-227-153-4.plesk.page\/de\/wp-json\/wp\/v2\/types\/product"}],"replies":[{"embeddable":true,"href":"https:\/\/stoic-curie.212-227-153-4.plesk.page\/de\/wp-json\/wp\/v2\/comments?post=735285"}],"version-history":[{"count":0,"href":"https:\/\/stoic-curie.212-227-153-4.plesk.page\/de\/wp-json\/wp\/v2\/product\/735285\/revisions"}],"wp:featuredmedia":[{"embeddable":true,"href":"https:\/\/stoic-curie.212-227-153-4.plesk.page\/de\/wp-json\/wp\/v2\/media\/5935992"}],"wp:attachment":[{"href":"https:\/\/stoic-curie.212-227-153-4.plesk.page\/de\/wp-json\/wp\/v2\/media?parent=735285"}],"wp:term":[{"taxonomy":"product_brand","embeddable":true,"href":"https:\/\/stoic-curie.212-227-153-4.plesk.page\/de\/wp-json\/wp\/v2\/product_brand?post=735285"},{"taxonomy":"product_cat","embeddable":true,"href":"https:\/\/stoic-curie.212-227-153-4.plesk.page\/de\/wp-json\/wp\/v2\/product_cat?post=735285"},{"taxonomy":"product_tag","embeddable":true,"href":"https:\/\/stoic-curie.212-227-153-4.plesk.page\/de\/wp-json\/wp\/v2\/product_tag?post=735285"}],"curies":[{"name":"wp","href":"https:\/\/api.w.org\/{rel}","templated":true}]}}